{"id":61,"date":"2025-05-26T10:26:01","date_gmt":"2025-05-26T16:26:01","guid":{"rendered":"https:\/\/colon.gob.mx\/nuevo\/?page_id=61"},"modified":"2025-05-30T15:21:43","modified_gmt":"2025-05-30T21:21:43","slug":"home","status":"publish","type":"page","link":"https:\/\/colon.gob.mx\/nuevo\/","title":{"rendered":"Inicio"},"content":{"rendered":"<div class=\"ultp-shortcode\" data-postid=\"7989\"><div  class=\"wp-block-ultimate-post-heading ultp-block-bd4501 aligncenter\"><div class=\"ultp-block-wrapper\"><div class=\"ultp-heading-wrap ultp-heading-style21 ultp-heading-center\"><h2 class=\"ultp-heading-inner\"><span>Noticias<\/span><\/h2><div class=\"ultp-sub-heading\"><div class=\"ultp-sub-heading-inner\">Municipio de col\u00f3n 2024-2027<\/div><\/div><\/div><\/div><\/div>\n\n<div  class=\"ultp-post-grid-block wp-block-ultimate-post-post-grid-2 ultp-block-9deb20\"><div class=\"ultp-block-wrapper\"><div class=\"ultp-loading\"><div class=\"ultp-loading-blocks\" style=\"width:100%;height:100%;\"><div style=\"left: 0;top: 0;animation-delay:0s;\"><\/div><div style=\"left: 21px;top: 0;animation-delay:0.125s;\"><\/div><div style=\"left: 42px;top: 0;animation-delay:0.25s;\"><\/div><div style=\"left: 0;top: 21px;animation-delay:0.875s;\"><\/div><div style=\"left: 42px;top: 21px;animation-delay:0.375s;\"><\/div><div style=\"left: 0;top: 42px;animation-delay:0.75s;\"><\/div><div style=\"left: 42px;top: 42px;animation-delay:0.625s;\"><\/div><div style=\"left: 21px;top: 42px;animation-delay:0.5s;\"><\/div><\/div><\/div><div class=\"ultp-block-items-wrap ultp-block-row\"><div class=\"ultp-block-item post-id-1\"><div class=\"ultp-block-content-wrap ultp-block-content-overlay\"><div class=\"ultp-block-image ultp-block-image-zoomOut ultp-block-image-overlay ultp-block-image-custom\"><a href=\"https:\/\/colon.gob.mx\/nuevo\/hello-world\/\" ><img decoding=\"async\"  src=\"https:\/\/colon.gob.mx\/nuevo\/wp-content\/plugins\/ultimate-post\/assets\/img\/ultp-fallback-img.png\" alt=\"dummy-img\" \/><\/a><\/div><div class=\"ultp-block-content ultp-block-content-bottomPosition\"><div class=\"ultp-block-content-inner\"><div class=\"ultp-category-grid ultp-category-classic ultp-category-aboveTitle\"><div class=\"ultp-category-in\"><a class=\"ultp-cat-uncategorized\" href=\"https:\/\/colon.gob.mx\/nuevo\/category\/uncategorized\/\"  >Uncategorized<\/a><\/div><\/div><div class=\"ultp-block-meta ultp-block-meta-dot ultp-block-meta-noIcon\"><span class=\"ultp-block-date ultp-block-meta-element\">May 22, 2025<\/span><\/div><div class=\"ultp-block-excerpt\"><\/div><\/div><\/div><\/div><\/div><div class=\"ultp-block-item post-id-7856\"><div class=\"ultp-block-content-wrap ultp-block-content-overlay\"><div class=\"ultp-block-image ultp-block-image-zoomOut ultp-block-image-overlay ultp-block-image-custom\"><a href=\"https:\/\/colon.gob.mx\/nuevo\/llega-a-colon-dr-vagon-con-500-metros-de-servicios-de-salud-gratuitos\/\" ><img decoding=\"async\"  alt=\"Llega a Col\u00f3n Dr. Vag\u00f3n con 500 metros de servicios de salud gratuitos\"  src=\"https:\/\/colon.gob.mx\/nuevo\/wp-content\/uploads\/2025\/05\/Imagen-de-WhatsApp-2025-05-20-a-las-14.50.37_8edfd198-870x570.jpg\" \/><\/a><\/div><div class=\"ultp-block-content ultp-block-content-bottomPosition\"><div class=\"ultp-block-content-inner\"><div class=\"ultp-category-grid ultp-category-classic ultp-category-aboveTitle\"><div class=\"ultp-category-in\"><a class=\"ultp-cat-municipio\" href=\"https:\/\/colon.gob.mx\/nuevo\/category\/municipio\/\"  >MUNICIPIO<\/a><a class=\"ultp-cat-rueda-de-prensa\" href=\"https:\/\/colon.gob.mx\/nuevo\/category\/rueda-de-prensa\/\"  >CONFERENCIA<\/a><a class=\"ultp-cat-may-2025\" href=\"https:\/\/colon.gob.mx\/nuevo\/category\/may-2025\/\"  >May 2025<\/a><a class=\"ultp-cat-salud\" href=\"https:\/\/colon.gob.mx\/nuevo\/category\/salud\/\"  >SALUD<\/a><\/div><\/div><h3 class=\"ultp-block-title \"><a href=\"https:\/\/colon.gob.mx\/nuevo\/llega-a-colon-dr-vagon-con-500-metros-de-servicios-de-salud-gratuitos\/\" >Llega a Col\u00f3n Dr. Vag\u00f3n con 500 metros de servicios de salud gratuitos<\/a><\/h3><div class=\"ultp-block-meta ultp-block-meta-dot ultp-block-meta-noIcon\"><span class=\"ultp-block-date ultp-block-meta-element\">May 20, 2025<\/span><\/div><div class=\"ultp-block-excerpt\"><p>En la comunidad de Viborillas del 26 al 30 de mayo. El Presidente Municipal, Gaspar&hellip;<\/p>\n<\/div><\/div><\/div><\/div><\/div><div class=\"ultp-block-item post-id-7855\"><div class=\"ultp-block-content-wrap ultp-block-content-overlay\"><div class=\"ultp-block-image ultp-block-image-zoomOut ultp-block-image-overlay ultp-block-image-custom\"><a href=\"https:\/\/colon.gob.mx\/nuevo\/en-colon-arranca-really-educativo-con-motivo-del-dia-del-estudiante\/\" ><img decoding=\"async\"  alt=\"En Col\u00f3n, Arranca Really Educativo con motivo del D\u00eda del Estudiante\"  src=\"https:\/\/colon.gob.mx\/nuevo\/wp-content\/uploads\/2025\/05\/IMG-20250519-WA0024-scaled-1-870x570.jpg\" \/><\/a><\/div><div class=\"ultp-block-content ultp-block-content-bottomPosition\"><div class=\"ultp-block-content-inner\"><div class=\"ultp-category-grid ultp-category-classic ultp-category-aboveTitle\"><div class=\"ultp-category-in\"><a class=\"ultp-cat-municipio\" href=\"https:\/\/colon.gob.mx\/nuevo\/category\/municipio\/\"  >MUNICIPIO<\/a><a class=\"ultp-cat-may-2025\" href=\"https:\/\/colon.gob.mx\/nuevo\/category\/may-2025\/\"  >May 2025<\/a><a class=\"ultp-cat-sejuco\" href=\"https:\/\/colon.gob.mx\/nuevo\/category\/sejuco\/\"  >SEJUCO<\/a><\/div><\/div><h3 class=\"ultp-block-title \"><a href=\"https:\/\/colon.gob.mx\/nuevo\/en-colon-arranca-really-educativo-con-motivo-del-dia-del-estudiante\/\" >En Col\u00f3n, Arranca Really Educativo con motivo del D\u00eda del Estudiante<\/a><\/h3><div class=\"ultp-block-meta ultp-block-meta-dot ultp-block-meta-noIcon\"><span class=\"ultp-block-date ultp-block-meta-element\">May 19, 2025<\/span><\/div><div class=\"ultp-block-excerpt\"><p>Realizan Really Acad\u00e9mico en Telesecundaria de Pe\u00f1a Colorada. El Gobierno de Col\u00f3n, a trav\u00e9s de&hellip;<\/p>\n<\/div><\/div><\/div><\/div><\/div><div class=\"ultp-block-item post-id-7854\"><div class=\"ultp-block-content-wrap ultp-block-content-overlay\"><div class=\"ultp-block-image ultp-block-image-zoomOut ultp-block-image-overlay ultp-block-image-custom\"><a href=\"https:\/\/colon.gob.mx\/nuevo\/continua-colon-festejando-a-mamas-en-su-dia\/\" ><img decoding=\"async\"  alt=\"Continua Col\u00f3n Festejando a Mam\u00e1s en su D\u00eda\"  src=\"https:\/\/colon.gob.mx\/nuevo\/wp-content\/uploads\/2025\/05\/IMG-20250515-WA0060-scaled-1-870x570.jpg\" \/><\/a><\/div><div class=\"ultp-block-content ultp-block-content-bottomPosition\"><div class=\"ultp-block-content-inner\"><div class=\"ultp-category-grid ultp-category-classic ultp-category-aboveTitle\"><div class=\"ultp-category-in\"><a class=\"ultp-cat-may-2025\" href=\"https:\/\/colon.gob.mx\/nuevo\/category\/may-2025\/\"  >May 2025<\/a><a class=\"ultp-cat-municipio\" href=\"https:\/\/colon.gob.mx\/nuevo\/category\/municipio\/\"  >MUNICIPIO<\/a><a class=\"ultp-cat-smdif\" href=\"https:\/\/colon.gob.mx\/nuevo\/category\/smdif\/\"  >SMDIF<\/a><\/div><\/div><h3 class=\"ultp-block-title \"><a href=\"https:\/\/colon.gob.mx\/nuevo\/continua-colon-festejando-a-mamas-en-su-dia\/\" >Continua Col\u00f3n Festejando a Mam\u00e1s en su D\u00eda<\/a><\/h3><div class=\"ultp-block-meta ultp-block-meta-dot ultp-block-meta-noIcon\"><span class=\"ultp-block-date ultp-block-meta-element\">May 15, 2025<\/span><\/div><div class=\"ultp-block-excerpt\"><p>El Alcalde Gaspar Trueba Moncada convivi\u00f3 con familias de 8 comunidades de la parte sur&hellip;<\/p>\n<\/div><\/div><\/div><\/div><\/div><div class=\"ultp-block-item post-id-7677\"><div class=\"ultp-block-content-wrap ultp-block-content-overlay\"><div class=\"ultp-block-image ultp-block-image-zoomOut ultp-block-image-overlay ultp-block-image-custom\"><a href=\"https:\/\/colon.gob.mx\/nuevo\/celebra-gaspar-trueba-dia-del-maestro-colonense\/\" ><img decoding=\"async\"  alt=\"Celebra Gaspar Trueba D\u00eda del Maestro Colonense\"  src=\"https:\/\/colon.gob.mx\/nuevo\/wp-content\/uploads\/2025\/05\/IMG-20250514-WA0111-scaled-1-870x570.jpg\" \/><\/a><\/div><div class=\"ultp-block-content ultp-block-content-bottomPosition\"><div class=\"ultp-block-content-inner\"><div class=\"ultp-category-grid ultp-category-classic ultp-category-aboveTitle\"><div class=\"ultp-category-in\"><a class=\"ultp-cat-educacion\" href=\"https:\/\/colon.gob.mx\/nuevo\/category\/educacion\/\"  >EDUCACI\u00d3N<\/a><a class=\"ultp-cat-may-2025\" href=\"https:\/\/colon.gob.mx\/nuevo\/category\/may-2025\/\"  >May 2025<\/a><a class=\"ultp-cat-municipio\" href=\"https:\/\/colon.gob.mx\/nuevo\/category\/municipio\/\"  >MUNICIPIO<\/a><\/div><\/div><h3 class=\"ultp-block-title \"><a href=\"https:\/\/colon.gob.mx\/nuevo\/celebra-gaspar-trueba-dia-del-maestro-colonense\/\" >Celebra Gaspar Trueba D\u00eda del Maestro Colonense<\/a><\/h3><div class=\"ultp-block-meta ultp-block-meta-dot ultp-block-meta-noIcon\"><span class=\"ultp-block-date ultp-block-meta-element\">May 14, 2025<\/span><\/div><div class=\"ultp-block-excerpt\"><p>El Alcalde Gaspar Trueba Moncada se reuni\u00f3 con el sector magisterial del Municipio de Col\u00f3n&hellip;<\/p>\n<\/div><\/div><\/div><\/div><\/div><div class=\"ultp-block-item post-id-7667\"><div class=\"ultp-block-content-wrap ultp-block-content-overlay\"><div class=\"ultp-block-image ultp-block-image-zoomOut ultp-block-image-overlay ultp-block-image-custom\"><a href=\"https:\/\/colon.gob.mx\/nuevo\/anuncia-gaspar-trueba-establecer-consultorios-dignos-en-colon\/\" ><img decoding=\"async\"  alt=\"Anuncia Gaspar Trueba Establecer Consultorios Dignos en Col\u00f3n\"  src=\"https:\/\/colon.gob.mx\/nuevo\/wp-content\/uploads\/2025\/05\/IMG-20250514-WA0055-scaled-1-870x570.jpg\" \/><\/a><\/div><div class=\"ultp-block-content ultp-block-content-bottomPosition\"><div class=\"ultp-block-content-inner\"><div class=\"ultp-category-grid ultp-category-classic ultp-category-aboveTitle\"><div class=\"ultp-category-in\"><a class=\"ultp-cat-may-2025\" href=\"https:\/\/colon.gob.mx\/nuevo\/category\/may-2025\/\"  >May 2025<\/a><a class=\"ultp-cat-municipio\" href=\"https:\/\/colon.gob.mx\/nuevo\/category\/municipio\/\"  >MUNICIPIO<\/a><a class=\"ultp-cat-salud\" href=\"https:\/\/colon.gob.mx\/nuevo\/category\/salud\/\"  >SALUD<\/a><\/div><\/div><h3 class=\"ultp-block-title \"><a href=\"https:\/\/colon.gob.mx\/nuevo\/anuncia-gaspar-trueba-establecer-consultorios-dignos-en-colon\/\" >Anuncia Gaspar Trueba Establecer Consultorios Dignos en Col\u00f3n<\/a><\/h3><div class=\"ultp-block-meta ultp-block-meta-dot ultp-block-meta-noIcon\"><span class=\"ultp-block-date ultp-block-meta-element\">May 14, 2025<\/span><\/div><div class=\"ultp-block-excerpt\"><p>El Presidente Municipal, Gaspar Trueba Moncada, inaugur\u00f3 la Feria de Nutrici\u00f3n celebrada en el Jard\u00edn&hellip;<\/p>\n<\/div><\/div><\/div><\/div><\/div><div class=\"ultp-block-item post-id-7658\"><div class=\"ultp-block-content-wrap ultp-block-content-overlay\"><div class=\"ultp-block-image ultp-block-image-zoomOut ultp-block-image-overlay ultp-block-image-custom\"><a href=\"https:\/\/colon.gob.mx\/nuevo\/arranca-jornada-nacional-tequios-estudiantes-ejercito-y-presidencia-municipal-realizan-limpieza-y-reforestacion-del-rio-colon\/\" ><img decoding=\"async\"  alt=\"Arranca Jornada Nacional Tequios: Estudiantes, Ej\u00e9rcito y Presidencia Municipal\"  src=\"https:\/\/colon.gob.mx\/nuevo\/wp-content\/uploads\/2025\/05\/IMG-20250514-WA0016-scaled-1-870x570.jpg\" \/><\/a><\/div><div class=\"ultp-block-content ultp-block-content-bottomPosition\"><div class=\"ultp-block-content-inner\"><div class=\"ultp-category-grid ultp-category-classic ultp-category-aboveTitle\"><div class=\"ultp-category-in\"><a class=\"ultp-cat-federal\" href=\"https:\/\/colon.gob.mx\/nuevo\/category\/federal\/\"  >FEDERAL<\/a><a class=\"ultp-cat-may-2025\" href=\"https:\/\/colon.gob.mx\/nuevo\/category\/may-2025\/\"  >May 2025<\/a><a class=\"ultp-cat-municipio\" href=\"https:\/\/colon.gob.mx\/nuevo\/category\/municipio\/\"  >MUNICIPIO<\/a><\/div><\/div><h3 class=\"ultp-block-title \"><a href=\"https:\/\/colon.gob.mx\/nuevo\/arranca-jornada-nacional-tequios-estudiantes-ejercito-y-presidencia-municipal-realizan-limpieza-y-reforestacion-del-rio-colon\/\" >Arranca Jornada Nacional Tequios: Estudiantes, Ej\u00e9rcito y Presidencia Municipal<\/a><\/h3><div class=\"ultp-block-meta ultp-block-meta-dot ultp-block-meta-noIcon\"><span class=\"ultp-block-date ultp-block-meta-element\">May 14, 2025<\/span><\/div><div class=\"ultp-block-excerpt\"><p>El Alcalde Gaspar Trueba Moncada puso en marcha la jornada nacional de limpieza y reforestaci\u00f3n&hellip;<\/p>\n<\/div><\/div><\/div><\/div><\/div><div class=\"ultp-block-item post-id-7652\"><div class=\"ultp-block-content-wrap ultp-block-content-overlay\"><div class=\"ultp-block-image ultp-block-image-zoomOut ultp-block-image-overlay ultp-block-image-custom\"><a href=\"https:\/\/colon.gob.mx\/nuevo\/colon-cumple-con-transparencia-y-la-rendicion-de-cuentas\/\" ><img decoding=\"async\"  alt=\"Col\u00f3n cumple con transparencia y la rendici\u00f3n de cuentas\"  src=\"https:\/\/colon.gob.mx\/nuevo\/wp-content\/uploads\/2025\/05\/IMG-20250513-WA0021-scaled-1-870x570.jpg\" \/><\/a><\/div><div class=\"ultp-block-content ultp-block-content-bottomPosition\"><div class=\"ultp-block-content-inner\"><div class=\"ultp-category-grid ultp-category-classic ultp-category-aboveTitle\"><div class=\"ultp-category-in\"><a class=\"ultp-cat-may-2025\" href=\"https:\/\/colon.gob.mx\/nuevo\/category\/may-2025\/\"  >May 2025<\/a><a class=\"ultp-cat-municipio\" href=\"https:\/\/colon.gob.mx\/nuevo\/category\/municipio\/\"  >MUNICIPIO<\/a><\/div><\/div><h3 class=\"ultp-block-title \"><a href=\"https:\/\/colon.gob.mx\/nuevo\/colon-cumple-con-transparencia-y-la-rendicion-de-cuentas\/\" >Col\u00f3n cumple con transparencia y la rendici\u00f3n de cuentas<\/a><\/h3><div class=\"ultp-block-meta ultp-block-meta-dot ultp-block-meta-noIcon\"><span class=\"ultp-block-date ultp-block-meta-element\">May 13, 2025<\/span><\/div><div class=\"ultp-block-excerpt\"><p>Con el objetivo de garantizar la transparencia y la rendici\u00f3n de cuentas en la gesti\u00f3n&hellip;<\/p>\n<\/div><\/div><\/div><\/div><\/div><div class=\"ultp-block-item post-id-7642\"><div class=\"ultp-block-content-wrap ultp-block-content-overlay\"><div class=\"ultp-block-image ultp-block-image-zoomOut ultp-block-image-overlay ultp-block-image-custom\"><a href=\"https:\/\/colon.gob.mx\/nuevo\/visita-gaspar-trueba-9-comunidades-de-la-parte-alta-de-colon\/\" ><img decoding=\"async\"  alt=\"Visita Gaspar Trueba 9 comunidades de la parte alta de Col\u00f3n\"  src=\"https:\/\/colon.gob.mx\/nuevo\/wp-content\/uploads\/2025\/05\/IMG-20250511-WA0043-scaled-1-870x570.jpg\" \/><\/a><\/div><div class=\"ultp-block-content ultp-block-content-bottomPosition\"><div class=\"ultp-block-content-inner\"><div class=\"ultp-category-grid ultp-category-classic ultp-category-aboveTitle\"><div class=\"ultp-category-in\"><a class=\"ultp-cat-may-2025\" href=\"https:\/\/colon.gob.mx\/nuevo\/category\/may-2025\/\"  >May 2025<\/a><a class=\"ultp-cat-municipio\" href=\"https:\/\/colon.gob.mx\/nuevo\/category\/municipio\/\"  >MUNICIPIO<\/a><a class=\"ultp-cat-smdif\" href=\"https:\/\/colon.gob.mx\/nuevo\/category\/smdif\/\"  >SMDIF<\/a><\/div><\/div><h3 class=\"ultp-block-title \"><a href=\"https:\/\/colon.gob.mx\/nuevo\/visita-gaspar-trueba-9-comunidades-de-la-parte-alta-de-colon\/\" >Visita Gaspar Trueba 9 comunidades de la parte alta de Col\u00f3n<\/a><\/h3><div class=\"ultp-block-meta ultp-block-meta-dot ultp-block-meta-noIcon\"><span class=\"ultp-block-date ultp-block-meta-element\">May 11, 2025<\/span><\/div><div class=\"ultp-block-excerpt\"><p>El Presidente Municipal, Gaspar Trueba Moncada, llev\u00f3 a cabo una gira por 9 comunidades de&hellip;<\/p>\n<\/div><\/div><\/div><\/div><\/div><div class=\"ultp-block-item post-id-7632\"><div class=\"ultp-block-content-wrap ultp-block-content-overlay\"><div class=\"ultp-block-image ultp-block-image-zoomOut ultp-block-image-overlay ultp-block-image-custom\"><a href=\"https:\/\/colon.gob.mx\/nuevo\/gaspar-trueba-lleva-jornada-de-alcalde-en-movimiento-a-la-comunidad-ejido-patria\/\" ><img decoding=\"async\"  alt=\"Gaspar Trueba Lleva Jornada de &#8220;Alcalde en Movimiento&#8221; a la Comunidad Ejido Patria\"  src=\"https:\/\/colon.gob.mx\/nuevo\/wp-content\/uploads\/2025\/05\/IMG-20250509-WA0033-scaled-1-870x570.jpg\" \/><\/a><\/div><div class=\"ultp-block-content ultp-block-content-bottomPosition\"><div class=\"ultp-block-content-inner\"><div class=\"ultp-category-grid ultp-category-classic ultp-category-aboveTitle\"><div class=\"ultp-category-in\"><a class=\"ultp-cat-alcalde-en-comunidad\" href=\"https:\/\/colon.gob.mx\/nuevo\/category\/alcalde-en-comunidad\/\"  >ALCALDE EN COMUNIDAD<\/a><a class=\"ultp-cat-may-2025\" href=\"https:\/\/colon.gob.mx\/nuevo\/category\/may-2025\/\"  >May 2025<\/a><a class=\"ultp-cat-municipio\" href=\"https:\/\/colon.gob.mx\/nuevo\/category\/municipio\/\"  >MUNICIPIO<\/a><\/div><\/div><h3 class=\"ultp-block-title \"><a href=\"https:\/\/colon.gob.mx\/nuevo\/gaspar-trueba-lleva-jornada-de-alcalde-en-movimiento-a-la-comunidad-ejido-patria\/\" >Gaspar Trueba Lleva Jornada de &#8220;Alcalde en Movimiento&#8221; a la Comunidad Ejido Patria<\/a><\/h3><div class=\"ultp-block-meta ultp-block-meta-dot ultp-block-meta-noIcon\"><span class=\"ultp-block-date ultp-block-meta-element\">May 9, 2025<\/span><\/div><div class=\"ultp-block-excerpt\"><p>El Alcalde Gaspar Trueba Moncada encabez\u00f3 la Jornada de &#8220;Alcalde en Movimiento&#8221; en la Comunidad&hellip;<\/p>\n<\/div><\/div><\/div><\/div><\/div><\/div><\/div><div class=\"pagination-block-html\" aria-hidden=\"true\" style=\"display: none;\"><\/div><\/div><\/div>\n\n\n\n<div class=\"wp-block-uagb-container uagb-block-524b0482 default uagb-is-root-container\">\n<div class=\"wp-block-uagb-container uagb-block-8fd6fbb9\">\n<div class=\"wp-block-buttons is-content-justification-center is-layout-flex wp-container-core-buttons-is-layout-16018d1d wp-block-buttons-is-layout-flex\">\n<div class=\"wp-block-button is-style-fill\"><a class=\"wp-block-button__link has-background has-normal-font-size has-custom-font-size wp-element-button\" style=\"background-color:#8a559d\">Sistema Municipal DIF <\/a><\/div>\n<\/div>\n<\/div>\n\n\n\n<div class=\"wp-block-uagb-container uagb-block-f5c565ed\">\n<div class=\"wp-block-buttons is-content-justification-center is-layout-flex wp-container-core-buttons-is-layout-16018d1d wp-block-buttons-is-layout-flex\">\n<div class=\"wp-block-button\"><a class=\"wp-block-button__link wp-element-button\">Istituto Municipal de las Mujeres<\/a><\/div>\n<\/div>\n<\/div>\n<\/div>\n\n\n\n<p><\/p>\n","protected":false},"excerpt":{"rendered":"","protected":false},"author":1,"featured_media":0,"parent":0,"menu_order":0,"comment_status":"closed","ping_status":"closed","template":"elementor_header_footer","meta":{"om_disable_all_campaigns":false,"_uag_custom_page_level_css":"","_monsterinsights_skip_tracking":false,"_monsterinsights_sitenote_active":false,"_monsterinsights_sitenote_note":"","_monsterinsights_sitenote_category":0,"iawp_total_views":32,"footnotes":""},"class_list":["post-61","page","type-page","status-publish","hentry"],"uagb_featured_image_src":{"full":false,"thumbnail":false,"medium":false,"medium_large":false,"large":false,"1536x1536":false,"2048x2048":false,"ultp_layout_landscape_large":false,"ultp_layout_landscape":false,"ultp_layout_portrait":false,"ultp_layout_square":false,"post-thumbnail":false,"fluida-featured":false,"fluida-featured-lp":false,"fluida-featured-half":false,"fluida-featured-third":false,"fluida-header":false,"fluida-lpbox-1":false,"fluida-lpbox-2":false},"uagb_author_info":{"display_name":"admin1337","author_link":"https:\/\/colon.gob.mx\/nuevo\/author\/admin1337\/"},"uagb_comment_info":0,"uagb_excerpt":null,"_links":{"self":[{"href":"https:\/\/colon.gob.mx\/nuevo\/wp-json\/wp\/v2\/pages\/61","targetHints":{"allow":["GET"]}}],"collection":[{"href":"https:\/\/colon.gob.mx\/nuevo\/wp-json\/wp\/v2\/pages"}],"about":[{"href":"https:\/\/colon.gob.mx\/nuevo\/wp-json\/wp\/v2\/types\/page"}],"author":[{"embeddable":true,"href":"https:\/\/colon.gob.mx\/nuevo\/wp-json\/wp\/v2\/users\/1"}],"replies":[{"embeddable":true,"href":"https:\/\/colon.gob.mx\/nuevo\/wp-json\/wp\/v2\/comments?post=61"}],"version-history":[{"count":26,"href":"https:\/\/colon.gob.mx\/nuevo\/wp-json\/wp\/v2\/pages\/61\/revisions"}],"predecessor-version":[{"id":8004,"href":"https:\/\/colon.gob.mx\/nuevo\/wp-json\/wp\/v2\/pages\/61\/revisions\/8004"}],"wp:attachment":[{"href":"https:\/\/colon.gob.mx\/nuevo\/wp-json\/wp\/v2\/media?parent=61"}],"curies":[{"name":"wp","href":"https:\/\/api.w.org\/{rel}","templated":true}]}}