{"id":9430,"date":"2025-11-04T20:08:15","date_gmt":"2025-11-04T20:08:15","guid":{"rendered":"https:\/\/colon.gob.mx\/inicio\/?page_id=9430"},"modified":"2025-11-04T20:12:34","modified_gmt":"2025-11-04T20:12:34","slug":"aviso-de-privacidad-siaaps","status":"publish","type":"page","link":"https:\/\/colon.gob.mx\/inicio\/aviso-de-privacidad-siaaps\/","title":{"rendered":"Aviso de privacidad SIAAPS"},"content":{"rendered":"\t\t<div data-elementor-type=\"wp-page\" data-elementor-id=\"9430\" class=\"elementor elementor-9430\">\n\t\t\t\t\t\t<section class=\"elementor-section elementor-top-section elementor-element elementor-element-57aa148 elementor-section-boxed elementor-section-height-default elementor-section-height-default\" data-id=\"57aa148\" data-element_type=\"section\" data-e-type=\"section\">\n\t\t\t\t\t\t<div class=\"elementor-container elementor-column-gap-default\">\n\t\t\t\t\t<div class=\"elementor-column elementor-col-100 elementor-top-column elementor-element elementor-element-af15acc\" data-id=\"af15acc\" data-element_type=\"column\" data-e-type=\"column\">\n\t\t\t<div class=\"elementor-widget-wrap elementor-element-populated\">\n\t\t\t\t\t\t<div class=\"elementor-element elementor-element-7ddcc57 elementor-widget elementor-widget-html\" data-id=\"7ddcc57\" data-element_type=\"widget\" data-e-type=\"widget\" data-widget_type=\"html.default\">\n\t\t\t\t<div class=\"elementor-widget-container\">\n\t\t\t\t\t<style>\r\n    .aviso-privacidad-container {\r\n        width: 100%;\r\n        height: 100%;\r\n        padding: 0px;\r\n        background: #fff;\r\n        font-family: 'Segoe UI', Tahoma, Geneva, Verdana, sans-serif;\r\n        line-height: 1.6;\r\n        color: #333;\r\n        display: flex;\r\n        flex-direction: column;\r\n        box-sizing: border-box;\r\n    }\r\n\r\n    .aviso-header {\r\n        text-align: center;\r\n        margin-bottom: 30px;\r\n        padding-bottom: 20px;\r\n        border-bottom: 2px solid #68bd9d;\r\n    }\r\n\r\n    .aviso-header h1 {\r\n        color: #470a68;\r\n        font-size: 28px;\r\n        margin-bottom: 10px;\r\n        font-weight: 600;\r\n    }\r\n\r\n    .aviso-header h2 {\r\n        color: #ff7f41;\r\n        font-size: 20px;\r\n        font-weight: 500;\r\n    }\r\n\r\n    .aviso-body {\r\n        background: #f8f9fa;\r\n        padding: 10px;\r\n        border-radius: 8px;\r\n        margin-bottom: 30px;\r\n        border: 1px solid #eaeaea;\r\n        flex: 1;\r\n        overflow-y: auto;\r\n    }\r\n\r\n    .aviso-body p {\r\n        margin-bottom: 20px;\r\n        text-align: justify;\r\n    }\r\n\r\n    .aviso-footer {\r\n        display: flex;\r\n        justify-content: center;\r\n        padding-top: 20px;\r\n        border-top: 1px solid #68bd9d;\r\n    }\r\n\r\n    .btn-aceptar {\r\n        background: #470a68;\r\n        color: white;\r\n        border: none;\r\n        padding: 15px 50px;\r\n        border-radius: 8px;\r\n        cursor: pointer;\r\n        font-size: 18px;\r\n        font-weight: 600;\r\n        transition: all 0.3s ease;\r\n        min-width: 200px;\r\n    }\r\n\r\n    .btn-aceptar:hover {\r\n        background: #3a0855;\r\n        transform: translateY(-2px);\r\n        box-shadow: 0 6px 15px rgba(71, 10, 104, 0.4);\r\n    }\r\n\r\n    .ley-referencia {\r\n        font-size: 14px;\r\n        color: #68bd9d;\r\n        font-style: italic;\r\n        margin-top: 15px;\r\n        padding: 12px;\r\n        background: rgba(104, 189, 157, 0.1);\r\n        border-radius: 6px;\r\n        border-left: 3px solid #68bd9d;\r\n    }\r\n\r\n    .highlight {\r\n        color: #470a68;\r\n        font-weight: 600;\r\n    }\r\n\r\n    .accent-text {\r\n        color: #ff7f41;\r\n        font-weight: 500;\r\n    }\r\n<\/style>\r\n\r\n<div class=\"aviso-privacidad-container\">\r\n    <div class=\"aviso-header\">\r\n        <h1>AVISO DE PRIVACIDAD SIAAPS<\/h1>\r\n        <h2>Municipio de Col\u00f3n, Quer\u00e9taro<\/h2>\r\n    <\/div>\r\n    \r\n    <div class=\"aviso-body\">\r\n        <p><span class=\"highlight\">El Municipio de Col\u00f3n<\/span>, es el responsable del tratamiento de los datos personales que nos proporcione derivado del tr\u00e1mite de peticiones ciudadanas, asimismo se informa que los datos recabados ser\u00e1n canalizados a las diversas dependencias correspondientes de la Administraci\u00f3n P\u00fablica Federal, Estatal y Municipal, que corresponda, as\u00ed como a los \u00f3rganos desconcentrados del Poder Ejecutivo del Estado de Quer\u00e9taro y dem\u00e1s entidades competentes, con la finalidad de darles atenci\u00f3n y seguimiento.<\/p>\r\n        \r\n        <p>En caso de <span class=\"accent-text\">negativa para el tratamiento de sus datos personales<\/span> para esta finalidad, podr\u00e1 presentar su solicitud para el ejercicio de derechos ARCO a trav\u00e9s de la Plataforma Nacional de Transparencia o ante la Unidad de Transparencia de este Municipio de Col\u00f3n, Quer\u00e9taro.<\/p>\r\n        \r\n        <p>Manifiesto haber sido informado sobre el aviso de privacidad, as\u00ed como el alcance del mismo, por lo que se entender\u00e1 que otorgo mi consentimiento t\u00e1cito para transferencia de mis datos personales, en caso de as\u00ed referirse, con motivo de la atenci\u00f3n a mi solicitud, por parte de la dependencia competente, conforme a lo previsto en el art\u00edculo 16, 59, 61 de la Ley de Protecci\u00f3n de Datos personales en Posesi\u00f3n de Sujetos Obligados del Estado de Quer\u00e9taro.<\/p>\r\n        \r\n        <p class=\"ley-referencia\">Fundamento legal: Art\u00edculos 16, 59, 61 de la Ley de Protecci\u00f3n de Datos Personales en Posesi\u00f3n de Sujetos Obligados del Estado de Quer\u00e9taro<\/p>\r\n    <\/div>\r\n    \r\n    <div class=\"aviso-footer\">\r\n        <button class=\"btn-aceptar\" onclick=\"procesarAceptacion()\">Aceptar y Continuar<\/button>\r\n    <\/div>\r\n<\/div>\r\n\r\n<script>\r\n    function procesarAceptacion() {\r\n        \/\/ Mostrar mensaje de retroalimentaci\u00f3n\r\n        alert('\u00a1Gracias por aceptar el aviso de privacidad! Ser\u00e1 redirigido al inicio.');\r\n        \r\n        \/\/ Redireccionar al home\r\n        window.location.href = 'https:\/\/colon.gob.mx\/inicio\/';\r\n    }\r\n\r\n    \/\/ Asegurar que el contenedor ocupe todo el espacio disponible\r\n    document.addEventListener('DOMContentLoaded', function() {\r\n        const container = document.querySelector('.aviso-privacidad-container');\r\n        container.style.width = '100%';\r\n        container.style.height = '100%';\r\n        container.style.margin = '0';\r\n        container.style.padding = '40px';\r\n    });\r\n<\/script>\t\t\t\t<\/div>\n\t\t\t\t<\/div>\n\t\t\t\t\t<\/div>\n\t\t<\/div>\n\t\t\t\t\t<\/div>\n\t\t<\/section>\n\t\t\t\t<\/div>\n\t\t","protected":false},"excerpt":{"rendered":"<p>AVISO DE PRIVACIDAD SIAAPS Municipio de Col\u00f3n, Quer\u00e9taro El Municipio de Col\u00f3n, es el responsable del tratamiento de los datos personales que nos proporcione derivado del tr\u00e1mite de peticiones ciudadanas, asimismo se informa que los datos recabados ser\u00e1n canalizados a las diversas dependencias correspondientes de la Administraci\u00f3n P\u00fablica Federal, Estatal &hellip;<\/p>\n","protected":false},"author":1,"featured_media":0,"parent":0,"menu_order":0,"comment_status":"closed","ping_status":"closed","template":"","meta":{"footnotes":""},"class_list":["post-9430","page","type-page","status-publish","hentry"],"_links":{"self":[{"href":"https:\/\/colon.gob.mx\/inicio\/wp-json\/wp\/v2\/pages\/9430","targetHints":{"allow":["GET"]}}],"collection":[{"href":"https:\/\/colon.gob.mx\/inicio\/wp-json\/wp\/v2\/pages"}],"about":[{"href":"https:\/\/colon.gob.mx\/inicio\/wp-json\/wp\/v2\/types\/page"}],"author":[{"embeddable":true,"href":"https:\/\/colon.gob.mx\/inicio\/wp-json\/wp\/v2\/users\/1"}],"replies":[{"embeddable":true,"href":"https:\/\/colon.gob.mx\/inicio\/wp-json\/wp\/v2\/comments?post=9430"}],"version-history":[{"count":7,"href":"https:\/\/colon.gob.mx\/inicio\/wp-json\/wp\/v2\/pages\/9430\/revisions"}],"predecessor-version":[{"id":9437,"href":"https:\/\/colon.gob.mx\/inicio\/wp-json\/wp\/v2\/pages\/9430\/revisions\/9437"}],"wp:attachment":[{"href":"https:\/\/colon.gob.mx\/inicio\/wp-json\/wp\/v2\/media?parent=9430"}],"curies":[{"name":"wp","href":"https:\/\/api.w.org\/{rel}","templated":true}]}}