{"id":6830,"date":"2025-01-02T20:54:22","date_gmt":"2025-01-02T20:54:22","guid":{"rendered":"https:\/\/colon.gob.mx\/inicio\/?page_id=6830"},"modified":"2026-01-03T14:26:59","modified_gmt":"2026-01-03T20:26:59","slug":"predial","status":"publish","type":"page","link":"https:\/\/colon.gob.mx\/inicio\/predial\/","title":{"rendered":"Pago Predial"},"content":{"rendered":"\t\t<div data-elementor-type=\"wp-page\" data-elementor-id=\"6830\" class=\"elementor elementor-6830\">\n\t\t\t\t\t\t<section class=\"elementor-section elementor-top-section elementor-element elementor-element-733e8f2d elementor-section-boxed elementor-section-height-default elementor-section-height-default\" data-id=\"733e8f2d\" data-element_type=\"section\" data-e-type=\"section\">\n\t\t\t\t\t\t<div class=\"elementor-container elementor-column-gap-default\">\n\t\t\t\t\t<div class=\"elementor-column elementor-col-100 elementor-top-column elementor-element elementor-element-4a181f7\" data-id=\"4a181f7\" data-element_type=\"column\" data-e-type=\"column\">\n\t\t\t<div class=\"elementor-widget-wrap elementor-element-populated\">\n\t\t\t\t\t\t<div class=\"elementor-element elementor-element-5d7d999 elementor-widget elementor-widget-html\" data-id=\"5d7d999\" data-element_type=\"widget\" data-e-type=\"widget\" data-widget_type=\"html.default\">\n\t\t\t\t<div class=\"elementor-widget-container\">\n\t\t\t\t\t<section class=\"payment-section\">\r\n  <style>\r\n    \r\n    .payment-section h2 {\r\n      color: #470a68;\r\n      text-align: center;\r\n      font-size: 2.5rem;\r\n      margin: 2rem 0 1.5rem;\r\n      position: relative;\r\n    }\r\n    .payment-section h2.title::after {\r\n      content: '';\r\n      display: block;\r\n      width: 80px;\r\n      height: 4px;\r\n      background: #fd6125;\r\n      margin: 1rem auto 0;\r\n      border-radius: 2px;\r\n    }\r\n    .payment-section h3 {\r\n      color: #470a68;\r\n      text-align: center;\r\n      font-size: 1.9rem;\r\n      margin: 2.5rem 0 1rem;\r\n    }\r\n    .payment-section p {\r\n      text-align: center;\r\n      color: #555;\r\n      font-size: 1.1rem;\r\n      margin: 1rem 0;\r\n    }\r\n    .payment-section .gray-text {\r\n      color: #999999 !important;\r\n      font-size: 1.2rem;\r\n    }\r\n    .payment-section .bold-gray {\r\n      color: #999999;\r\n      font-size: 22px;\r\n      font-weight: 700;\r\n    }\r\n    .payment-section .steps-list {\r\n      list-style: none;\r\n      padding: 0;\r\n      margin: 2rem auto;\r\n      max-width: 450px;\r\n    }\r\n    .payment-section .steps-list li {\r\n      display: flex;\r\n      align-items: center;\r\n      margin: 0.2rem 0;\r\n      font-size: 1.25rem;\r\n      color: #470a68;\r\n      font-weight: 600;\r\n    }\r\n    .payment-section .steps-list i {\r\n      font-size: 1.2rem;\r\n      color: #68bd9d;\r\n      width: 30px;\r\n      text-align: center;\r\n    }\r\n    .payment-section .btn-primary,\r\n    .payment-section .btn-secondary {\r\n      display: block;\r\n      margin: 2.5rem auto 5rem;\r\n      padding: 0.7rem 1.5rem;\r\n      text-align: center;\r\n      text-decoration: none;\r\n      font-weight: bold;\r\n      font-size: 1rem;\r\n      border-radius: 50px;\r\n      max-width: 280px;\r\n      transition: all .3s;\r\n    }\r\n    .payment-section .btn-primary {\r\n      background: #fd6125;\r\n      color: #fff;\r\n    }\r\n    .payment-section .btn-primary:hover {\r\n      background: #ffbb17;\r\n      color: #470a68;\r\n    }\r\n    .payment-section .btn-secondary {\r\n      background: #470a68;\r\n      color: #fff;\r\n    }\r\n    .payment-section .btn-secondary:hover {\r\n      background: #68bd9d;\r\n    }\r\n    .payment-section .separator {\r\n      height: 2px;\r\n      background: linear-gradient(90deg, #fd6125, #ffbb17);\r\n      margin: 4rem auto;\r\n      width: 650px;\r\n      border-radius: 3px;\r\n    }\r\n    .payment-section img {\r\n      max-width: 100%;\r\n      height: auto;\r\n      display: block;\r\n      margin: 2.5rem auto;\r\n      border-radius: 0 0 10px 10px;\r\n    }\r\n    @media (max-width: 768px) {\r\n      .payment-section h2 { font-size: 2rem; }\r\n      .payment-section h3 { font-size: 1.6rem; }\r\n      .payment-section .steps-list li { font-size: 1.1rem; }\r\n      .payment-section .steps-list i { font-size: 1.8rem; width: 40px; }\r\n    }\r\n  <\/style>\r\n\r\n  <img decoding=\"async\" src=\"https:\/\/colon.gob.mx\/inicio\/wp-content\/uploads\/2026\/01\/WhatsApp-Image-2026-01-02-at-15.53.08-1024x576.jpeg\" alt=\"Pago en l\u00ednea\">\r\n\r\n  <h2>\u00bfSab\u00edas que puedes realizar tu pago sin salir de tu casa?<\/h2>\r\n\r\n  <h2 class=\"title\">CENTROS DE RECAUDACI\u00d3N MUNICIPAL<\/h2>\r\n  <p class=\"gray-text\">Acude a nuestras Cajas Recaudadoras en Presidencia Municipal<br>en Plaza H\u00e9roes de la Revoluci\u00f3n No. 1 Col. Centro, Col\u00f3n, Qro.<\/p>\r\n  <p class=\"gray-text\">\u2013 o \u2013<\/p>\r\n  <p class=\"gray-text\">Entra al portal de pago municipal<\/p>\r\n\r\n  <ul class=\"steps-list\">\r\n    <li><i class=\"fa-solid fa-circle-check\"><\/i> Ingresa a: https:\/\/colon.osx.mx<\/li>\r\n    <li><i class=\"fa-solid fa-circle-check\"><\/i> Inicia sesi\u00f3n o reg\u00edstrate<\/li>\r\n    <li><i class=\"fa-solid fa-circle-check\"><\/i> Consulta tu saldo<\/li>\r\n    <li><i class=\"fa-solid fa-circle-check\"><\/i> Realiza tu pago<\/li>\r\n  <\/ul>\r\n\r\n  <a href=\"https:\/\/colon.osx.mx\" target=\"_blank\" class=\"btn-primary\">\r\n    <i class=\"fa-solid fa-credit-card\"><\/i> PAGA EN L\u00cdNEA\r\n  <\/a>\r\n\r\n  <div class=\"separator\"><\/div>\r\n\r\n  <h3>Paga en <strong>RECAUDANET<\/strong> del Poder Ejecutivo del Estado de Quer\u00e9taro<\/h3>\r\n  <p class=\"bold-gray\">FORMAS DE PAGO AUTORIZADAS<\/p>\r\n  <p class=\"gray-text\">Efectivo, Cheque, Tarjeta de cr\u00e9dito o d\u00e9bito (excepto American Express) y Transferencia (SPEI).<\/p>\r\n\r\n  <a href=\"https:\/\/www.recaudanet.gob.mx\/derechosPredial\/predial.jsp\" target=\"_blank\" class=\"btn-secondary\">\r\n    PAGA EN L\u00cdNEA RECAUDANET\r\n  <\/a>\r\n\r\n  <img decoding=\"async\" src=\"https:\/\/colon.gob.mx\/inicio\/wp-content\/uploads\/2025\/01\/CINTILLOS-LOGOS@2x-1024x350.png\" alt=\"Logos\" style=\"max-width: 400px; margin-bottom: 5rem; display: block;\">\r\n  <img decoding=\"async\" src=\"https:\/\/colon.gob.mx\/inicio\/wp-content\/uploads\/2025\/01\/FOOTER-1024x298.png\" alt=\"Footer\" style=\"border-radius: 10px 10px 0 0\">\r\n<\/section>\t\t\t\t<\/div>\n\t\t\t\t<\/div>\n\t\t\t\t<div class=\"elementor-element elementor-element-58cea3cc elementor-hidden-desktop elementor-hidden-tablet elementor-hidden-mobile elementor-widget elementor-widget-text-editor\" data-id=\"58cea3cc\" data-element_type=\"widget\" data-e-type=\"widget\" data-widget_type=\"text-editor.default\">\n\t\t\t\t<div class=\"elementor-widget-container\">\n\t\t\t\t\t\t\t\t\t\n<div id=\"\u00bfSab\u00edas_que_puedes_realizar_tu_pago_sin_salir_de_tu_casa?\" class=\"wp-block-uagb-advanced-heading uagb-block-44e5d849\">\n<h2 class=\"uagb-heading-text\">\u00bfSab\u00edas que puedes realizar tu pago sin salir de tu casa?<\/h2>\n<\/div>\n\n<div id=\"CENTROS_DE_RECAUDACI\u00d3N_MUNICIPAL\" class=\"wp-block-uagb-advanced-heading uagb-block-8049125b\">\n<h2 class=\"uagb-heading-text\">CENTROS DE RECAUDACI\u00d3N MUNICIPAL<\/h2>\n<\/div>\n\n<p class=\"has-text-align-center has-text-color has-link-color wp-elements-1e15739d0582b0cb1aac17940ab0be8c\" style=\"color: #999999; font-size: 15px;\">Acude a nuestras Cajas Recaudadoras en Presidencia Municipal<br \/>en Plaza H\u00e9roes de la Revoluci\u00f3n No. 1 Col. Centro, Col\u00f3n, Gro.<\/p>\n\n<p class=\"has-text-align-center has-text-color has-link-color wp-elements-53b668597a79794872fb7027ec135586\" style=\"color: #999999; font-size: 15px;\">&#8211; o &#8211;<\/p>\n\n<p class=\"has-text-align-center has-text-color has-link-color wp-elements-ab81569a3279e229abcea0b06a29ef75\" style=\"color: #999999; font-size: 15px;\">Entra al portal de pago municipal<\/p>\n\n<div class=\"wp-block-ultimate-post-advanced-list ultp-block-6e50ba\">\n<ul class=\"ultp-list-wrapper ultp-list-layout1\">\n<li class=\"wp-block-ultimate-post-list ultp-block-65d986\">\n<div class=\"ultp-list-content\">\n<div class=\"ultp-listicon-bg\"><svg xmlns=\"http:\/\/www.w3.org\/2000\/svg\" fill=\"currentColor\" viewBox=\"0 0 24 24\">\n  <path fill-rule=\"evenodd\" d=\"M12 1.25C6.063 1.25 1.25 6.063 1.25 12S6.063 22.75 12 22.75 22.75 17.937 22.75 12 17.937 1.25 12 1.25Zm4.737 8.426a1 1 0 0 0-1.474-1.352l-4.794 5.23-1.762-1.761a1 1 0 0 0-1.414 1.414l2.5 2.5a1 1 0 0 0 1.444-.031l5.5-6Z\" clip-rule=\"evenodd\"\/>\n<\/svg>\n<\/div>\n<div class=\"ultp-list-title\">Ingresa a: https:\/\/colon.osx.mx<\/div>\n<\/div>\n<\/li>\n\n<li class=\"wp-block-ultimate-post-list ultp-block-c33ed3\">\n<div class=\"ultp-list-content\">\n<div class=\"ultp-listicon-bg\"><svg xmlns=\"http:\/\/www.w3.org\/2000\/svg\" fill=\"currentColor\" viewBox=\"0 0 24 24\">\n  <path fill-rule=\"evenodd\" d=\"M12 1.25C6.063 1.25 1.25 6.063 1.25 12S6.063 22.75 12 22.75 22.75 17.937 22.75 12 17.937 1.25 12 1.25Zm4.737 8.426a1 1 0 0 0-1.474-1.352l-4.794 5.23-1.762-1.761a1 1 0 0 0-1.414 1.414l2.5 2.5a1 1 0 0 0 1.444-.031l5.5-6Z\" clip-rule=\"evenodd\"\/>\n<\/svg>\n<\/div>\n<div class=\"ultp-list-title\">Inicia sesi\u00f3n o reg\u00edstrate<\/div>\n<\/div>\n<\/li>\n\n<li class=\"wp-block-ultimate-post-list ultp-block-facc1f\">\n<div class=\"ultp-list-content\">\n<div class=\"ultp-listicon-bg\"><svg xmlns=\"http:\/\/www.w3.org\/2000\/svg\" fill=\"currentColor\" viewBox=\"0 0 24 24\">\n  <path fill-rule=\"evenodd\" d=\"M12 1.25C6.063 1.25 1.25 6.063 1.25 12S6.063 22.75 12 22.75 22.75 17.937 22.75 12 17.937 1.25 12 1.25Zm4.737 8.426a1 1 0 0 0-1.474-1.352l-4.794 5.23-1.762-1.761a1 1 0 0 0-1.414 1.414l2.5 2.5a1 1 0 0 0 1.444-.031l5.5-6Z\" clip-rule=\"evenodd\"\/>\n<\/svg>\n<\/div>\n<div class=\"ultp-list-title\">Consulta tu saldo<\/div>\n<\/div>\n<\/li>\n\n<li class=\"wp-block-ultimate-post-list ultp-block-b3176d\">\n<div class=\"ultp-list-content\">\n<div class=\"ultp-listicon-bg\"><svg xmlns=\"http:\/\/www.w3.org\/2000\/svg\" fill=\"currentColor\" viewBox=\"0 0 24 24\">\n  <path fill-rule=\"evenodd\" d=\"M12 1.25C6.063 1.25 1.25 6.063 1.25 12S6.063 22.75 12 22.75 22.75 17.937 22.75 12 17.937 1.25 12 1.25Zm4.737 8.426a1 1 0 0 0-1.474-1.352l-4.794 5.23-1.762-1.761a1 1 0 0 0-1.414 1.414l2.5 2.5a1 1 0 0 0 1.444-.031l5.5-6Z\" clip-rule=\"evenodd\"\/>\n<\/svg>\n<\/div>\n<div class=\"ultp-list-title\">Realiza tu pago<\/div>\n<\/div>\n<\/li>\n<\/ul>\n<\/div>\n\n<div class=\"wp-block-uagb-buttons uagb-buttons__outer-wrap uagb-btn__default-btn uagb-btn-tablet__default-btn uagb-btn-mobile__default-btn uagb-block-8dc3cfcd\">\n<div class=\"uagb-buttons__wrap uagb-buttons-layout-wrap \">\n<div class=\"wp-block-uagb-buttons-child uagb-buttons__outer-wrap uagb-block-b881e36c wp-block-button\">\n<div class=\"uagb-button__wrapper\">\n<div class=\"uagb-button__link\">PAGA EN L\u00cdNEA<\/div>\n<\/div>\n<\/div>\n<\/div>\n<\/div>\n\n<div class=\"wp-block-uagb-separator uagb-block-45bba7f3\">\n<div class=\"uagb-separator-spacing-wrapper\">\n<div class=\"wp-block-uagb-separator__inner\">\u00a0<\/div>\n<\/div>\n<\/div>\n\n<div id=\"Paga_en_RECAUDANET_del_Poder_Ejecutivo_del_Estado_de_Quer\u00e9taro\" class=\"wp-block-uagb-advanced-heading uagb-block-495c913b\">\n<h3 class=\"uagb-heading-text\">Paga en <strong>RECAUDANET <\/strong>del Poder Ejecutivo del Estado de Quer\u00e9taro<\/h3>\n<\/div>\n\n<p class=\"has-text-align-center has-text-color has-link-color wp-elements-e94c7ce374fb59a7c44f22c3c45e2728\" style=\"color: #999999; font-size: 22px; font-style: normal; font-weight: bold;\">FORMAS DE PAGO AUTORIZADAS<\/p>\n\n<p class=\"has-text-align-center has-text-color has-link-color wp-elements-38a306fa65619c94e910430f1ebd12de\" style=\"color: #999999; font-size: 15px;\">Efectivo, Cheque, Tarjeta de cr\u00e9dito o d\u00e9bito (excepto American Express) y Transferencia (SPEI).<\/p>\n\n<div class=\"wp-block-uagb-buttons uagb-buttons__outer-wrap uagb-btn__default-btn uagb-btn-tablet__default-btn uagb-btn-mobile__default-btn uagb-block-06ec17f2\">\n<div class=\"uagb-buttons__wrap uagb-buttons-layout-wrap \">\n<div class=\"wp-block-uagb-buttons-child uagb-buttons__outer-wrap uagb-block-52b4fef2 wp-block-button\">\n<div class=\"uagb-button__wrapper\">\n<div class=\"uagb-button__link\">PAGA EN L\u00cdNEA RECAUDANET<\/div>\n<\/div>\n<\/div>\n<\/div>\n<\/div>\n\n<div class=\"wp-block-uagb-image aligncenter uagb-block-0953e168 wp-block-uagb-image--layout-default wp-block-uagb-image--effect-static wp-block-uagb-image--align-center\">\n<figure class=\"wp-block-uagb-image__figure\"><img fetchpriority=\"high\" decoding=\"async\" class=\"uag-image-6875\" title=\"CINTILLOS-LOGOS@2x\" role=\"img\" src=\"https:\/\/colon.gob.mx\/inicio\/wp-content\/uploads\/2025\/01\/CINTILLOS-LOGOS@2x-1024x350.png\" sizes=\"(max-width: 480px) 150px\" srcset=\"https:\/\/colon.gob.mx\/inicio\/wp-content\/uploads\/2025\/01\/CINTILLOS-LOGOS@2x-1024x350.png ,https:\/\/colon.gob.mx\/inicio\/wp-content\/uploads\/2025\/01\/CINTILLOS-LOGOS@2x-1024x350.png 780w, https:\/\/colon.gob.mx\/inicio\/wp-content\/uploads\/2025\/01\/CINTILLOS-LOGOS@2x.png 360w\" alt=\"\" width=\"1024\" height=\"150\" \/><\/figure>\n<\/div>\n\n<div class=\"wp-block-uagb-image uagb-block-bbc4a1e2 wp-block-uagb-image--layout-default wp-block-uagb-image--effect-static wp-block-uagb-image--align-none\">\n<figure class=\"wp-block-uagb-image__figure\"><img decoding=\"async\" class=\"uag-image-6900\" title=\"FOOTER\" role=\"img\" src=\"https:\/\/colon.gob.mx\/inicio\/wp-content\/uploads\/2025\/01\/FOOTER-1024x298.png\" sizes=\"(max-width: 480px) 150px\" srcset=\"https:\/\/colon.gob.mx\/inicio\/wp-content\/uploads\/2025\/01\/FOOTER-1024x298.png ,https:\/\/colon.gob.mx\/inicio\/wp-content\/uploads\/2025\/01\/FOOTER.png 780w, https:\/\/colon.gob.mx\/inicio\/wp-content\/uploads\/2025\/01\/FOOTER.png 360w\" alt=\"\" width=\"1024\" height=\"298\" \/><\/figure>\n<\/div>\n\n<p>\u00a0<\/p>\n\t\t\t\t\t\t\t\t<\/div>\n\t\t\t\t<\/div>\n\t\t\t\t\t<\/div>\n\t\t<\/div>\n\t\t\t\t\t<\/div>\n\t\t<\/section>\n\t\t\t\t<\/div>\n\t\t","protected":false},"excerpt":{"rendered":"<p>\u00bfSab\u00edas que puedes realizar tu pago sin salir de tu casa? CENTROS DE RECAUDACI\u00d3N MUNICIPAL Acude a nuestras Cajas Recaudadoras en Presidencia Municipalen Plaza H\u00e9roes de la Revoluci\u00f3n No. 1 Col. Centro, Col\u00f3n, Qro. \u2013 o \u2013 Entra al portal de pago municipal Ingresa a: https:\/\/colon.osx.mx Inicia sesi\u00f3n o reg\u00edstrate &hellip;<\/p>\n","protected":false},"author":2,"featured_media":0,"parent":0,"menu_order":0,"comment_status":"closed","ping_status":"closed","template":"","meta":{"footnotes":""},"class_list":["post-6830","page","type-page","status-publish","hentry"],"_links":{"self":[{"href":"https:\/\/colon.gob.mx\/inicio\/wp-json\/wp\/v2\/pages\/6830","targetHints":{"allow":["GET"]}}],"collection":[{"href":"https:\/\/colon.gob.mx\/inicio\/wp-json\/wp\/v2\/pages"}],"about":[{"href":"https:\/\/colon.gob.mx\/inicio\/wp-json\/wp\/v2\/types\/page"}],"author":[{"embeddable":true,"href":"https:\/\/colon.gob.mx\/inicio\/wp-json\/wp\/v2\/users\/2"}],"replies":[{"embeddable":true,"href":"https:\/\/colon.gob.mx\/inicio\/wp-json\/wp\/v2\/comments?post=6830"}],"version-history":[{"count":58,"href":"https:\/\/colon.gob.mx\/inicio\/wp-json\/wp\/v2\/pages\/6830\/revisions"}],"predecessor-version":[{"id":10848,"href":"https:\/\/colon.gob.mx\/inicio\/wp-json\/wp\/v2\/pages\/6830\/revisions\/10848"}],"wp:attachment":[{"href":"https:\/\/colon.gob.mx\/inicio\/wp-json\/wp\/v2\/media?parent=6830"}],"curies":[{"name":"wp","href":"https:\/\/api.w.org\/{rel}","templated":true}]}}