{"id":534,"date":"2019-06-24T19:17:59","date_gmt":"2019-06-24T19:17:59","guid":{"rendered":"https:\/\/colon.gob.mx\/inicio\/?page_id=534"},"modified":"2025-12-30T20:10:58","modified_gmt":"2025-12-30T20:10:58","slug":"padron-inspectores","status":"publish","type":"page","link":"https:\/\/colon.gob.mx\/inicio\/padron-inspectores\/","title":{"rendered":"Padr\u00f3n de Inspectores"},"content":{"rendered":"\t\t<div data-elementor-type=\"wp-post\" data-elementor-id=\"534\" class=\"elementor elementor-534\">\n\t\t\t\t\t\t<section class=\"elementor-section elementor-top-section elementor-element elementor-element-9834fcf elementor-section-boxed elementor-section-height-default elementor-section-height-default\" data-id=\"9834fcf\" data-element_type=\"section\" data-e-type=\"section\">\n\t\t\t\t\t\t<div class=\"elementor-container elementor-column-gap-default\">\n\t\t\t\t\t<div class=\"elementor-column elementor-col-100 elementor-top-column elementor-element elementor-element-0d0b9da\" data-id=\"0d0b9da\" data-element_type=\"column\" data-e-type=\"column\">\n\t\t\t<div class=\"elementor-widget-wrap elementor-element-populated\">\n\t\t\t\t\t\t<div class=\"elementor-element elementor-element-08fec25 elementor-widget elementor-widget-html\" data-id=\"08fec25\" data-element_type=\"widget\" data-e-type=\"widget\" data-widget_type=\"html.default\">\n\t\t\t\t<div class=\"elementor-widget-container\">\n\t\t\t\t\t<style>\r\n  .gcuenta-padron {\r\n    background: #fff;\r\n    border-left: 6px solid #470a68;\r\n    padding: 2rem;\r\n    margin: 0 0 2.5rem;\r\n    border-radius: 0 .75rem .75rem .75rem;\r\n    box-shadow: 0 4px 14px rgba(71, 10, 104, .1);\r\n    max-width: 100%;\r\n  }\r\n  .gcuenta-padron__inner {\r\n    margin: 0 auto;\r\n    text-align: left;\r\n  }\r\n  .gcuenta-padron__icon {\r\n    text-align: center;\r\n    margin-bottom: 3rem;\r\n    width: 300px;\r\n    margin-left: auto;\r\n    margin-right: auto;\r\n  }\r\n  .gcuenta-padron__icon::after {\r\n    content: '';\r\n    display: block;\r\n    width: 100px;\r\n    height: 4px;\r\n    background: #fd6125;\r\n    margin: .75rem auto 0;\r\n    border-radius: 2px;\r\n  }\r\n  .gcuenta-padron-icon {\r\n    font-size: 3rem;\r\n    color: #470a68;\r\n    opacity: .95;\r\n  }\r\n  .gcuenta-padron__title {\r\n    font-size: 2.1rem;\r\n    font-weight: 700;\r\n    color: #470a68;\r\n    margin: 0 0 .5rem;\r\n    text-align: center;\r\n    position: relative;\r\n  }\r\n  .gcuenta-padron__subtitle {\r\n    text-align: center;\r\n    font-size: 1.25rem;\r\n    color: #470a68;\r\n    margin-bottom: 1.5rem;\r\n    font-weight: 600;\r\n  }\r\n  .gcuenta-padron__desc {\r\n    font-size: 1.05rem;\r\n    line-height: 1.7;\r\n    color: #333;\r\n    margin-bottom: 1.2rem;\r\n  }\r\n  .gcuenta-padron__desc p {\r\n    margin: 0 0 1rem;\r\n  }\r\n  .gcuenta-padron__desc strong {\r\n    color: #470a68;\r\n    font-weight: 600;\r\n  }\r\n  .gcuenta-padron__desc em {\r\n    font-style: italic;\r\n    color: #555;\r\n  }\r\n  .gcuenta-padron__note {\r\n    display: flex;\r\n    align-items: center;\r\n    gap: .75rem;\r\n    background: #e8f5f0;\r\n    padding: .9rem 1.2rem;\r\n    border-radius: .5rem;\r\n    font-size: .95rem;\r\n    color: #68bd9d;\r\n    border: 1px solid #a8e6cf;\r\n    font-weight: 500;\r\n  }\r\n  .gcuenta-padron__note i {\r\n    font-size: 1.1rem;\r\n    color: #68bd9d;\r\n  }\r\n  \/* Responsive *\/\r\n  @media (max-width: 768px) {\r\n    .gcuenta-padron {\r\n      padding: 1.5rem;\r\n    }\r\n    .gcuenta-padron__title {\r\n      font-size: 1.8rem;\r\n    }\r\n    .gcuenta-padron-icon {\r\n      font-size: 2.5rem;\r\n    }\r\n    .gcuenta-padron__subtitle {\r\n      font-size: 1.15rem;\r\n    }\r\n    .gcuenta-padron__desc {\r\n      font-size: 1rem;\r\n    }\r\n  }\r\n  @media (max-width: 480px) {\r\n    .gcuenta-padron__note {\r\n      flex-direction: column;\r\n      text-align: center;\r\n      font-size: .9rem;\r\n    }\r\n    .gcuenta-padron__title {\r\n      font-size: 1.6rem;\r\n    }\r\n  }\r\n<\/style>\r\n\r\n<section class=\"gcuenta-padron\">\r\n  <div class=\"gcuenta-padron__inner\">\r\n    <!-- Icono institucional -->\r\n    <div class=\"gcuenta-padron__icon\">\r\n      <i class=\"fa-solid fa-user-magnifying-glass gcuenta-padron-icon\"><\/i>\r\n    <\/div>\r\n    <!-- T\u00edtulo principal -->\r\n    <h2 class=\"gcuenta-padron__title\">\r\n      Padr\u00f3n de Inspectores, Verificadores y\/o Visitadores Domiciliarios del Municipio de Col\u00f3n\r\n    <\/h2>\r\n    <!-- Descripci\u00f3n como subt\u00edtulo -->\r\n    <div class=\"gcuenta-padron__subtitle\">\r\n      <strong>Directorio oficial de personal autorizado para realizar inspecciones, verificaciones y visitas domiciliarias<\/strong>\r\n    <\/div>\r\n    <!-- Descripci\u00f3n completa -->\r\n    <div class=\"gcuenta-padron__desc\">\r\n      <p>\r\n        Este padr\u00f3n contiene la relaci\u00f3n actualizada de los servidores p\u00fablicos facultados para llevar a cabo actos de inspecci\u00f3n, \r\n        verificaci\u00f3n y visitas domiciliarias en el Municipio de Col\u00f3n, conforme a la normatividad vigente en materia de Mejora Regulatoria.\r\n      <\/p>\r\n      <p>\r\n        Su publicaci\u00f3n garantiza la <em>transparencia, legalidad y seguridad jur\u00eddica<\/em> en los procedimientos administrativos, \r\n        permitiendo a los ciudadanos verificar la legitimidad del personal que realiza estas funciones.\r\n      <\/p>\r\n    <\/div>\r\n    <!-- Nota -->\r\n    <div class=\"gcuenta-padron__note\">\r\n      <i class=\"fa-solid fa-circle-info\"><\/i>\r\n      <span>Informaci\u00f3n oficial vigente | Actualizaci\u00f3n peri\u00f3dica conforme a disposiciones municipales<\/span>\r\n    <\/div>\r\n  <\/div>\r\n<\/section>\t\t\t\t<\/div>\n\t\t\t\t<\/div>\n\t\t\t\t<div class=\"elementor-element elementor-element-fab47cc elementor-widget elementor-widget-html\" data-id=\"fab47cc\" data-element_type=\"widget\" data-e-type=\"widget\" data-widget_type=\"html.default\">\n\t\t\t\t<div class=\"elementor-widget-container\">\n\t\t\t\t\t<section class=\"padron-descargas\">\r\n  <div class=\"padron-intro\">\r\n    <h2 class=\"padron-intro__title\">Padr\u00f3n de Inspectores, Verificadores y Visitadores Domiciliarios<\/h2>\r\n  <\/div>\r\n\r\n  <table class=\"gaccordion-table\">\r\n    <colgroup>\r\n      <col class=\"gaccordion-numeration\" \/>\r\n      <col class=\"gaccordion-title\" \/>\r\n      <col class=\"gaccordion-download\" \/>\r\n    <\/colgroup>\r\n    <thead>\r\n      <tr>\r\n        <th class=\"gaccordion-numeration\">#<\/th>\r\n        <th class=\"gaccordion-title\">ARCHIVO<\/th>\r\n        <th class=\"gaccordion-download\">Descargar<\/th>\r\n      <\/tr>\r\n    <\/thead>\r\n    <tbody>\r\n      <tr>\r\n        <td class=\"gaccordion-numeration\"><\/td>\r\n        <td class=\"gaccordion-title\">INSPECTORES SECRETAR\u00cdA DESARROLLO URBANO Y ECOLOG\u00cdA<\/td>\r\n        <td class=\"gaccordion-download\">\r\n          <a href=\"https:\/\/colon.gob.mx\/include\/pdf\/informacion publica\/MEJORA-REGULATORIA\/INSPECTORES SECRETAR\u00cdA DESARROLLO URBANO Y ECOLOG\u00cdA.xlsx\" target=\"_blank\" rel=\"noopener noreferrer\" class=\"gaccordion-excel\" aria-label=\"Descargar Excel\">\r\n            <i class=\"fa-solid fa-file-excel\"><\/i>\r\n          <\/a>\r\n        <\/td>\r\n      <\/tr>\r\n      <tr>\r\n        <td class=\"gaccordion-numeration\"><\/td>\r\n        <td class=\"gaccordion-title\">INSPECTORES DE LA SECRETAR\u00cdA DE FINANZAS<\/td>\r\n        <td class=\"gaccordion-download\">\r\n          <a href=\"https:\/\/colon.gob.mx\/include\/pdf\/informacion publica\/MEJORA-REGULATORIA\/Inspectores de la Secretar\u00eda de finanzas.xlsx\" target=\"_blank\" rel=\"noopener noreferrer\" class=\"gaccordion-excel\" aria-label=\"Descargar Excel\">\r\n            <i class=\"fa-solid fa-file-excel\"><\/i>\r\n          <\/a>\r\n        <\/td>\r\n      <\/tr>\r\n      <tr>\r\n        <td class=\"gaccordion-numeration\"><\/td>\r\n        <td class=\"gaccordion-title\">INSPECTORES DE UNIDAD DE INSPECCI\u00d3N<\/td>\r\n        <td class=\"gaccordion-download\">\r\n          <a href=\"https:\/\/colon.gob.mx\/include\/pdf\/informacion publica\/MEJORA-REGULATORIA\/Inspectores de Unidad&nbsp;de&nbsp;inspecci\u00f3n.xlsx\" target=\"_blank\" rel=\"noopener noreferrer\" class=\"gaccordion-excel\" aria-label=\"Descargar Excel\">\r\n            <i class=\"fa-solid fa-file-excel\"><\/i>\r\n          <\/a>\r\n        <\/td>\r\n      <\/tr>\r\n    <\/tbody>\r\n  <\/table>\r\n<\/section>\r\n\r\n<script>\r\n  \/\/ Numeraci\u00f3n autom\u00e1tica de filas\r\n  function updateRowNumbers() {\r\n    const rows = document.querySelectorAll('.gaccordion-table tbody tr');\r\n    rows.forEach((row, index) => {\r\n      const numCell = row.querySelector('.gaccordion-numeration');\r\n      if (numCell) {\r\n        numCell.textContent = index + 1;\r\n      }\r\n    });\r\n  }\r\n  document.addEventListener('DOMContentLoaded', updateRowNumbers);\r\n<\/script>\t\t\t\t<\/div>\n\t\t\t\t<\/div>\n\t\t\t\t<div class=\"elementor-element elementor-element-4d6f3ed elementor-widget elementor-widget-html\" data-id=\"4d6f3ed\" data-element_type=\"widget\" data-e-type=\"widget\" data-widget_type=\"html.default\">\n\t\t\t\t<div class=\"elementor-widget-container\">\n\t\t\t\t\t<!-- ==================== FOOTER PROGRAMA ANUAL DE EVALUACI\u00d3N ==================== -->\r\n<footer class=\"gcuenta-footer-simple\">\r\n  <div class=\"gcuenta-footer-simple__inner\">\r\n    <p class=\"gcuenta-footer-simple__update\">\r\n      \u00daltima actualizaci\u00f3n: <strong>diciembre de 2025<\/strong>\r\n    <\/p>\r\n    <p class=\"gcuenta-footer-simple__note\">\r\n      Informaci\u00f3n sujeta a evaluaci\u00f3n y verificaci\u00f3n por las <em>autoridades competentes<\/em>.\r\n    <\/p>\r\n    <p class=\"gcuenta-footer-simple__credit\">\r\n      H. Ayuntamiento de Col\u00f3n, Quer\u00e9taro | 2024 \u2013 2027\r\n    <\/p>\r\n  <\/div>\r\n<\/footer>\r\n\r\n<style>\r\n  .gcuenta-footer-simple {\r\n    background: #f8f9fa;\r\n    border-top: 1px solid #e9ecef;\r\n    padding: 1.5rem 1rem;\r\n    margin: 2rem 0;\r\n    font-size: .875rem;\r\n    color: #555;\r\n    text-align: center;\r\n  }\r\n  .gcuenta-footer-simple__inner {\r\n    max-width: 900px;\r\n    margin: 0 auto;\r\n  }\r\n  .gcuenta-footer-simple__update,\r\n  .gcuenta-footer-simple__note,\r\n  .gcuenta-footer-simple__credit {\r\n    margin: 0 0 .75rem;\r\n    line-height: 1.5;\r\n  }\r\n  .gcuenta-footer-simple__update strong {\r\n    color: #333;\r\n    font-weight: 600;\r\n  }\r\n  .gcuenta-footer-simple__note em {\r\n    font-style: italic;\r\n    color: #444;\r\n  }\r\n  .gcuenta-footer-simple__credit {\r\n    font-size: .8rem;\r\n    color: #777;\r\n    margin-bottom: 0;\r\n  }\r\n  @media (max-width: 480px) {\r\n    .gcuenta-footer-simple {\r\n      padding: 1.25rem .75rem;\r\n      font-size: .8rem;\r\n    }\r\n  }\r\n<\/style>\t\t\t\t<\/div>\n\t\t\t\t<\/div>\n\t\t\t\t\t<\/div>\n\t\t<\/div>\n\t\t\t\t\t<\/div>\n\t\t<\/section>\n\t\t\t\t<section class=\"elementor-section elementor-top-section elementor-element elementor-element-de4a620 elementor-section-full_width elementor-hidden-desktop elementor-hidden-tablet elementor-hidden-mobile elementor-section-height-default elementor-section-height-default\" data-id=\"de4a620\" data-element_type=\"section\" data-e-type=\"section\" data-settings=\"{&quot;background_background&quot;:&quot;classic&quot;}\">\n\t\t\t\t\t\t<div class=\"elementor-container elementor-column-gap-default\">\n\t\t\t\t\t<div class=\"elementor-column elementor-col-100 elementor-top-column elementor-element elementor-element-f758821\" data-id=\"f758821\" data-element_type=\"column\" data-e-type=\"column\">\n\t\t\t<div class=\"elementor-widget-wrap elementor-element-populated\">\n\t\t\t\t\t\t<div class=\"elementor-element elementor-element-b46a62d elementor-widget elementor-widget-text-editor\" data-id=\"b46a62d\" data-element_type=\"widget\" data-e-type=\"widget\" data-widget_type=\"text-editor.default\">\n\t\t\t\t<div class=\"elementor-widget-container\">\n\t\t\t\t\t\t\t\t\t<div class=\"table_component\" tabindex=\"0\" role=\"region\">\n<table>\n<thead>\n<tr>\n<th>\nARCHIVO<\/th>\n<th>\nDESCARGA<\/th>\n<\/tr>\n<\/thead>\n<tbody>\n<tr>\n<td>INSPECTORES SECRETAR\u00cdA DESARROLLO URBANO Y ECOLOG\u00cdA<\/td>\n<td><a href=\"https:\/\/colon.gob.mx\/include\/pdf\/informacion publica\/MEJORA-REGULATORIA\/INSPECTORES SECRETAR\u00cdA DESARROLLO URBANO Y ECOLOG\u00cdA.xlsx\"><img decoding=\"async\" src=\"https:\/\/colon.gob.mx\/images\/excel.png\" \/><\/a><\/td>\n<\/tr>\n<tr>\n<td>INSPECTORES DE LA SECRETAR\u00cdA DE FINANZAS<\/td>\n<td><a href=\"https:\/\/colon.gob.mx\/include\/pdf\/informacion publica\/MEJORA-REGULATORIA\/Inspectores de la Secretar\u00eda de finanzas.xlsx\"><img decoding=\"async\" src=\"https:\/\/colon.gob.mx\/images\/excel.png\" \/><\/a><\/td>\n<\/tr>\n<tr>\n<td>INSPECTORES DE UNIDAD\u00a0DE\u00a0INSPECCI\u00d3N<\/td>\n<td><a href=\"https:\/\/colon.gob.mx\/include\/pdf\/informacion publica\/MEJORA-REGULATORIA\/Inspectores de Unidad\u00a0de\u00a0inspecci\u00f3n.xlsx\"><img decoding=\"async\" src=\"https:\/\/colon.gob.mx\/images\/excel.png\" \/><\/a><\/td>\n<\/tr>\n<\/tbody>\n<\/table>\n<\/div>\t\t\t\t\t\t\t\t<\/div>\n\t\t\t\t<\/div>\n\t\t\t\t\t<\/div>\n\t\t<\/div>\n\t\t\t\t\t<\/div>\n\t\t<\/section>\n\t\t\t\t<\/div>\n\t\t","protected":false},"excerpt":{"rendered":"<p>Padr\u00f3n de Inspectores, Verificadores y\/o Visitadores Domiciliarios del Municipio de Col\u00f3n Directorio oficial de personal autorizado para realizar inspecciones, verificaciones y visitas domiciliarias Este padr\u00f3n contiene la relaci\u00f3n actualizada de los servidores p\u00fablicos facultados para llevar a cabo actos de inspecci\u00f3n, verificaci\u00f3n y visitas domiciliarias en el Municipio de Col\u00f3n, &hellip;<\/p>\n","protected":false},"author":1,"featured_media":0,"parent":0,"menu_order":0,"comment_status":"closed","ping_status":"closed","template":"","meta":{"footnotes":""},"class_list":["post-534","page","type-page","status-publish","hentry"],"_links":{"self":[{"href":"https:\/\/colon.gob.mx\/inicio\/wp-json\/wp\/v2\/pages\/534","targetHints":{"allow":["GET"]}}],"collection":[{"href":"https:\/\/colon.gob.mx\/inicio\/wp-json\/wp\/v2\/pages"}],"about":[{"href":"https:\/\/colon.gob.mx\/inicio\/wp-json\/wp\/v2\/types\/page"}],"author":[{"embeddable":true,"href":"https:\/\/colon.gob.mx\/inicio\/wp-json\/wp\/v2\/users\/1"}],"replies":[{"embeddable":true,"href":"https:\/\/colon.gob.mx\/inicio\/wp-json\/wp\/v2\/comments?post=534"}],"version-history":[{"count":115,"href":"https:\/\/colon.gob.mx\/inicio\/wp-json\/wp\/v2\/pages\/534\/revisions"}],"predecessor-version":[{"id":10783,"href":"https:\/\/colon.gob.mx\/inicio\/wp-json\/wp\/v2\/pages\/534\/revisions\/10783"}],"wp:attachment":[{"href":"https:\/\/colon.gob.mx\/inicio\/wp-json\/wp\/v2\/media?parent=534"}],"curies":[{"name":"wp","href":"https:\/\/api.w.org\/{rel}","templated":true}]}}