{"id":4478,"date":"2022-11-18T02:20:32","date_gmt":"2022-11-18T02:20:32","guid":{"rendered":"https:\/\/colon.gob.mx\/inicio\/?page_id=4478"},"modified":"2026-02-09T09:55:38","modified_gmt":"2026-02-09T15:55:38","slug":"dictamenes-de-jubilacion","status":"publish","type":"page","link":"https:\/\/colon.gob.mx\/inicio\/dictamenes-de-jubilacion\/","title":{"rendered":"Dict\u00e1menes de jubilaci\u00f3n"},"content":{"rendered":"\t\t<div data-elementor-type=\"wp-page\" data-elementor-id=\"4478\" class=\"elementor elementor-4478\">\n\t\t\t\t\t\t<section class=\"elementor-section elementor-top-section elementor-element elementor-element-d4505e9 elementor-section-boxed elementor-section-height-default elementor-section-height-default\" data-id=\"d4505e9\" data-element_type=\"section\" data-e-type=\"section\">\n\t\t\t\t\t\t<div class=\"elementor-container elementor-column-gap-default\">\n\t\t\t\t\t<div class=\"elementor-column elementor-col-100 elementor-top-column elementor-element elementor-element-71af671\" data-id=\"71af671\" data-element_type=\"column\" data-e-type=\"column\">\n\t\t\t<div class=\"elementor-widget-wrap elementor-element-populated\">\n\t\t\t\t\t\t<div class=\"elementor-element elementor-element-49b2a0a elementor-widget elementor-widget-html\" data-id=\"49b2a0a\" data-element_type=\"widget\" data-e-type=\"widget\" data-widget_type=\"html.default\">\n\t\t\t\t<div class=\"elementor-widget-container\">\n\t\t\t\t\t<!-- ==================== HEADER DICT\u00c1MENES DE JUBILACI\u00d3N ==================== -->\r\n<section class=\"gjubilacion-intro\">\r\n  <div class=\"gjubilacion-intro__inner\">\r\n    <!-- Icono institucional -->\r\n    <div class=\"gjubilacion-intro__icon\">\r\n      <i class=\"fa-solid fa-user-check gjubilacion-icon\"><\/i>\r\n    <\/div>\r\n    <!-- T\u00edtulo principal -->\r\n    <h2 class=\"gjubilacion-intro__title\">\r\n      Dict\u00e1menes de Jubilaci\u00f3n y Pensiones\r\n    <\/h2>\r\n    <!-- Descripci\u00f3n completa -->\r\n    <div class=\"gjubilacion-intro__desc\">\r\n      <p>\r\n        Los <strong>dict\u00e1menes<\/strong> son resoluciones emitidas por las autoridades competentes del Municipio de Col\u00f3n, Quer\u00e9taro, que reconocen el derecho a la <strong>jubilaci\u00f3n<\/strong>, <strong>pensi\u00f3n por vejez<\/strong> o <strong>pensi\u00f3n por muerte<\/strong> de los servidores p\u00fablicos y sus beneficiarios.\r\n      <\/p>\r\n      <p>\r\n        En cumplimiento a la <strong>Ley Org\u00e1nica Municipal del Estado de Quer\u00e9taro<\/strong>, la <strong>Ley de los Trabajadores al Servicio de los Poderes del Estado, Municipios e Instituciones Descentralizadas<\/strong> y la <strong>Ley de Transparencia y Acceso a la Informaci\u00f3n P\u00fablica<\/strong>, se publican de forma digital, organizada y actualizada.\r\n      <\/p>\r\n      <p>\r\n        Aqu\u00ed encontrar\u00e1s los tres tipos principales: jubilaci\u00f3n (por antig\u00fcedad y edad), pensi\u00f3n por vejez y pensi\u00f3n por muerte (otorgada a derechohabientes en caso de fallecimiento).\r\n      <\/p>\r\n    <\/div>\r\n    <!-- Nota de acceso -->\r\n    <div class=\"gjubilacion-intro__note\">\r\n      <i class=\"fa-solid fa-circle-info\"><\/i>\r\n      <span>Todos los dict\u00e1menes est\u00e1n disponibles para consulta y descarga gratuita en formato PDF durante el plazo legal de publicaci\u00f3n.<\/span>\r\n    <\/div>\r\n  <\/div>\r\n<\/section>\r\n<!-- ============================================================ -->\r\n<style>\r\n  .gjubilacion-intro {\r\n    background: #fff;\r\n    border-left: 6px solid #470a68;\r\n    padding: 2rem;\r\n    margin: 0;\r\n    border-radius: 0 .75rem .75rem .75rem;\r\n    box-shadow: 0 4px 14px rgba(71, 10, 104, .1);\r\n    max-width: 100%;\r\n  }\r\n  .gjubilacion-intro__inner {\r\n    max-width: 900px;\r\n    margin: 0 auto;\r\n    text-align: left;\r\n  }\r\n  .gjubilacion-intro__icon {\r\n    text-align: center;\r\n    margin-bottom: 1rem;\r\n  }\r\n  .gjubilacion-icon {\r\n    font-size: 3rem;\r\n    color: #470a68;\r\n    opacity: 0.95;\r\n  }\r\n  .gjubilacion-intro__title {\r\n    font-size: 2.1rem;\r\n    font-weight: 700;\r\n    color: #470a68;\r\n    margin: 0 0 1.2rem;\r\n    text-align: center;\r\n    position: relative;\r\n  }\r\n  .gjubilacion-intro__title::after {\r\n    content: '';\r\n    display: block;\r\n    width: 70px;\r\n    height: 4px;\r\n    background: #fd6125;\r\n    margin: .75rem auto 0;\r\n    border-radius: 2px;\r\n  }\r\n  .gjubilacion-intro__desc {\r\n    font-size: 1.05rem;\r\n    line-height: 1.7;\r\n    color: #333;\r\n    margin-bottom: 1.2rem;\r\n  }\r\n  .gjubilacion-intro__desc p {\r\n    margin: 0 0 1rem;\r\n  }\r\n  .gjubilacion-intro__desc strong {\r\n    color: #470a68;\r\n    font-weight: 600;\r\n  }\r\n  .gjubilacion-intro__note {\r\n    display: flex;\r\n    align-items: center;\r\n    gap: .75rem;\r\n    background: #e8f5f0;\r\n    padding: .9rem 1.2rem;\r\n    border-radius: .5rem;\r\n    font-size: .95rem;\r\n    color: #68bd9d;\r\n    border: 1px solid #a8e6cf;\r\n    font-weight: 500;\r\n  }\r\n  .gjubilacion-intro__note i {\r\n    font-size: 1.1rem;\r\n    color: #68bd9d;\r\n  }\r\n  @media (max-width: 768px) {\r\n    .gjubilacion-intro {\r\n      padding: 1.5rem;\r\n    }\r\n    .gjubilacion-intro__title {\r\n      font-size: 1.8rem;\r\n    }\r\n    .gjubilacion-icon {\r\n      font-size: 2.5rem;\r\n    }\r\n  }\r\n  @media (max-width: 480px) {\r\n    .gjubilacion-intro__note {\r\n      flex-direction: column;\r\n      text-align: center;\r\n      font-size: .9rem;\r\n    }\r\n  }\r\n<\/style>\t\t\t\t<\/div>\n\t\t\t\t<\/div>\n\t\t\t\t<div class=\"elementor-element elementor-element-0a0a7ef elementor-widget elementor-widget-html\" data-id=\"0a0a7ef\" data-element_type=\"widget\" data-e-type=\"widget\" data-widget_type=\"html.default\">\n\t\t\t\t<div class=\"elementor-widget-container\">\n\t\t\t\t\t<div class=\"dictamenes-container\">\r\n  <style>\r\n    .dictamenes-container {\r\n      font-family: \"Inter\", system-ui, sans-serif;\r\n      background: linear-gradient(135deg, #f8f9fa 0%, #eef2f7 100%);\r\n      color: #333;\r\n      padding: 3rem 2rem;\r\n      border-radius: 20px;\r\n      margin: 3rem auto;\r\n      border: 1px solid rgba(71, 10, 104, 0.08);\r\n      max-width: 960px;\r\n    }\r\n    .dictamenes-header {\r\n      text-align: center;\r\n      margin-bottom: 2.5rem;\r\n    }\r\n    .dictamenes-header h2 {\r\n      font-size: 2rem;\r\n      font-weight: 800;\r\n      color: #470a68;\r\n      margin: 0 0 2rem;\r\n      display: flex;\r\n      align-items: center;\r\n      justify-content: center;\r\n      gap: 0.8rem;\r\n    }\r\n    .dictamenes-header h2 i {\r\n      font-size: 1.7rem;\r\n      color: #fd6125;\r\n    }\r\n    .dictamenes-header p {\r\n      font-size: 1rem;\r\n      color: #555;\r\n      max-width: 760px;\r\n      margin: 2rem auto 0;\r\n      line-height: 1.6;\r\n    }\r\n    .dictamen-list {\r\n      display: flex;\r\n      flex-direction: column;\r\n      gap: 1.2rem;\r\n    }\r\n    .dictamen-card {\r\n      background: #fff;\r\n      border-radius: 16px;\r\n      padding: 1.8rem 2rem;\r\n      display: flex;\r\n      justify-content: space-between;\r\n      align-items: center;\r\n      transition: all 0.3s ease;\r\n      border: 1px solid #e8e8e8;\r\n      position: relative;\r\n      overflow: hidden;\r\n    }\r\n    .dictamen-card.expired {\r\n      transition: none;\r\n    }\r\n    .dictamen-card::before {\r\n      content: '';\r\n      position: absolute;\r\n      left: 0;\r\n      top: 0;\r\n      bottom: 0;\r\n      width: 6px;\r\n      background: #470a68;\r\n      opacity: 0;\r\n      transition: opacity 0.3s;\r\n    }\r\n    .dictamen-card:hover:not(.expired) {\r\n      transform: translateY(-4px);\r\n      box-shadow: 0 12px 28px rgba(71, 10, 104, 0.15);\r\n    }\r\n    .dictamen-card:hover:not(.expired)::before {\r\n      opacity: 1;\r\n    }\r\n    .dictamen-info {\r\n      flex: 1;\r\n    }\r\n    .dictamen-title {\r\n      font-size: 1.1rem;\r\n      font-weight: 700;\r\n      color: #222;\r\n      margin-bottom: 0.5rem;\r\n    }\r\n    .dictamen-date {\r\n      font-size: 0.9rem;\r\n      color: #777;\r\n      margin-top: 0.8rem;\r\n      display: flex;\r\n      align-items: center;\r\n      gap: 0.5rem;\r\n    }\r\n    .dictamen-pills {\r\n      display: flex;\r\n      gap: 0.8rem;\r\n      flex-wrap: wrap;\r\n      margin-top: 0.5rem;\r\n    }\r\n    .dictamen-pill {\r\n      display: inline-flex;\r\n      align-items: center;\r\n      gap: 6px;\r\n      padding: 0.4rem 0.8rem;\r\n      border-radius: 999px;\r\n      font-size: 0.78rem;\r\n      font-weight: 600;\r\n      letter-spacing: 0.03em;\r\n    }\r\n    .pill-success { background-color: #e8f8f3; color: #68bd9d; border: 1px solid #a8e6cf; }\r\n    .pill-warning { background-color: #fff4e6; color: #fd6125; border: 1px solid #ffbb17; }\r\n    .pill-error { background-color: #ffebee; color: #d32f2f; border: 1px solid #ef9a9a; }\r\n    .pill-disabled { background-color: #f5f5f5; color: #999; border: 1px solid #ddd; }\r\n    .dictamen-btn {\r\n      background: linear-gradient(135deg, #fd6125, #ff7f41);\r\n      color: #fff;\r\n      border: none;\r\n      border-radius: 12px;\r\n      padding: 0.9rem 1.8rem;\r\n      font-size: 1rem;\r\n      font-weight: 600;\r\n      cursor: pointer;\r\n      transition: all 0.3s ease;\r\n      display: flex;\r\n      align-items: center;\r\n      gap: 8px;\r\n      box-shadow: 0 4px 10px rgba(253, 97, 37, 0.3);\r\n    }\r\n    .dictamen-btn:hover:not(:disabled) {\r\n      background: linear-gradient(135deg, #ff7f41, #fd6125);\r\n      transform: translateY(-2px);\r\n      box-shadow: 0 6px 16px rgba(253, 97, 37, 0.4);\r\n    }\r\n    .dictamen-btn:disabled {\r\n      background: #ccc;\r\n      cursor: not-allowed;\r\n      box-shadow: none;\r\n      opacity: 0.7;\r\n    }\r\n    .dictamen-btn i {\r\n      font-size: 1.1rem;\r\n    }\r\n    .no-dictamenes {\r\n      text-align: center;\r\n      padding: 3rem 2rem;\r\n      background: #fff;\r\n      border-radius: 16px;\r\n      border: 2px dashed #ddd;\r\n      color: #666;\r\n      font-size: 1.2rem;\r\n    }\r\n    .no-dictamenes i {\r\n      font-size: 3.5rem;\r\n      color: #ccc;\r\n      margin-bottom: 1rem;\r\n      display: block;\r\n    }\r\n    .dictamenes-note {\r\n      margin-top: 2.5rem;\r\n      padding: 1.2rem 1.5rem;\r\n      background: #ebedf2;\r\n      border-radius: 8px;\r\n      font-size: 0.95rem;\r\n      color: #444;\r\n      line-height: 1.6;\r\n      font-style: italic;\r\n    }\r\n    @media (max-width: 768px) {\r\n      .dictamenes-container { padding: 2rem 1.5rem; margin: 2rem 1rem; }\r\n      .dictamenes-header h2 { font-size: 1.8rem; flex-direction: column; gap: 0.5rem; }\r\n    }\r\n    @media (max-width: 640px) {\r\n      .dictamen-card { flex-direction: column; align-items: stretch; gap: 1rem; padding: 1.5rem; }\r\n      .dictamen-info { text-align: center; }\r\n      .dictamen-date { justify-content: center; }\r\n      .dictamen-pills { justify-content: center; }\r\n      .dictamen-btn { width: 100%; justify-content: center; }\r\n    }\r\n  <\/style>\r\n\r\n  <div class=\"dictamenes-header\">\r\n    <h2><i class=\"fas fa-file-signature\"><\/i> Publicaci\u00f3n de Dict\u00e1menes<\/h2>\r\n    <p>Publicaci\u00f3n oficial del Municipio de Col\u00f3n.<br>\r\n    Los dict\u00e1menes permanecer\u00e1n disponibles durante <strong>5 d\u00edas naturales<\/strong> a partir de su recepci\u00f3n.<\/p>\r\n  <\/div>\r\n\r\n  <div class=\"dictamen-list\" id=\"dictamenList\"><\/div>\r\n\r\n  <div class=\"dictamenes-note\">\r\n    <strong>Nota:<\/strong> Si no encuentra el archivo, es posible que no est\u00e9 publicado o que haya excedido el plazo legal de publicaci\u00f3n. En ese caso, contacte al \u00e1rea correspondiente en la Direcci\u00f3n de Administraci\u00f3n del Municipio de Col\u00f3n.\r\n  <\/div>\r\n\r\n  <script>\r\n    const documents = [\r\n      {\r\n        filename: \"DICTAMEN FAVORABLE POR EL QUE SE CONCEDE PENSI\u00d3N POR MUERTE A LA C. SARA BALDERAS IBARRA.pdf\",\r\n        title: \"Sara Balderas Ibarra\",\r\n        fecha: \"2026-02-09T00:00:00\"\r\n      },\r\n    ];\r\n\r\n    const baseURL = \"https:\/\/www.colon.gob.mx\/DJ\/\";\r\n\r\n    function daysSincePublication(fechaPublicacion) {\r\n      const now = new Date();\r\n      const pubDate = new Date(fechaPublicacion);\r\n      const diffTime = now - pubDate;\r\n      return Math.floor(diffTime \/ (1000 * 60 * 60 * 24));\r\n    }\r\n\r\n    function getTipoDictamen(filename) {\r\n      const lower = filename.toLowerCase();\r\n      if (lower.includes(\"pensi\u00f3n por muerte\") || lower.includes(\"pension por muerte\") || lower.includes(\"fallecimiento\")) {\r\n        return { texto: \"Pensi\u00f3n por Fallecimiento\", clase: \"pill-error\", icono: \"fa-solid fa-house-medical\" };\r\n      } else if (lower.includes(\"pensi\u00f3n por vejez\") || lower.includes(\"pension por vejez\")) {\r\n        return { texto: \"Pensi\u00f3n por Vejez\", clase: \"pill-warning\", icono: \"fa-solid fa-person-cane\" };\r\n      } else if (lower.includes(\"jubilaci\u00f3n\") || lower.includes(\"jubilacion\")) {\r\n        return { texto: \"Jubilaci\u00f3n\", clase: \"pill-success\", icono: \"fa-solid fa-umbrella-beach\" };\r\n      } else {\r\n        return { texto: \"Dictamen\", clase: \"pill-disabled\", icono: \"fa-solid fa-circle\" };\r\n      }\r\n    }\r\n\r\n    function getPill(daysSince) {\r\n      const daysRemaining = Math.max(5 - daysSince, 0);\r\n      if (daysSince < 5) {\r\n        if (daysRemaining >= 4) {\r\n          return `<span class=\"dictamen-pill pill-success\"><i class=\"fas fa-check-circle\"><\/i> ${daysRemaining} d\u00eda${daysRemaining !== 1 ? \"s\" : \"\"} restantes<\/span>`;\r\n        } else if (daysRemaining >= 2) {\r\n          return `<span class=\"dictamen-pill pill-warning\"><i class=\"fas fa-exclamation-circle\"><\/i> ${daysRemaining} d\u00eda${daysRemaining !== 1 ? \"s\" : \"\"} restantes<\/span>`;\r\n        } else {\r\n          return `<span class=\"dictamen-pill pill-error\"><i class=\"fas fa-exclamation-triangle\"><\/i> 1 d\u00eda restante<\/span>`;\r\n        }\r\n      } else if (daysSince <= 10) {\r\n        return `<span class=\"dictamen-pill pill-disabled\"><i class=\"fas fa-ban\"><\/i> Caducado (${daysSince - 5} d\u00eda${daysSince - 5 !== 1 ? \"s\" : \"\"} extra)<\/span>`;\r\n      }\r\n      return '';\r\n    }\r\n\r\n    function formatDate(dateStr) {\r\n      const date = new Date(dateStr);\r\n      return date.toLocaleDateString(\"es-MX\", { year: \"numeric\", month: \"long\", day: \"numeric\" });\r\n    }\r\n\r\n    const container = document.getElementById(\"dictamenList\");\r\n\r\n    if (documents.length === 0) {\r\n      container.innerHTML = `\r\n        <div class=\"no-dictamenes\">\r\n          <i class=\"fas fa-info-circle\"><\/i>\r\n          <p>Por el momento no hay dict\u00e1menes de jubilaci\u00f3n publicados.<\/p>\r\n          <p>Revisa m\u00e1s tarde para nuevas publicaciones.<\/p>\r\n        <\/div>\r\n      `;\r\n    } else {\r\n      const visibleDocs = documents.filter(doc => daysSincePublication(doc.fecha) <= 10);\r\n      if (visibleDocs.length === 0) {\r\n        container.innerHTML = `\r\n          <div class=\"no-dictamenes\">\r\n            <i class=\"fas fa-info-circle\"><\/i>\r\n            <p>Por el momento no hay dict\u00e1menes publicados.<\/p>\r\n            <p>Revisa m\u00e1s tarde para nuevas publicaciones.<\/p>\r\n          <\/div>\r\n        `;\r\n      } else {\r\n        visibleDocs.forEach(doc => {\r\n          const daysSince = daysSincePublication(doc.fecha);\r\n          const expired = daysSince >= 5;\r\n          const tipo = getTipoDictamen(doc.filename);\r\n\r\n          const card = document.createElement(\"div\");\r\n          card.className = \"dictamen-card\" + (expired ? \" expired\" : \"\");\r\n          card.innerHTML = `\r\n            <div class=\"dictamen-info\">\r\n              <div class=\"dictamen-title\">${doc.title}<\/div>\r\n              <div class=\"dictamen-pills\">\r\n                <span class=\"dictamen-pill ${tipo.clase}\"><i class=\"fas ${tipo.icono}\"><\/i> ${tipo.texto}<\/span>\r\n                ${getPill(daysSince)}\r\n              <\/div>\r\n              <div class=\"dictamen-date\"><i class=\"far fa-calendar-alt\"><\/i> Publicado: ${formatDate(doc.fecha)}<\/div>\r\n            <\/div>\r\n            <button class=\"dictamen-btn\" onclick=\"window.open('${baseURL + doc.filename}', '_blank')\" ${expired ? \"disabled\" : \"\"}>\r\n              <i class=\"fas fa-eye\"><\/i> Ver dictamen\r\n            <\/button>\r\n          `;\r\n          if (expired) card.style.opacity = \"0.6\";\r\n          container.appendChild(card);\r\n        });\r\n      }\r\n    }\r\n  <\/script>\r\n<\/div>\t\t\t\t<\/div>\n\t\t\t\t<\/div>\n\t\t\t\t<div class=\"elementor-element elementor-element-619816e elementor-widget elementor-widget-html\" data-id=\"619816e\" data-element_type=\"widget\" data-e-type=\"widget\" data-widget_type=\"html.default\">\n\t\t\t\t<div class=\"elementor-widget-container\">\n\t\t\t\t\t<!-- ==================== FOOTER ACUERDOS (NEUTRO) ==================== -->\r\n<footer class=\"gacuerdos-footer-neutral\">\r\n  <div class=\"gacuerdos-footer-neutral__inner\">\r\n    <!-- Texto de cierre -->\r\n    <p class=\"gacuerdos-footer-neutral__text\">\r\n      <strong>Acuerdos del Ayuntamiento de Col\u00f3n<\/strong> \u2014 Documentos oficiales aprobados en Cabildo.<br>\r\n      <span class=\"gacuerdos-footer-neutral__update\">\u00daltima actualizaci\u00f3n: enero de 2026<\/span>\r\n    <\/p>\r\n    <!-- Nota legal -->\r\n    <p class=\"gacuerdos-footer-neutral__legal\">\r\n      Todos los acuerdos son de dominio p\u00fablico y est\u00e1n disponibles para consulta, descarga e impresi\u00f3n sin costo.\r\n    <\/p>\r\n  <\/div>\r\n<\/footer>\r\n<!-- ============================================================ -->\r\n\r\n<style>\r\n  .gacuerdos-footer-neutral {\r\n    background: #f8f9fa;\r\n    color: #495057;\r\n    padding: 2rem 1.5rem;\r\n    border-top: 1px solid #dee2e6;\r\n    font-family: inherit;\r\n    font-size: .95rem;\r\n  }\r\n  .gacuerdos-footer-neutral__inner {\r\n    max-width: 900px;\r\n    margin: 0 auto;\r\n    text-align: center;\r\n    display: flex;\r\n    flex-direction: column;\r\n    align-items: center;\r\n    gap: .75rem;\r\n  }\r\n  .gacuerdos-footer-neutral__text {\r\n    margin: 0;\r\n    line-height: 1.6;\r\n  }\r\n  .gacuerdos-footer-neutral__text strong {\r\n    color: #212529;\r\n    font-weight: 600;\r\n  }\r\n  .gacuerdos-footer-neutral__update {\r\n    font-size: .85rem;\r\n    color: #6c757d;\r\n    font-style: italic;\r\n  }\r\n  .gacuerdos-footer-neutral__legal {\r\n    margin: 0;\r\n    font-size: .85rem;\r\n    color: #6c757d;\r\n    max-width: 720px;\r\n    line-height: 1.5;\r\n  }\r\n  @media (max-width: 768px) {\r\n    .gacuerdos-footer-neutral {\r\n      padding: 1.8rem 1.2rem;\r\n    }\r\n    .gacuerdos-footer-neutral__text {\r\n      font-size: .9rem;\r\n    }\r\n  }\r\n  @media (max-width: 480px) {\r\n    .gacuerdos-footer-neutral__text,\r\n    .gacuerdos-footer-neutral__legal {\r\n      font-size: .85rem;\r\n    }\r\n  }\r\n<\/style>\t\t\t\t<\/div>\n\t\t\t\t<\/div>\n\t\t\t\t\t<\/div>\n\t\t<\/div>\n\t\t\t\t\t<\/div>\n\t\t<\/section>\n\t\t\t\t<\/div>\n\t\t","protected":false},"excerpt":{"rendered":"<p>Dict\u00e1menes de Jubilaci\u00f3n y Pensiones Los dict\u00e1menes son resoluciones emitidas por las autoridades competentes del Municipio de Col\u00f3n, Quer\u00e9taro, que reconocen el derecho a la jubilaci\u00f3n, pensi\u00f3n por vejez o pensi\u00f3n por muerte de los servidores p\u00fablicos y sus beneficiarios. En cumplimiento a la Ley Org\u00e1nica Municipal del Estado de &hellip;<\/p>\n","protected":false},"author":1,"featured_media":0,"parent":0,"menu_order":0,"comment_status":"closed","ping_status":"closed","template":"","meta":{"footnotes":""},"class_list":["post-4478","page","type-page","status-publish","hentry"],"_links":{"self":[{"href":"https:\/\/colon.gob.mx\/inicio\/wp-json\/wp\/v2\/pages\/4478","targetHints":{"allow":["GET"]}}],"collection":[{"href":"https:\/\/colon.gob.mx\/inicio\/wp-json\/wp\/v2\/pages"}],"about":[{"href":"https:\/\/colon.gob.mx\/inicio\/wp-json\/wp\/v2\/types\/page"}],"author":[{"embeddable":true,"href":"https:\/\/colon.gob.mx\/inicio\/wp-json\/wp\/v2\/users\/1"}],"replies":[{"embeddable":true,"href":"https:\/\/colon.gob.mx\/inicio\/wp-json\/wp\/v2\/comments?post=4478"}],"version-history":[{"count":125,"href":"https:\/\/colon.gob.mx\/inicio\/wp-json\/wp\/v2\/pages\/4478\/revisions"}],"predecessor-version":[{"id":11240,"href":"https:\/\/colon.gob.mx\/inicio\/wp-json\/wp\/v2\/pages\/4478\/revisions\/11240"}],"wp:attachment":[{"href":"https:\/\/colon.gob.mx\/inicio\/wp-json\/wp\/v2\/media?parent=4478"}],"curies":[{"name":"wp","href":"https:\/\/api.w.org\/{rel}","templated":true}]}}