{"id":4441,"date":"2022-11-14T17:06:54","date_gmt":"2022-11-14T17:06:54","guid":{"rendered":"https:\/\/colon.gob.mx\/inicio\/?page_id=4441"},"modified":"2025-08-02T22:33:15","modified_gmt":"2025-08-02T22:33:15","slug":"buzon","status":"publish","type":"page","link":"https:\/\/colon.gob.mx\/inicio\/buzon\/","title":{"rendered":"BUZ\u00d3N"},"content":{"rendered":"\n<div class=\"wp-block-uagb-container uagb-block-a1e0c56a alignfull uagb-is-root-container\"><div class=\"uagb-container-inner-blocks-wrap\">\n<div class=\"wp-block-uagb-container uagb-block-72c6e88e\"><style id=\"wpforms-css-vars-6516\">\n\t\t\t\t#wpforms-6516 {\n\t\t\t\t\n\t\t\t}\n\t\t\t<\/style><div class=\"wpforms-container wpforms-container-full wpforms-render-modern\" id=\"wpforms-6516\"><form id=\"wpforms-form-6516\" class=\"wpforms-validate wpforms-form wpforms-ajax-form\" data-formid=\"6516\" method=\"post\" enctype=\"multipart\/form-data\" action=\"\/inicio\/wp-json\/wp\/v2\/pages\/4441\" data-token=\"2cf61b242802a2b07fe489364b35e0d0\" data-token-time=\"1776206465\"><noscript class=\"wpforms-error-noscript\">Por favor, activa JavaScript en tu navegador para completar este formulario.<\/noscript><div id=\"wpforms-error-noscript\" style=\"display: none;\">Por favor, activa JavaScript en tu navegador para completar este formulario.<\/div><div class=\"wpforms-field-container\"><div id=\"wpforms-6516-field_1-container\" class=\"wpforms-field wpforms-field-name\" data-field-id=\"1\"><label class=\"wpforms-field-label\" for=\"wpforms-6516-field_1\">Nombre <span class=\"wpforms-required-label\" aria-hidden=\"true\">*<\/span><\/label><input type=\"text\" id=\"wpforms-6516-field_1\" class=\"wpforms-field-large wpforms-field-required\" name=\"wpforms[fields][1]\" aria-errormessage=\"wpforms-6516-field_1-error\" required><\/div><div id=\"wpforms-6516-field_3-container\" class=\"wpforms-field wpforms-field-select wpforms-field-select-style-classic\" data-field-id=\"3\"><label class=\"wpforms-field-label\" for=\"wpforms-6516-field_3\">Tipo de mensaje <span class=\"wpforms-required-label\" aria-hidden=\"true\">*<\/span><\/label><select id=\"wpforms-6516-field_3\" class=\"wpforms-field-large wpforms-field-required\" name=\"wpforms[fields][3]\" required=\"required\"><option value=\"Sugerencia\"  class=\"choice-1 depth-1\"  >Sugerencia<\/option><option value=\"Felicitaci\u00f3n\"  class=\"choice-2 depth-1\"  >Felicitaci\u00f3n<\/option><option value=\"Queja\"  class=\"choice-3 depth-1\"  >Queja<\/option><\/select><\/div><div id=\"wpforms-6516-field_4-container\" class=\"wpforms-field wpforms-field-text\" data-field-id=\"4\"><label class=\"wpforms-field-label\" for=\"wpforms-6516-field_4\">Domicilio <span class=\"wpforms-required-label\" aria-hidden=\"true\">*<\/span><\/label><input type=\"text\" id=\"wpforms-6516-field_4\" class=\"wpforms-field-large wpforms-field-required\" name=\"wpforms[fields][4]\" aria-errormessage=\"wpforms-6516-field_4-error\" required><\/div><div id=\"wpforms-6516-field_5-container\" class=\"wpforms-field wpforms-field-number\" data-field-id=\"5\"><label class=\"wpforms-field-label\" for=\"wpforms-6516-field_5\">Tel\u00e9fono <span class=\"wpforms-required-label\" aria-hidden=\"true\">*<\/span><\/label><input type=\"number\" id=\"wpforms-6516-field_5\" class=\"wpforms-field-large wpforms-field-required\" name=\"wpforms[fields][5]\" step=\"any\" aria-errormessage=\"wpforms-6516-field_5-error\" required><\/div><div id=\"wpforms-6516-field_2-container\" class=\"wpforms-field wpforms-field-email\" data-field-id=\"2\"><label class=\"wpforms-field-label\" for=\"wpforms-6516-field_2\">Correo electr\u00f3nico <span class=\"wpforms-required-label\" aria-hidden=\"true\">*<\/span><\/label><input type=\"email\" id=\"wpforms-6516-field_2\" class=\"wpforms-field-large wpforms-field-required\" name=\"wpforms[fields][2]\" spellcheck=\"false\" aria-errormessage=\"wpforms-6516-field_2-error\" required><\/div><div id=\"wpforms-6516-field_6-container\" class=\"wpforms-field wpforms-field-text\" data-field-id=\"6\"><label class=\"wpforms-field-label\" for=\"wpforms-6516-field_6\">Dependencia a la que pertenece<\/label><input type=\"text\" id=\"wpforms-6516-field_6\" class=\"wpforms-field-large\" name=\"wpforms[fields][6]\" aria-errormessage=\"wpforms-6516-field_6-error\" ><\/div><div id=\"wpforms-6516-field_7-container\" class=\"wpforms-field wpforms-field-text\" data-field-id=\"7\"><label class=\"wpforms-field-label\" for=\"wpforms-6516-field_7\">Servidor p\u00fablico involucrado <span class=\"wpforms-required-label\" aria-hidden=\"true\">*<\/span><\/label><input type=\"text\" id=\"wpforms-6516-field_7\" class=\"wpforms-field-large wpforms-field-required\" name=\"wpforms[fields][7]\" placeholder=\"Nombre completo y cargo\" aria-errormessage=\"wpforms-6516-field_7-error\" required><\/div>\t\t<div id=\"wpforms-6516-field_9-container\"\n\t\t\tclass=\"wpforms-field wpforms-field-text\"\n\t\t\tdata-field-type=\"text\"\n\t\t\tdata-field-id=\"9\"\n\t\t\t>\n\t\t\t<label class=\"wpforms-field-label\" for=\"wpforms-6516-field_9\" >Tel\u00e9fono Hechos que<\/label>\n\t\t\t<input type=\"text\" id=\"wpforms-6516-field_9\" class=\"wpforms-field-medium\" name=\"wpforms[fields][9]\" >\n\t\t<\/div>\n\t\t<div id=\"wpforms-6516-field_8-container\" class=\"wpforms-field wpforms-field-textarea\" data-field-id=\"8\"><label class=\"wpforms-field-label\" for=\"wpforms-6516-field_8\">Hechos o motivos de su pronunciaci\u00f3n <span class=\"wpforms-required-label\" aria-hidden=\"true\">*<\/span><\/label><textarea id=\"wpforms-6516-field_8\" class=\"wpforms-field-medium wpforms-field-required\" name=\"wpforms[fields][8]\" aria-errormessage=\"wpforms-6516-field_8-error\" required><\/textarea><\/div><script>\n\t\t\t\t( function() {\n\t\t\t\t\tconst style = document.createElement( 'style' );\n\t\t\t\t\tstyle.appendChild( document.createTextNode( '#wpforms-6516-field_9-container { position: absolute !important; overflow: hidden !important; display: inline !important; height: 1px !important; width: 1px !important; z-index: -1000 !important; padding: 0 !important; } #wpforms-6516-field_9-container input { visibility: hidden; } #wpforms-conversational-form-page #wpforms-6516-field_9-container label { counter-increment: none; }' ) );\n\t\t\t\t\tdocument.head.appendChild( style );\n\t\t\t\t\tdocument.currentScript?.remove();\n\t\t\t\t} )();\n\t\t\t<\/script><\/div><!-- .wpforms-field-container --><div class=\"wpforms-recaptcha-container wpforms-is-recaptcha wpforms-is-recaptcha-type-invisible\" ><div class=\"g-recaptcha\" data-sitekey=\"6Ldt244qAAAAAGc8dHcGj1_LajxfRdmk3f6Z-TcP\" data-size=\"invisible\"><\/div><\/div><div class=\"wpforms-submit-container\" ><input type=\"hidden\" name=\"wpforms[id]\" value=\"6516\"><input type=\"hidden\" name=\"page_title\" value=\"\"><input type=\"hidden\" name=\"page_url\" value=\"https:\/\/colon.gob.mx\/inicio\/wp-json\/wp\/v2\/pages\/4441\"><input type=\"hidden\" name=\"url_referer\" value=\"\"><button type=\"submit\" name=\"wpforms[submit]\" id=\"wpforms-submit-6516\" class=\"wpforms-submit\" data-alt-text=\"Enviando...\" data-submit-text=\"Enviar\" aria-live=\"assertive\" value=\"wpforms-submit\">Enviar<\/button><img decoding=\"async\" src=\"https:\/\/colon.gob.mx\/inicio\/wp-content\/plugins\/wpforms-lite\/assets\/images\/submit-spin.svg\" class=\"wpforms-submit-spinner\" style=\"display: none;\" width=\"26\" height=\"26\" alt=\"Cargando\"><\/div><\/form><\/div>  <!-- .wpforms-container -->\n<\/div>\n<\/div><\/div>\n\n\n\n<div class=\"wp-block-uagb-separator uagb-block-91419e8b\"><div class=\"uagb-separator-spacing-wrapper\"><div class=\"wp-block-uagb-separator__inner\" style=\"--my-background-image:\"><\/div><\/div><\/div>\n\n\n\n<p class=\"has-large-font-size\"><strong>Notas Importantes<\/strong><\/p>\n\n\n\n<ul class=\"wp-block-list\" style=\"font-size:20px\">\n<li>Emergencias: Para situaciones urgentes (ej.: seguridad, incendios), <strong>llame inmediatamente al 911<\/strong>.<\/li>\n\n\n\n<li><strong>Confidencialidad<\/strong>: Su informaci\u00f3n personal ser\u00e1 protegida y solo se usar\u00e1 para gestionar su solicitud.<\/li>\n<\/ul>\n\n\n\n<p class=\"has-accent-1-color has-text-color has-link-color has-large-font-size wp-elements-352d89a8bd028acd87ef4d812387cd76\"><strong>\u00a1Gracias por colaborar en la mejora de Col\u00f3n!<\/strong><\/p>\n\n\n\n<p class=\"has-accent-2-color has-text-color has-link-color has-large-font-size wp-elements-e69162a47799fd8f2253cdcc8d6678fd\"><strong>Municipio de Col\u00f3n &#8211; Administraci\u00f3n Transparente y Cercana.<\/strong><\/p>\n","protected":false},"excerpt":{"rendered":"<p>Notas Importantes \u00a1Gracias por colaborar en la mejora de Col\u00f3n! Municipio de Col\u00f3n &#8211; Administraci\u00f3n Transparente y Cercana.<\/p>\n","protected":false},"author":1,"featured_media":0,"parent":0,"menu_order":0,"comment_status":"closed","ping_status":"closed","template":"","meta":{"footnotes":""},"class_list":["post-4441","page","type-page","status-publish","hentry"],"_links":{"self":[{"href":"https:\/\/colon.gob.mx\/inicio\/wp-json\/wp\/v2\/pages\/4441","targetHints":{"allow":["GET"]}}],"collection":[{"href":"https:\/\/colon.gob.mx\/inicio\/wp-json\/wp\/v2\/pages"}],"about":[{"href":"https:\/\/colon.gob.mx\/inicio\/wp-json\/wp\/v2\/types\/page"}],"author":[{"embeddable":true,"href":"https:\/\/colon.gob.mx\/inicio\/wp-json\/wp\/v2\/users\/1"}],"replies":[{"embeddable":true,"href":"https:\/\/colon.gob.mx\/inicio\/wp-json\/wp\/v2\/comments?post=4441"}],"version-history":[{"count":27,"href":"https:\/\/colon.gob.mx\/inicio\/wp-json\/wp\/v2\/pages\/4441\/revisions"}],"predecessor-version":[{"id":8354,"href":"https:\/\/colon.gob.mx\/inicio\/wp-json\/wp\/v2\/pages\/4441\/revisions\/8354"}],"wp:attachment":[{"href":"https:\/\/colon.gob.mx\/inicio\/wp-json\/wp\/v2\/media?parent=4441"}],"curies":[{"name":"wp","href":"https:\/\/api.w.org\/{rel}","templated":true}]}}