{"id":4391,"date":"2022-10-17T18:09:59","date_gmt":"2022-10-17T18:09:59","guid":{"rendered":"https:\/\/colon.gob.mx\/inicio\/?page_id=4391"},"modified":"2024-01-19T18:40:00","modified_gmt":"2024-01-19T18:40:00","slug":"estrados","status":"publish","type":"page","link":"https:\/\/colon.gob.mx\/inicio\/estrados\/","title":{"rendered":"Estrados"},"content":{"rendered":"\t\t<div data-elementor-type=\"wp-page\" data-elementor-id=\"4391\" class=\"elementor elementor-4391\">\n\t\t\t\t\t\t<section class=\"elementor-section elementor-top-section elementor-element elementor-element-31121211 elementor-section-boxed elementor-section-height-default elementor-section-height-default\" data-id=\"31121211\" data-element_type=\"section\" data-e-type=\"section\">\n\t\t\t\t\t\t<div class=\"elementor-container elementor-column-gap-default\">\n\t\t\t\t\t<div class=\"elementor-column elementor-col-100 elementor-top-column elementor-element elementor-element-532f191e\" data-id=\"532f191e\" data-element_type=\"column\" data-e-type=\"column\">\n\t\t\t<div class=\"elementor-widget-wrap elementor-element-populated\">\n\t\t\t\t\t\t<div class=\"elementor-element elementor-element-359a4563 elementor-widget elementor-widget-text-editor\" data-id=\"359a4563\" data-element_type=\"widget\" data-e-type=\"widget\" data-widget_type=\"text-editor.default\">\n\t\t\t\t<div class=\"elementor-widget-container\">\n\t\t\t\t\t\t\t\t\t\n<h2 class=\"wp-block-heading\">2024<\/h2>\n\n\n<p><a href=\"http:\/\/colon.gob.mx\/Estrados\/PROGRAMA DE REGULARIZACI\u00d3N DE PREDIOS-ENERO-2024.pdf\">PROGRAMA DE REGULARIZACI\u00d3N DE PREDIOS-ENERO-2024<\/a><\/p>\n\n\n\n<h2 class=\"wp-block-heading\">2023<\/h2>\n\n\n\n<p><a href=\"http:\/\/colon.gob.mx\/Estrados\/PUBLICACION 71 ESTADO REGULARIZACION.pdf\">PUBLICACION 71 ESTADO REGULARIZACION<\/a><\/p>\n\n\n\n<p><a href=\"http:\/\/colon.gob.mx\/Estrados\/0082_230321121235_001.pdf\">Acta circunstanciada de multa de ecolog\u00eda SDUE-0354-18<\/a><\/p>\n\n\n\n<h2 class=\"wp-block-heading\">\u00a0<\/h2>\n\n\n\n<h2 class=\"wp-block-heading\">2022<\/h2>\n\n\n\n<p><a href=\"http:\/\/colon.gob.mx\/Estrados\/cedula de notificacion 105.pdf\" target=\"_blank\" rel=\"noreferrer noopener\">C\u00e9dula de notificaci\u00f3n 105<\/a><\/p>\n\n\n\n<p><a href=\"http:\/\/colon.gob.mx\/Estrados\/cedula de notificacion 101.pdf\" target=\"_blank\" rel=\"noreferrer noopener\">C\u00e9dula de notificaci\u00f3n 101<\/a><\/p>\n\n\n\n<p><a href=\"http:\/\/colon.gob.mx\/Estrados\/cedula de notificacion 072.pdf\" target=\"_blank\" rel=\"noreferrer noopener\">C\u00e9dula de notificaci\u00f3n 072<\/a><\/p>\n\n\n\n<p><a href=\"http:\/\/colon.gob.mx\/Estrados\/doc00821020230131112216.pdf\" target=\"_blank\" rel=\"noreferrer noopener\">Acuerdo de resepci\u00f3n de oficio 017-2022<\/a><\/p>\n\n\n\n<p><a href=\"http:\/\/colon.gob.mx\/Estrados\/Acuerdo de Recepcion de Oficios y Cedula de Notificacion por Estrados 022-2022.pdf\" target=\"_blank\" rel=\"noreferrer noopener\">Acuerdo de Recepcio\u0301n de Oficios y Ce\u0301dula de Notificacio\u0301n por Estrados 022-2022<\/a><\/p>\n\n\n\n<p><a href=\"http:\/\/colon.gob.mx\/Estrados\/CEDULA DE NOTIFICACION POR ESTRADOS 012-2022.pdf\" target=\"_blank\" rel=\"noreferrer noopener\">C\u00e9dula de notificaci\u00f3n por estrados 012 &#8211; 2022<\/a><\/p>\n\n\n\n<p><a href=\"http:\/\/colon.gob.mx\/Estrados\/ACUERDO DE RECEPCION DE OFICIO 012-2022.pdf\" target=\"_blank\" rel=\"noreferrer noopener\">Acurdo de recepci\u00f3n de oficio 012 &#8211; 2022<\/a><\/p>\n\n\n\n<p><a href=\"http:\/\/colon.gob.mx\/Estrados\/Xerox Scan_25112022121359.pdf\" target=\"_blank\" rel=\"noreferrer noopener\">Publicaci\u00f3n 67 programa para la regularizaci\u00f3n de la peque\u00f1a propiedad de predios r\u00fasticos<\/a><\/p>\n\n\n\n<p><a href=\"http:\/\/colon.gob.mx\/Estrados\/Xerox Scan_25112022122346.pdf\" target=\"_blank\" rel=\"noreferrer noopener\">Publicaci\u00f3n 66 programa para regularizar predios urbanos y semiurbanos, programa 2005<\/a><\/p>\n\n\n\n<p><a href=\"http:\/\/colon.gob.mx\/Estrados\/CEDULA DE NOTIFICACION POR ESTRADOS 016-2022.pdf\" target=\"_blank\" rel=\"noreferrer noopener\">C\u00e9dula de notificaci\u00f3n por estrados 016 -2022<\/a><\/p>\n\n\n\n<p><a href=\"http:\/\/colon.gob.mx\/Estrados\/ACUERDO DE RECEPCION DE OFICIOS 016-2022.pdf\" target=\"_blank\" rel=\"noreferrer noopener\">Acuerdo de recepci\u00f3n de oficios 016 &#8211; 2022<\/a><\/p>\n\n\n\n<p><a href=\"http:\/\/colon.gob.mx\/Estrados\/CEDULA DE NOTIFICACION POR ESTRADOS 015 2022.pdf\" target=\"_blank\" rel=\"noreferrer noopener\">C\u00e9dula de notificaci\u00f3n por estrados 015 -2022<\/a><\/p>\n\n\n\n<p><a href=\"http:\/\/colon.gob.mx\/Estrados\/ACUERDO DE RECEPCION DE OFICIOS 015 2022.pdf\" target=\"_blank\" rel=\"noreferrer noopener\">Acuerdo de recepci\u00f3n de oficios 015 &#8211; 2022<\/a><\/p>\n\t\t\t\t\t\t\t\t<\/div>\n\t\t\t\t<\/div>\n\t\t\t\t\t<\/div>\n\t\t<\/div>\n\t\t\t\t\t<\/div>\n\t\t<\/section>\n\t\t\t\t<\/div>\n\t\t","protected":false},"excerpt":{"rendered":"<p>2024 PROGRAMA DE REGULARIZACI\u00d3N DE PREDIOS-ENERO-2024 2023 PUBLICACION 71 ESTADO REGULARIZACION Acta circunstanciada de multa de ecolog\u00eda SDUE-0354-18 \u00a0 2022 C\u00e9dula de notificaci\u00f3n 105 C\u00e9dula de notificaci\u00f3n 101 C\u00e9dula de notificaci\u00f3n 072 Acuerdo de resepci\u00f3n de oficio 017-2022 Acuerdo de Recepcio\u0301n de Oficios y Ce\u0301dula de Notificacio\u0301n por Estrados 022-2022 &hellip;<\/p>\n","protected":false},"author":1,"featured_media":0,"parent":0,"menu_order":0,"comment_status":"closed","ping_status":"closed","template":"","meta":{"footnotes":""},"class_list":["post-4391","page","type-page","status-publish","hentry"],"_links":{"self":[{"href":"https:\/\/colon.gob.mx\/inicio\/wp-json\/wp\/v2\/pages\/4391","targetHints":{"allow":["GET"]}}],"collection":[{"href":"https:\/\/colon.gob.mx\/inicio\/wp-json\/wp\/v2\/pages"}],"about":[{"href":"https:\/\/colon.gob.mx\/inicio\/wp-json\/wp\/v2\/types\/page"}],"author":[{"embeddable":true,"href":"https:\/\/colon.gob.mx\/inicio\/wp-json\/wp\/v2\/users\/1"}],"replies":[{"embeddable":true,"href":"https:\/\/colon.gob.mx\/inicio\/wp-json\/wp\/v2\/comments?post=4391"}],"version-history":[{"count":20,"href":"https:\/\/colon.gob.mx\/inicio\/wp-json\/wp\/v2\/pages\/4391\/revisions"}],"predecessor-version":[{"id":5446,"href":"https:\/\/colon.gob.mx\/inicio\/wp-json\/wp\/v2\/pages\/4391\/revisions\/5446"}],"wp:attachment":[{"href":"https:\/\/colon.gob.mx\/inicio\/wp-json\/wp\/v2\/media?parent=4391"}],"curies":[{"name":"wp","href":"https:\/\/api.w.org\/{rel}","templated":true}]}}