{"id":3909,"date":"2022-02-28T20:55:29","date_gmt":"2022-02-28T20:55:29","guid":{"rendered":"https:\/\/colon.gob.mx\/inicio\/?page_id=3909"},"modified":"2022-02-28T20:55:31","modified_gmt":"2022-02-28T20:55:31","slug":"en-relacion-a-la-fraccion-iv-del-articulo-67","status":"publish","type":"page","link":"https:\/\/colon.gob.mx\/inicio\/en-relacion-a-la-fraccion-iv-del-articulo-67\/","title":{"rendered":"En relaci\u00f3n a la fracci\u00f3n IV del art\u00edculo 67"},"content":{"rendered":"\n<iframe style=\"width:100%;max-width:100%;height:320px\" src=\"https:\/\/www.colon.gob.mx\/Tinformacionfiscal.php\" class=\"\" frameborder=\"0\" allowfullscreen><\/iframe>\n","protected":false},"excerpt":{"rendered":"","protected":false},"author":1,"featured_media":0,"parent":0,"menu_order":0,"comment_status":"closed","ping_status":"closed","template":"","meta":{"footnotes":""},"class_list":["post-3909","page","type-page","status-publish","hentry"],"_links":{"self":[{"href":"https:\/\/colon.gob.mx\/inicio\/wp-json\/wp\/v2\/pages\/3909","targetHints":{"allow":["GET"]}}],"collection":[{"href":"https:\/\/colon.gob.mx\/inicio\/wp-json\/wp\/v2\/pages"}],"about":[{"href":"https:\/\/colon.gob.mx\/inicio\/wp-json\/wp\/v2\/types\/page"}],"author":[{"embeddable":true,"href":"https:\/\/colon.gob.mx\/inicio\/wp-json\/wp\/v2\/users\/1"}],"replies":[{"embeddable":true,"href":"https:\/\/colon.gob.mx\/inicio\/wp-json\/wp\/v2\/comments?post=3909"}],"version-history":[{"count":1,"href":"https:\/\/colon.gob.mx\/inicio\/wp-json\/wp\/v2\/pages\/3909\/revisions"}],"predecessor-version":[{"id":3910,"href":"https:\/\/colon.gob.mx\/inicio\/wp-json\/wp\/v2\/pages\/3909\/revisions\/3910"}],"wp:attachment":[{"href":"https:\/\/colon.gob.mx\/inicio\/wp-json\/wp\/v2\/media?parent=3909"}],"curies":[{"name":"wp","href":"https:\/\/api.w.org\/{rel}","templated":true}]}}