{"id":3720,"date":"2022-02-23T20:15:07","date_gmt":"2022-02-23T20:15:07","guid":{"rendered":"https:\/\/colon.gob.mx\/inicio\/?page_id=3720"},"modified":"2026-01-06T12:06:57","modified_gmt":"2026-01-06T18:06:57","slug":"presupuesto-de-egresos","status":"publish","type":"page","link":"https:\/\/colon.gob.mx\/inicio\/presupuesto-de-egresos\/","title":{"rendered":"Presupuesto de egresos"},"content":{"rendered":"\t\t<div data-elementor-type=\"wp-page\" data-elementor-id=\"3720\" class=\"elementor elementor-3720\">\n\t\t\t\t\t\t<section class=\"elementor-section elementor-top-section elementor-element elementor-element-559b170 elementor-section-boxed elementor-section-height-default elementor-section-height-default\" data-id=\"559b170\" data-element_type=\"section\" data-e-type=\"section\">\n\t\t\t\t\t\t<div class=\"elementor-container elementor-column-gap-default\">\n\t\t\t\t\t<div class=\"elementor-column elementor-col-100 elementor-top-column elementor-element elementor-element-2917f1b\" data-id=\"2917f1b\" data-element_type=\"column\" data-e-type=\"column\">\n\t\t\t<div class=\"elementor-widget-wrap elementor-element-populated\">\n\t\t\t\t\t\t<div class=\"elementor-element elementor-element-5c91cdd elementor-widget elementor-widget-html\" data-id=\"5c91cdd\" data-element_type=\"widget\" data-e-type=\"widget\" data-widget_type=\"html.default\">\n\t\t\t\t<div class=\"elementor-widget-container\">\n\t\t\t\t\t<style>\r\n  .gcuenta-egresos {\r\n    background: #fff;\r\n    border-left: 6px solid #470a68;\r\n    padding: 2rem;\r\n    margin: 0 0 2.5rem;\r\n    border-radius: 0 .75rem .75rem .75rem;\r\n    box-shadow: 0 4px 14px rgba(71, 10, 104, .1);\r\n    max-width: 100%;\r\n  }\r\n  .gcuenta-egresos__inner {\r\n    margin: 0 auto;\r\n    text-align: left;\r\n  }\r\n  .gcuenta-egresos__icon {\r\n    text-align: center;\r\n    margin-bottom: 1rem;\r\n  }\r\n  .gcuenta-egresos-icon {\r\n    font-size: 3rem;\r\n    color: #470a68;\r\n    opacity: .95;\r\n  }\r\n  .gcuenta-egresos__title {\r\n    font-size: 2.1rem;\r\n    font-weight: 700;\r\n    color: #470a68;\r\n    margin: 0 0 .5rem;\r\n    text-align: center;\r\n    position: relative;\r\n  }\r\n  .gcuenta-egresos__title::after {\r\n    content: '';\r\n    display: block;\r\n    width: 70px;\r\n    height: 4px;\r\n    background: #fd6125;\r\n    margin: .75rem auto 0;\r\n    border-radius: 2px;\r\n  }\r\n  .gcuenta-egresos__subtitle {\r\n    text-align: center;\r\n    font-size: 1.25rem;\r\n    color: #470a68;\r\n    margin-bottom: 1.5rem;\r\n    font-weight: 600;\r\n  }\r\n  .gcuenta-egresos__desc {\r\n    font-size: 1.05rem;\r\n    line-height: 1.7;\r\n    color: #333;\r\n    margin-bottom: 1.2rem;\r\n  }\r\n  .gcuenta-egresos__desc p {\r\n    margin: 0 0 1rem;\r\n  }\r\n  .gcuenta-egresos__desc strong {\r\n    color: #470a68;\r\n    font-weight: 600;\r\n  }\r\n  .gcuenta-egresos__desc em {\r\n    font-style: italic;\r\n    color: #555;\r\n  }\r\n  .gcuenta-egresos__note {\r\n    display: flex;\r\n    align-items: center;\r\n    gap: .75rem;\r\n    background: #e8f5f0;\r\n    padding: .9rem 1.2rem;\r\n    border-radius: .5rem;\r\n    font-size: .95rem;\r\n    color: #68bd9d;\r\n    border: 1px solid #a8e6cf;\r\n    font-weight: 500;\r\n  }\r\n  .gcuenta-egresos__note i {\r\n    font-size: 1.1rem;\r\n    color: #68bd9d;\r\n  }\r\n  \/* Responsive *\/\r\n  @media (max-width: 768px) {\r\n    .gcuenta-egresos {\r\n      padding: 1.5rem;\r\n    }\r\n    .gcuenta-egresos__title {\r\n      font-size: 1.8rem;\r\n    }\r\n    .gcuenta-egresos-icon {\r\n      font-size: 2.5rem;\r\n    }\r\n    .gcuenta-egresos__subtitle {\r\n      font-size: 1.15rem;\r\n    }\r\n    .gcuenta-egresos__desc {\r\n      font-size: 1rem;\r\n    }\r\n  }\r\n  @media (max-width: 480px) {\r\n    .gcuenta-egresos__note {\r\n      flex-direction: column;\r\n      text-align: center;\r\n      font-size: .9rem;\r\n    }\r\n    .gcuenta-egresos__title {\r\n      font-size: 1.6rem;\r\n    }\r\n  }\r\n<\/style>\r\n<section class=\"gcuenta-egresos\">\r\n  <div class=\"gcuenta-egresos__inner\">\r\n    <!-- Icono institucional -->\r\n    <div class=\"gcuenta-egresos__icon\">\r\n      <i class=\"fa-solid fa-coins gcuenta-egresos-icon\"><\/i>\r\n    <\/div>\r\n    <!-- T\u00edtulo principal -->\r\n    <h2 class=\"gcuenta-egresos__title\">\r\n      Presupuesto de Egresos\r\n    <\/h2>\r\n    <!-- Subt\u00edtulo -->\r\n    <div class=\"gcuenta-egresos__subtitle\">\r\n      <strong>Planeaci\u00f3n y aplicaci\u00f3n de los recursos p\u00fablicos del H. Ayuntamiento de Col\u00f3n<\/strong>\r\n    <\/div>\r\n    <!-- Descripci\u00f3n -->\r\n    <div class=\"gcuenta-egresos__desc\">\r\n      <p>\r\n        En esta secci\u00f3n se publica el <strong>Presupuesto de Egresos<\/strong> anual del Municipio de Col\u00f3n,\r\n        as\u00ed como su ejercicio trimestral, conforme a las obligaciones de transparencia en materia de gesti\u00f3n financiera.\r\n      <\/p>\r\n      <p>\r\n        Estos documentos detallan la distribuci\u00f3n, ejecuci\u00f3n y destino de los recursos p\u00fablicos,\r\n        fomentando la <em>transparencia, eficiencia y rendici\u00f3n de cuentas<\/em> en el gasto municipal.\r\n      <\/p>\r\n    <\/div>\r\n    <!-- Nota -->\r\n    <div class=\"gcuenta-egresos__note\">\r\n      <i class=\"fa-solid fa-circle-info\"><\/i>\r\n      <span>Informaci\u00f3n oficial actualizada | Sujeta a las disposiciones en materia de transparencia y acceso a la informaci\u00f3n p\u00fablica<\/span>\r\n    <\/div>\r\n  <\/div>\t\t\t\t<\/div>\n\t\t\t\t<\/div>\n\t\t\t\t<div class=\"elementor-element elementor-element-3f8ad2e elementor-widget elementor-widget-html\" data-id=\"3f8ad2e\" data-element_type=\"widget\" data-e-type=\"widget\" data-widget_type=\"html.default\">\n\t\t\t\t<div class=\"elementor-widget-container\">\n\t\t\t\t\t<table class=\"gaccordion-table\">\r\n  <colgroup>\r\n    <col class=\"gaccordion-numeration\" \/>\r\n    <col class=\"gaccordion-title\" \/>\r\n    <col class=\"gaccordion-download\" \/>\r\n  <\/colgroup>\r\n  <thead>\r\n    <tr>\r\n      <th class=\"gaccordion-numeration\">#<\/th>\r\n      <th class=\"gaccordion-title\">ARCHIVO<\/th>\r\n      <th class=\"gaccordion-download\">Descargar<\/th>\r\n    <\/tr>\r\n  <\/thead>\r\n  <tbody>\r\n    <tr>\r\n      <td class=\"gaccordion-numeration\"><\/td>\r\n      <td class=\"gaccordion-title\">PRESUPUESTO DE EGRESOS 2026<\/td>\r\n      <td class=\"gaccordion-download\">\r\n        <a\r\n          href=\"https:\/\/colon.gob.mx\/include\/pdf\/finanzas\/PRESUPUESTO DE EGRESOS 2026.pdf\"\r\n          target=\"_blank\"\r\n          rel=\"noopener noreferrer\"\r\n          class=\"gaccordion-pdf\"\r\n          aria-label=\"Descargar PDF\"\r\n        >\r\n          <i class=\"fa-solid fa-file-pdf\"><\/i>\r\n        <\/a>\r\n      <\/td>\r\n    <\/tr>\r\n    <tr>\r\n      <td class=\"gaccordion-numeration\"><\/td>\r\n      <td class=\"gaccordion-title\">PRESUPUESTO EGRESOS 2025<\/td>\r\n      <td class=\"gaccordion-download\">\r\n        <a\r\n          href=\"https:\/\/colon.gob.mx\/include\/pdf\/finanzas\/PRESUPUESTO EGRESOS 2025.pdf\"\r\n          target=\"_blank\"\r\n          rel=\"noopener noreferrer\"\r\n          class=\"gaccordion-pdf\"\r\n          aria-label=\"Descargar PDF\"\r\n        >\r\n          <i class=\"fa-solid fa-file-pdf\"><\/i>\r\n        <\/a>\r\n      <\/td>\r\n    <\/tr>\r\n    <tr>\r\n      <td class=\"gaccordion-numeration\"><\/td>\r\n      <td class=\"gaccordion-title\">PRESUPUESTO DE EGRESOS DEL MUNICIPIO DE COL\u00d3N PARA EL EJERCICIO 2024<\/td>\r\n      <td class=\"gaccordion-download\">\r\n        <a\r\n          href=\"https:\/\/colon.gob.mx\/include\/pdf\/finanzas\/PRESUPUESTO DE EGRESOS DEL MUNICIPIO DE COL\u00d3N PARA EL EJERCICIO 2024.pdf\"\r\n          target=\"_blank\"\r\n          rel=\"noopener noreferrer\"\r\n          class=\"gaccordion-pdf\"\r\n          aria-label=\"Descargar PDF\"\r\n        >\r\n          <i class=\"fa-solid fa-file-pdf\"><\/i>\r\n        <\/a>\r\n      <\/td>\r\n    <\/tr>\r\n    <tr>\r\n      <td class=\"gaccordion-numeration\"><\/td>\r\n      <td class=\"gaccordion-title\">Presupuesto de egresos del municipio de Col\u00f3n, Quer\u00e9taro para el ejercicio fiscal 2023<\/td>\r\n      <td class=\"gaccordion-download\">\r\n        <a\r\n          href=\"https:\/\/colon.gob.mx\/include\/pdf\/finanzas\/PRESUPUESTO DE EGRESOS DEL MUNICIPIO DE COLON QUERETARO PARA EL EJERCICIO FISCAL 2023.pdf\"\r\n          target=\"_blank\"\r\n          rel=\"noopener noreferrer\"\r\n          class=\"gaccordion-pdf\"\r\n          aria-label=\"Descargar PDF\"\r\n        >\r\n          <i class=\"fa-solid fa-file-pdf\"><\/i>\r\n        <\/a>\r\n      <\/td>\r\n    <\/tr>\r\n    <tr>\r\n      <td class=\"gaccordion-numeration\"><\/td>\r\n      <td class=\"gaccordion-title\">Presupuesto de egresos del municipio de Col\u00f3n para el ejercicio fiscal 2022<\/td>\r\n      <td class=\"gaccordion-download\">\r\n        <a\r\n          href=\"https:\/\/colon.gob.mx\/include\/pdf\/finanzas\/PRESUPUESTO DE EGRESOS DEL MUNICIPIO DE COLON QRO PARA EL EJERCICIO FISCAL 2022.pdf\"\r\n          target=\"_blank\"\r\n          rel=\"noopener noreferrer\"\r\n          class=\"gaccordion-pdf\"\r\n          aria-label=\"Descargar PDF\"\r\n        >\r\n          <i class=\"fa-solid fa-file-pdf\"><\/i>\r\n        <\/a>\r\n      <\/td>\r\n    <\/tr>\r\n    <tr>\r\n      <td class=\"gaccordion-numeration\"><\/td>\r\n      <td class=\"gaccordion-title\">Presupuesto de egresos del municipio de Col\u00f3n para el ejercicio fiscal 2021<\/td>\r\n      <td class=\"gaccordion-download\">\r\n        <a\r\n          href=\"https:\/\/colon.gob.mx\/include\/pdf\/finanzas\/PRESUPUESTO DE EGRESOS DEL MUNICIPIO DE COLON PARA EL EJERCICO FISCAL 2021.pdf\"\r\n          target=\"_blank\"\r\n          rel=\"noopener noreferrer\"\r\n          class=\"gaccordion-pdf\"\r\n          aria-label=\"Descargar PDF\"\r\n        >\r\n          <i class=\"fa-solid fa-file-pdf\"><\/i>\r\n        <\/a>\r\n      <\/td>\r\n    <\/tr>\r\n    <tr>\r\n      <td class=\"gaccordion-numeration\"><\/td>\r\n      <td class=\"gaccordion-title\">Doc. de aprobaci\u00f3n de presupuesto de egresos 2021<\/td>\r\n      <td class=\"gaccordion-download\">\r\n        <a\r\n          href=\"https:\/\/colon.gob.mx\/include\/pdf\/finanzas\/DOC. DE APROBACION DE PRESUPUESTO DE EGRESOS 2021.pdf\"\r\n          target=\"_blank\"\r\n          rel=\"noopener noreferrer\"\r\n          class=\"gaccordion-pdf\"\r\n          aria-label=\"Descargar PDF\"\r\n        >\r\n          <i class=\"fa-solid fa-file-pdf\"><\/i>\r\n        <\/a>\r\n      <\/td>\r\n    <\/tr>\r\n    <tr>\r\n      <td class=\"gaccordion-numeration\"><\/td>\r\n      <td class=\"gaccordion-title\">Calendario base de egresos<\/td>\r\n      <td class=\"gaccordion-download\">\r\n        <a\r\n          href=\"https:\/\/colon.gob.mx\/include\/pdf\/finanzas\/CALENDARIO BASE DE EGRESOS.pdf\"\r\n          target=\"_blank\"\r\n          rel=\"noopener noreferrer\"\r\n          class=\"gaccordion-pdf\"\r\n          aria-label=\"Descargar PDF\"\r\n        >\r\n          <i class=\"fa-solid fa-file-pdf\"><\/i>\r\n        <\/a>\r\n      <\/td>\r\n    <\/tr>\r\n    <tr>\r\n      <td class=\"gaccordion-numeration\"><\/td>\r\n      <td class=\"gaccordion-title\">Anteproyecto de egresos 2021<\/td>\r\n      <td class=\"gaccordion-download\">\r\n        <a\r\n          href=\"https:\/\/colon.gob.mx\/include\/pdf\/finanzas\/ANTEPROYECTO EGRESOS 2021.pdf\"\r\n          target=\"_blank\"\r\n          rel=\"noopener noreferrer\"\r\n          class=\"gaccordion-pdf\"\r\n          aria-label=\"Descargar PDF\"\r\n        >\r\n          <i class=\"fa-solid fa-file-pdf\"><\/i>\r\n        <\/a>\r\n      <\/td>\r\n    <\/tr>\r\n    <tr>\r\n      <td class=\"gaccordion-numeration\"><\/td>\r\n      <td class=\"gaccordion-title\">Anteproyecto presupuesto de egresos 2020<\/td>\r\n      <td class=\"gaccordion-download\">\r\n        <a\r\n          href=\"https:\/\/colon.gob.mx\/include\/pdf\/finanzas\/ANTEPROYECTO PRESUPUESTO DE EGRESOS 2020.pdf\"\r\n          target=\"_blank\"\r\n          rel=\"noopener noreferrer\"\r\n          class=\"gaccordion-pdf\"\r\n          aria-label=\"Descargar PDF\"\r\n        >\r\n          <i class=\"fa-solid fa-file-pdf\"><\/i>\r\n        <\/a>\r\n      <\/td>\r\n    <\/tr>\r\n    <tr>\r\n      <td class=\"gaccordion-numeration\"><\/td>\r\n      <td class=\"gaccordion-title\">Calendario base mensual egresos 2020<\/td>\r\n      <td class=\"gaccordion-download\">\r\n        <a\r\n          href=\"https:\/\/colon.gob.mx\/include\/pdf\/finanzas\/CALENDARIO BASE MENSUAL EGRESOS 2020.pdf\"\r\n          target=\"_blank\"\r\n          rel=\"noopener noreferrer\"\r\n          class=\"gaccordion-pdf\"\r\n          aria-label=\"Descargar PDF\"\r\n        >\r\n          <i class=\"fa-solid fa-file-pdf\"><\/i>\r\n        <\/a>\r\n      <\/td>\r\n    <\/tr>\r\n    <tr>\r\n      <td class=\"gaccordion-numeration\"><\/td>\r\n      <td class=\"gaccordion-title\">Difusi\u00f3n a la ciudadania del Presupuesto de Egresos 2020<\/td>\r\n      <td class=\"gaccordion-download\">\r\n        <a\r\n          href=\"https:\/\/colon.gob.mx\/include\/pdf\/finanzas\/difusion a la ciudadania del Presupuesto de Egresos 2020.pdf\"\r\n          target=\"_blank\"\r\n          rel=\"noopener noreferrer\"\r\n          class=\"gaccordion-pdf\"\r\n          aria-label=\"Descargar PDF\"\r\n        >\r\n          <i class=\"fa-solid fa-file-pdf\"><\/i>\r\n        <\/a>\r\n      <\/td>\r\n    <\/tr>\r\n    <tr>\r\n      <td class=\"gaccordion-numeration\"><\/td>\r\n      <td class=\"gaccordion-title\">Presupuesto de egresos del Municipio de Col\u00f3n para el ejercicio fiscal 2020<\/td>\r\n      <td class=\"gaccordion-download\">\r\n        <a\r\n          href=\"https:\/\/colon.gob.mx\/include\/pdf\/finanzas\/PRESUPUESTO DE EGRESOS DEL MUNICIPIO DE COLON PARA EL EJERCICIO FISCAL 2020.pdf\"\r\n          target=\"_blank\"\r\n          rel=\"noopener noreferrer\"\r\n          class=\"gaccordion-pdf\"\r\n          aria-label=\"Descargar PDF\"\r\n        >\r\n          <i class=\"fa-solid fa-file-pdf\"><\/i>\r\n        <\/a>\r\n      <\/td>\r\n    <\/tr>\r\n    <tr>\r\n      <td class=\"gaccordion-numeration\"><\/td>\r\n      <td class=\"gaccordion-title\">Presupuesto de egresos 2019<\/td>\r\n      <td class=\"gaccordion-download\">\r\n        <a\r\n          href=\"https:\/\/colon.gob.mx\/include\/pdf\/finanzas\/PRESUPUESTO DE EGRESOS COLON 2019.pdf\"\r\n          target=\"_blank\"\r\n          rel=\"noopener noreferrer\"\r\n          class=\"gaccordion-pdf\"\r\n          aria-label=\"Descargar PDF\"\r\n        >\r\n          <i class=\"fa-solid fa-file-pdf\"><\/i>\r\n        <\/a>\r\n      <\/td>\r\n    <\/tr>\r\n    <tr>\r\n      <td class=\"gaccordion-numeration\"><\/td>\r\n      <td class=\"gaccordion-title\">Estructura y Contenido Presupuesto de Egresos 2019<\/td>\r\n      <td class=\"gaccordion-download\">\r\n        <a\r\n          href=\"https:\/\/colon.gob.mx\/include\/pdf\/finanzas\/Estructura y Contenido Presupuesto de Egresos 2019.pdf\"\r\n          target=\"_blank\"\r\n          rel=\"noopener noreferrer\"\r\n          class=\"gaccordion-pdf\"\r\n          aria-label=\"Descargar PDF\"\r\n        >\r\n          <i class=\"fa-solid fa-file-pdf\"><\/i>\r\n        <\/a>\r\n      <\/td>\r\n    <\/tr>\r\n    <tr>\r\n      <td class=\"gaccordion-numeration\"><\/td>\r\n      <td class=\"gaccordion-title\">Calendario Base Mensual Egresos 2019<\/td>\r\n      <td class=\"gaccordion-download\">\r\n        <a\r\n          href=\"https:\/\/colon.gob.mx\/include\/pdf\/finanzas\/Calendario Base Mensual Egresos 2019.pdf\"\r\n          target=\"_blank\"\r\n          rel=\"noopener noreferrer\"\r\n          class=\"gaccordion-pdf\"\r\n          aria-label=\"Descargar PDF\"\r\n        >\r\n          <i class=\"fa-solid fa-file-pdf\"><\/i>\r\n        <\/a>\r\n      <\/td>\r\n    <\/tr>\r\n    <tr>\r\n      <td class=\"gaccordion-numeration\"><\/td>\r\n      <td class=\"gaccordion-title\">Anteproyecto resupuesto de egresos 2019<\/td>\r\n      <td class=\"gaccordion-download\">\r\n        <a\r\n          href=\"https:\/\/colon.gob.mx\/include\/pdf\/finanzas\/Presupuesto de egresos 2019.pdf\"\r\n          target=\"_blank\"\r\n          rel=\"noopener noreferrer\"\r\n          class=\"gaccordion-pdf\"\r\n          aria-label=\"Descargar PDF\"\r\n        >\r\n          <i class=\"fa-solid fa-file-pdf\"><\/i>\r\n        <\/a>\r\n      <\/td>\r\n    <\/tr>\r\n    <tr>\r\n      <td class=\"gaccordion-numeration\"><\/td>\r\n      <td class=\"gaccordion-title\">Anexos Ppto Egresos 2018<\/td>\r\n      <td class=\"gaccordion-download\">\r\n        <a\r\n          href=\"https:\/\/colon.gob.mx\/include\/pdf\/finanzas\/Anexos Ppto Egresos 2018.pdf\"\r\n          target=\"_blank\"\r\n          rel=\"noopener noreferrer\"\r\n          class=\"gaccordion-pdf\"\r\n          aria-label=\"Descargar PDF\"\r\n        >\r\n          <i class=\"fa-solid fa-file-pdf\"><\/i>\r\n        <\/a>\r\n      <\/td>\r\n    <\/tr>\r\n    <tr>\r\n      <td class=\"gaccordion-numeration\"><\/td>\r\n      <td class=\"gaccordion-title\">Calendario Base Mensual Egre. 2018<\/td>\r\n      <td class=\"gaccordion-download\">\r\n        <a\r\n          href=\"https:\/\/colon.gob.mx\/include\/pdf\/finanzas\/Calendario Base Mensual Egre. 2018.pdf\"\r\n          target=\"_blank\"\r\n          rel=\"noopener noreferrer\"\r\n          class=\"gaccordion-pdf\"\r\n          aria-label=\"Descargar PDF\"\r\n        >\r\n          <i class=\"fa-solid fa-file-pdf\"><\/i>\r\n        <\/a>\r\n      <\/td>\r\n    <\/tr>\r\n    <tr>\r\n      <td class=\"gaccordion-numeration\"><\/td>\r\n      <td class=\"gaccordion-title\">Presupuesto de Egresos del Municipio de Col\u00f3n, Quer\u00e9taro para el Ejercicio Fiscal 2018<\/td>\r\n      <td class=\"gaccordion-download\">\r\n        <a\r\n          href=\"https:\/\/colon.gob.mx\/include\/pdf\/finanzas\/Presupuesto de Egresos del Municipio de Colon Queretaro para el Ejercicio Fiscal 2018.pdf\"\r\n          target=\"_blank\"\r\n          rel=\"noopener noreferrer\"\r\n          class=\"gaccordion-pdf\"\r\n          aria-label=\"Descargar PDF\"\r\n        >\r\n          <i class=\"fa-solid fa-file-pdf\"><\/i>\r\n        <\/a>\r\n      <\/td>\r\n    <\/tr>\r\n    <tr>\r\n      <td class=\"gaccordion-numeration\"><\/td>\r\n      <td class=\"gaccordion-title\">Presupuesto de egresos anal\u00edtico calendario mensual 2017<\/td>\r\n      <td class=\"gaccordion-download\">\r\n        <a\r\n          href=\"https:\/\/colon.gob.mx\/include\/pdf\/finanzas\/ppto egresos analitic calend mensual 2017.xlsx\"\r\n          target=\"_blank\"\r\n          rel=\"noopener noreferrer\"\r\n          class=\"gaccordion-excel\"\r\n          aria-label=\"Descargar XLSX\"\r\n        >\r\n          <i class=\"fa-solid fa-file-excel\"><\/i>\r\n        <\/a>\r\n      <\/td>\r\n    <\/tr>\r\n    <tr>\r\n      <td class=\"gaccordion-numeration\"><\/td>\r\n      <td class=\"gaccordion-title\">Presupuesto de egresos para el ejercicio fiscal 2017<\/td>\r\n      <td class=\"gaccordion-download\">\r\n        <a\r\n          href=\"https:\/\/colon.gob.mx\/include\/pdf\/finanzas\/Presupuesto de Egresos para el ejercicio fiscal 2017.pdf\"\r\n          target=\"_blank\"\r\n          rel=\"noopener noreferrer\"\r\n          class=\"gaccordion-pdf\"\r\n          aria-label=\"Descargar PDF\"\r\n        >\r\n          <i class=\"fa-solid fa-file-pdf\"><\/i>\r\n        <\/a>\r\n      <\/td>\r\n    <\/tr>\r\n    <tr>\r\n      <td class=\"gaccordion-numeration\"><\/td>\r\n      <td class=\"gaccordion-title\">Presupuesto de egresos 2016<\/td>\r\n      <td class=\"gaccordion-download\">\r\n        <a\r\n          href=\"https:\/\/colon.gob.mx\/include\/pdf\/finanzas\/presupuesto de egresos 2016 colon.pdf\"\r\n          target=\"_blank\"\r\n          rel=\"noopener noreferrer\"\r\n          class=\"gaccordion-pdf\"\r\n          aria-label=\"Descargar PDF\"\r\n        >\r\n          <i class=\"fa-solid fa-file-pdf\"><\/i>\r\n        <\/a>\r\n      <\/td>\r\n    <\/tr>\r\n    <tr>\r\n      <td class=\"gaccordion-numeration\"><\/td>\r\n      <td class=\"gaccordion-title\">Presupuesto de egresos 2016 Desglosado<\/td>\r\n      <td class=\"gaccordion-download\">\r\n        <a\r\n          href=\"https:\/\/colon.gob.mx\/include\/pdf\/finanzas\/PRESUPUESTO DE EGRESOS 2016 DESGLOSADO POR SECRETARIA.pdf\"\r\n          target=\"_blank\"\r\n          rel=\"noopener noreferrer\"\r\n          class=\"gaccordion-pdf\"\r\n          aria-label=\"Descargar PDF\"\r\n        >\r\n          <i class=\"fa-solid fa-file-pdf\"><\/i>\r\n        <\/a>\r\n      <\/td>\r\n    <\/tr>\r\n  <\/tbody>\r\n<\/table>\r\n\r\n<script>\r\n  \/\/ Numeraci\u00f3n autom\u00e1tica de filas\r\n  function updateRowNumbers() {\r\n    const rows = document.querySelectorAll('.gaccordion-table tbody tr');\r\n    rows.forEach((row, index) => {\r\n      const numCell = row.querySelector('.gaccordion-numeration');\r\n      if (numCell) {\r\n        numCell.textContent = index + 1;\r\n      }\r\n    });\r\n  }\r\n  \/\/ Numerar al cargar la p\u00e1gina\r\n  document.addEventListener('DOMContentLoaded', updateRowNumbers);\r\n<\/script>\t\t\t\t<\/div>\n\t\t\t\t<\/div>\n\t\t\t\t<div class=\"elementor-element elementor-element-58f4d3a elementor-widget elementor-widget-html\" data-id=\"58f4d3a\" data-element_type=\"widget\" data-e-type=\"widget\" data-widget_type=\"html.default\">\n\t\t\t\t<div class=\"elementor-widget-container\">\n\t\t\t\t\t<!-- ==================== FOOTER PROGRAMA ANUAL DE EVALUACI\u00d3N ==================== -->\r\n<footer class=\"gcuenta-footer-simple\">\r\n  <div class=\"gcuenta-footer-simple__inner\">\r\n    <p class=\"gcuenta-footer-simple__update\">\r\n      \u00daltima actualizaci\u00f3n: <strong>diciembre de 2025<\/strong>\r\n    <\/p>\r\n    <p class=\"gcuenta-footer-simple__note\">\r\n      Informaci\u00f3n sujeta a evaluaci\u00f3n y verificaci\u00f3n por las <em>autoridades competentes<\/em>.\r\n    <\/p>\r\n    <p class=\"gcuenta-footer-simple__credit\">\r\n      H. Ayuntamiento de Col\u00f3n, Quer\u00e9taro | 2024 \u2013 2027\r\n    <\/p>\r\n  <\/div>\r\n<\/footer>\r\n\r\n<style>\r\n  .gcuenta-footer-simple {\r\n    background: #f8f9fa;\r\n    border-top: 1px solid #e9ecef;\r\n    padding: 1.5rem 1rem;\r\n    margin: 2rem 0;\r\n    font-size: .875rem;\r\n    color: #555;\r\n    text-align: center;\r\n  }\r\n  .gcuenta-footer-simple__inner {\r\n    max-width: 900px;\r\n    margin: 0 auto;\r\n  }\r\n  .gcuenta-footer-simple__update,\r\n  .gcuenta-footer-simple__note,\r\n  .gcuenta-footer-simple__credit {\r\n    margin: 0 0 .75rem;\r\n    line-height: 1.5;\r\n  }\r\n  .gcuenta-footer-simple__update strong {\r\n    color: #333;\r\n    font-weight: 600;\r\n  }\r\n  .gcuenta-footer-simple__note em {\r\n    font-style: italic;\r\n    color: #444;\r\n  }\r\n  .gcuenta-footer-simple__credit {\r\n    font-size: .8rem;\r\n    color: #777;\r\n    margin-bottom: 0;\r\n  }\r\n  @media (max-width: 480px) {\r\n    .gcuenta-footer-simple {\r\n      padding: 1.25rem .75rem;\r\n      font-size: .8rem;\r\n    }\r\n  }\r\n<\/style>\t\t\t\t<\/div>\n\t\t\t\t<\/div>\n\t\t\t\t\t<\/div>\n\t\t<\/div>\n\t\t\t\t\t<\/div>\n\t\t<\/section>\n\t\t\t\t<section class=\"elementor-section elementor-top-section elementor-element elementor-element-554d8f36 elementor-hidden-desktop elementor-hidden-tablet elementor-hidden-mobile elementor-section-boxed elementor-section-height-default elementor-section-height-default\" data-id=\"554d8f36\" data-element_type=\"section\" data-e-type=\"section\">\n\t\t\t\t\t\t<div class=\"elementor-container elementor-column-gap-default\">\n\t\t\t\t\t<div class=\"elementor-column elementor-col-100 elementor-top-column elementor-element elementor-element-518f5bcf\" data-id=\"518f5bcf\" data-element_type=\"column\" data-e-type=\"column\">\n\t\t\t<div class=\"elementor-widget-wrap elementor-element-populated\">\n\t\t\t\t\t\t<div class=\"elementor-element elementor-element-40ac7ce7 elementor-widget elementor-widget-text-editor\" data-id=\"40ac7ce7\" data-element_type=\"widget\" data-e-type=\"widget\" data-widget_type=\"text-editor.default\">\n\t\t\t\t<div class=\"elementor-widget-container\">\n\t\t\t\t\t\t\t\t\t\n<p><iframe class=\"\" style=\"width: 100%; max-width: 100%; height: 320px;\" src=\"https:\/\/www.colon.gob.mx\/Cpresupuestoegresos.php\" frameborder=\"0\" allowfullscreen=\"allowfullscreen\"><\/iframe><\/p>\n\t\t\t\t\t\t\t\t<\/div>\n\t\t\t\t<\/div>\n\t\t\t\t\t<\/div>\n\t\t<\/div>\n\t\t\t\t\t<\/div>\n\t\t<\/section>\n\t\t\t\t<\/div>\n\t\t","protected":false},"excerpt":{"rendered":"<p>Presupuesto de Egresos Planeaci\u00f3n y aplicaci\u00f3n de los recursos p\u00fablicos del H. Ayuntamiento de Col\u00f3n En esta secci\u00f3n se publica el Presupuesto de Egresos anual del Municipio de Col\u00f3n, as\u00ed como su ejercicio trimestral, conforme a las obligaciones de transparencia en materia de gesti\u00f3n financiera. Estos documentos detallan la distribuci\u00f3n, &hellip;<\/p>\n","protected":false},"author":1,"featured_media":0,"parent":0,"menu_order":0,"comment_status":"closed","ping_status":"closed","template":"","meta":{"footnotes":""},"class_list":["post-3720","page","type-page","status-publish","hentry"],"_links":{"self":[{"href":"https:\/\/colon.gob.mx\/inicio\/wp-json\/wp\/v2\/pages\/3720","targetHints":{"allow":["GET"]}}],"collection":[{"href":"https:\/\/colon.gob.mx\/inicio\/wp-json\/wp\/v2\/pages"}],"about":[{"href":"https:\/\/colon.gob.mx\/inicio\/wp-json\/wp\/v2\/types\/page"}],"author":[{"embeddable":true,"href":"https:\/\/colon.gob.mx\/inicio\/wp-json\/wp\/v2\/users\/1"}],"replies":[{"embeddable":true,"href":"https:\/\/colon.gob.mx\/inicio\/wp-json\/wp\/v2\/comments?post=3720"}],"version-history":[{"count":10,"href":"https:\/\/colon.gob.mx\/inicio\/wp-json\/wp\/v2\/pages\/3720\/revisions"}],"predecessor-version":[{"id":10867,"href":"https:\/\/colon.gob.mx\/inicio\/wp-json\/wp\/v2\/pages\/3720\/revisions\/10867"}],"wp:attachment":[{"href":"https:\/\/colon.gob.mx\/inicio\/wp-json\/wp\/v2\/media?parent=3720"}],"curies":[{"name":"wp","href":"https:\/\/api.w.org\/{rel}","templated":true}]}}