{"id":3,"date":"2019-04-08T15:02:28","date_gmt":"2019-04-08T15:02:28","guid":{"rendered":"https:\/\/colon.gob.mx\/inicio\/?page_id=3"},"modified":"2025-09-22T17:42:45","modified_gmt":"2025-09-22T17:42:45","slug":"privacy-policy","status":"publish","type":"page","link":"https:\/\/colon.gob.mx\/inicio\/privacy-policy\/","title":{"rendered":"AVISO DE PRIVACIDAD"},"content":{"rendered":"\t\t<div data-elementor-type=\"wp-page\" data-elementor-id=\"3\" class=\"elementor elementor-3\">\n\t\t\t\t\t\t<section class=\"elementor-section elementor-top-section elementor-element elementor-element-a5a99b0 elementor-section-boxed elementor-section-height-default elementor-section-height-default\" data-id=\"a5a99b0\" data-element_type=\"section\" data-e-type=\"section\">\n\t\t\t\t\t\t<div class=\"elementor-container elementor-column-gap-default\">\n\t\t\t\t\t<div class=\"elementor-column elementor-col-100 elementor-top-column elementor-element elementor-element-b06632b\" data-id=\"b06632b\" data-element_type=\"column\" data-e-type=\"column\">\n\t\t\t<div class=\"elementor-widget-wrap elementor-element-populated\">\n\t\t\t\t\t\t<div class=\"elementor-element elementor-element-6709637 elementor-widget elementor-widget-html\" data-id=\"6709637\" data-element_type=\"widget\" data-e-type=\"widget\" data-widget_type=\"html.default\">\n\t\t\t\t<div class=\"elementor-widget-container\">\n\t\t\t\t\t<style>\r\n.aviso-privacidad {\r\n    font-family: 'Segoe UI', Tahoma, Geneva, Verdana, sans-serif;\r\n    line-height: 1.6;\r\n    color: #333;\r\n}\r\n\r\n.aviso-privacidad h1 {\r\n    color: #470A68;\r\n    text-align: center;\r\n    border-bottom: 2px solid #470A68;\r\n    padding-bottom: 10px;\r\n    margin-bottom: 25px;\r\n    font-size: 3rem;\r\n}\r\n\r\n.aviso-privacidad h2 {\r\n    color: #ff7f41;\r\n    margin-top: 25px;\r\n    margin-bottom: 15px;\r\n    font-size: 2em;\r\n}\r\n\r\n.aviso-privacidad h3 {\r\n    color: #999999;\r\n    margin-top: 20px;\r\n    margin-bottom: 10px;\r\n    font-size: 1.5em;\r\n}\r\n\r\n.aviso-privacidad p {\r\n    margin-bottom: 15px;\r\n    text-align: justify;\r\n}\r\n\r\n.aviso-privacidad ul {\r\n    margin-left: 20px;\r\n    margin-bottom: 15px;\r\n}\r\n\r\n.aviso-privacidad li {\r\n    margin-bottom: 0px;\r\n}\r\nli::marker {\r\n    font-weight: 500\r\n}\r\n\r\n.aviso-privacidad .destacado {\r\n    background-color: #f8f9fa;\r\n    border-left: 4px solid #68bd9d;\r\n    padding: 15px;\r\n    margin: 15px 0;\r\n    border-radius: 0 5px 5px 0;\r\n}\r\n\r\n.aviso-privacidad .autorizacion {\r\n    display: flex;\r\n    align-items: center;\r\n    margin: 15px 0;\r\n    padding: 10px;\r\n    background-color: #f8f9fa;\r\n    border-radius: 5px;\r\n}\r\n\r\n.aviso-privacidad .autorizacion span {\r\n    margin-right: 10px;\r\n    font-weight: bold;\r\n}\r\n\r\n.aviso-privacidad .contacto-info {\r\n    background-color: #f8f9fa;\r\n    padding: 15px;\r\n    border-radius: 5px;\r\n    margin: 15px 0;\r\n}\r\n\r\n.aviso-privacidad .contacto-info p {\r\n    margin: 5px 0;\r\n}\r\n\r\n.aviso-privacidad .fecha-actualizacion {\r\n    text-align: right;\r\n    font-style: italic;\r\n    color: #7f8c8d;\r\n    margin-top: 30px;\r\n    border-top: 1px solid #bdc3c7;\r\n    padding-top: 10px;\r\n}\r\n\r\n.aviso-privacidad a {\r\n    color: #470A68;\r\n    text-decoration: none;\r\n}\r\n\r\n.aviso-privacidad a:hover {\r\n    text-decoration: underline;\r\n    color: #ff7f41;\r\n}\r\n\r\n@media (max-width: 768px) {\r\n    .aviso-privacidad {\r\n        padding: 15px;\r\n    }\r\n    \r\n    .aviso-privacidad h1 {\r\n        font-size: 1.5em;\r\n    }\r\n}\r\n<\/style>\r\n\r\n<main class=\"aviso-privacidad\">\r\n    <h1>AVISO DE PRIVACIDAD INTEGRAL<\/h1>\r\n    <h2>Municipio de Col\u00f3n, Quer\u00e9taro<\/h2>\r\n    \r\n    <p>El Municipio de Col\u00f3n, Quer\u00e9taro, con domicilio en H\u00e9roes de la Revoluci\u00f3n, 1, Centro, 76270, Col\u00f3n, Quer\u00e9taro, C.P. 76270 a trav\u00e9s de la Unidad de Transparencia, es responsable del tratamiento de los datos personales que recabe en el ejercicio de sus atribuciones, funciones y facultades, con motivo de la atenci\u00f3n al p\u00fablico; los cuales ser\u00e1n protegidos conforme a lo dispuesto por la Ley General de Protecci\u00f3n de Datos Personales en Posesi\u00f3n de Sujetos Obligados, la Ley de Protecci\u00f3n de Datos Personales en Posesi\u00f3n de Sujetos Obligados del Estado de Quer\u00e9taro y dem\u00e1s normatividad que resulte aplicable.<\/p>\r\n    \r\n    <h3>Datos personales que se recaban:<\/h3>\r\n    <ul>\r\n        <li>Nombre completo y apellidos<\/li>\r\n        <li>Domicilio<\/li>\r\n        <li>Tel\u00e9fono<\/li>\r\n        <li>Edad<\/li>\r\n        <li>Correo electr\u00f3nico<\/li>\r\n    <\/ul>\r\n    \r\n    <h3>Fundamento legal<\/h3>\r\n    <p>El tratamiento de datos personales se encuentra fundamentado en:<\/p>\r\n    <ul>\r\n        <li>Art\u00edculo 6, Base A y 16, segundo p\u00e1rrafo, de la Constituci\u00f3n Pol\u00edtica de los Estados Unidos Mexicanos;<\/li>\r\n        <li>Art\u00edculos 3, fracci\u00f3n II, 15, 27, 37, 78 y 79 de la Ley de Protecci\u00f3n de Datos Personales en Posesi\u00f3n de Sujetos Obligados del Estado de Quer\u00e9taro;<\/li>\r\n        <li>Art\u00edculos 62 de la Ley de Transparencia y Acceso a la Informaci\u00f3n P\u00fablica del Estado de Quer\u00e9taro; y<\/li>\r\n        <li>Dem\u00e1s normatividad municipal aplicable.<\/li>\r\n    <\/ul>\r\n    \r\n    <h3>Finalidades del tratamiento<\/h3>\r\n    <p>La finalidad del tratamiento de sus datos personales es exclusivamente para el ejercicio de facultades de comprobaci\u00f3n respecto a las actividades que ejerce esta dependencia.<\/p>\r\n    <p>Los datos personales recabados ser\u00e1n utilizados para las siguientes finalidades:<\/p>\r\n    <ol>\r\n        <li>Generar estad\u00edsticas en el uso de los tramites y servicios ofrecidos por el municipio de Col\u00f3n, Qro.<\/li>\r\n        <li>Difusi\u00f3n de programas, tramites y servicios que ofrece el municipio de col\u00f3n, Qro.<\/li>\r\n        <li>Encuestas y censos aplicados por las dependencias para medir la satisfacci\u00f3n de los programas, obras, tramites y servicios, que ofrece el municipio de col\u00f3n, Qro.<\/li>\r\n    <\/ol>\r\n    \r\n    <div class=\"destacado\">\r\n        <p><strong>Nota:<\/strong> las estad\u00edsticas que se generen no vincular\u00e1n la informaci\u00f3n general con datos que hagan identificables a los titulares, tampoco se recabar\u00e1n datos personales sensibles.<\/p>\r\n    <\/div>\r\n    \r\n    <div class=\"autorizacion\">\r\n        <span>\u25a1 Autorizo.<\/span> <span>\u25a1 No autorizo<\/span>\r\n    <\/div>\r\n    \r\n    <h3>Ejercicio de los derechos ARCOP<\/h3>\r\n    <p>Usted podr\u00e1 ejercer sus derechos de acceso, rectificaci\u00f3n, cancelaci\u00f3n u oposici\u00f3n de sus datos personales (derechos ARCOP) as\u00ed como el de portabilidad y revocaci\u00f3n del consentimiento, directamente ante la Unidad de Transparencia y Acceso a la Informaci\u00f3n P\u00fablica del Municipio.<\/p>\r\n    \r\n    <h3>Procedimiento:<\/h3>\r\n    <ul>\r\n        <li>Presentar solicitud con nombre, identificaci\u00f3n oficial, descripci\u00f3n clara de los datos personales y derecho que desea ejercer.<\/li>\r\n        <li>Medios para presentarla: En la unidad de Transparencia, correo electr\u00f3nico y presencial.<\/li>\r\n    <\/ul>\r\n    \r\n    <p>En caso de inconformidad, podr\u00e1 interponer recurso de revisi\u00f3n ante la Comisi\u00f3n de Transparencia y Acceso a la Informaci\u00f3n P\u00fablica del Estado de Quer\u00e9taro.<\/p>\r\n    \r\n    <h3>Portabilidad<\/h3>\r\n    <p>No hay portabilidad de los datos recabados.<\/p>\r\n    \r\n    <h3>Unidad de Transparencia<\/h3>\r\n    <div class=\"contacto-info\">\r\n        <p>La Unidad de Transparencia del Municipio de Col\u00f3n tiene su domicilio en:<\/p>\r\n        <p><strong>Calle:<\/strong> Jard\u00edn H\u00e9roes de la Revoluci\u00f3n<\/p>\r\n        <p><strong>N\u00famero:<\/strong> #1<\/p>\r\n        <p><strong>Colonia:<\/strong> Centro<\/p>\r\n        <p><strong>Municipio:<\/strong> Col\u00f3n, Quer\u00e9taro<\/p>\r\n        <p><strong>C\u00f3digo Postal:<\/strong> 76270<\/p>\r\n        <p><strong>Titular o encargado:<\/strong> Oscar Iv\u00e1n Ramos G\u00f3mez<\/p>\r\n        <p><strong>Tel\u00e9fono:<\/strong> (419) 234 3700 \/ 234 3701 Ext. 1501<\/p>\r\n        <p><strong>Correo electr\u00f3nico:<\/strong> <a href=\"mailto:accesoalainformacion@colon.gob.mx\">accesoalainformacion@colon.gob.mx<\/a><\/p>\r\n        <p><strong>D\u00edas y horario de atenci\u00f3n:<\/strong> lunes de 09:00 a las 17:00 horas. y de martes a viernes de las 09:00 a las 16:00 horas.<\/p>\r\n    <\/div>\r\n    \r\n    <h3>Transferencias de datos<\/h3>\r\n    <p>Los datos personales recabados a trav\u00e9s de esta plataforma, no ser\u00e1n transferidos a ninguna otra entidad p\u00fablica o privada, salvo por mandato legal o requerimiento de autoridad competente, para atender requerimientos de informaci\u00f3n de una autoridad competente, que est\u00e9n debidamente fundados y motivados. Cuando acontezca alg\u00fan supuesto se\u00f1alado en el art\u00edculo 16 de la Ley de Protecci\u00f3n de Datos Personales en Posesi\u00f3n de Sujetos Obligados del Estado de Quer\u00e9taro y 22 de la Ley General de Protecci\u00f3n de Datos Personales en Posesi\u00f3n de Sujetos Obligados.<\/p>\r\n    <p>En caso de transferencias que requieran consentimiento del titular, \u00e9stas ser\u00e1n se\u00f1aladas de manera expresa.<\/p>\r\n    \r\n    <h3>Los mecanismos de inconformidad<\/h3>\r\n    <p>Para manifestar negativa al tratamiento de datos personales incluyen el env\u00edo de un escrito a la unidad de transparencia de la instituci\u00f3n, o la comunicaci\u00f3n por correo electr\u00f3nico, a trav\u00e9s de la Plataforma Nacional de Transparencia, o de forma telef\u00f3nica, si la solicitud es rechazada, se puede interponer un recurso de revisi\u00f3n ante el INFOQRO o la autoridad correspondiente.<\/p>\r\n    \r\n    <h3>Mecanismos para manifestar la negativa:<\/h3>\r\n    <ul>\r\n        <li>Escrito dirigido a la Unidad de Transparencia del Municipio de Col\u00f3n.<\/li>\r\n        <li>Plataforma Nacional de Transparencia: <a href=\"https:\/\/www.plataformadetransparencia.org.mx\" target=\"_blank\">Https:\/\/www.plataformadetransparencia.org.mx<\/a><\/li>\r\n        <li>Correo electr\u00f3nico: <a href=\"mailto:accesoalainformacion@colon.gob.mx\">accesoalainformacion@colon.gob.mx<\/a><\/li>\r\n        <li>V\u00eda telef\u00f3nica: (419) 234 3700 \/ 234 3701 Ext. 1501<\/li>\r\n    <\/ul>\r\n    \r\n    <h3>Cambios, Modificaciones y Actualizaciones al Aviso de Privacidad.<\/h3>\r\n    <p>El presente Aviso de Privacidad puede sufrir modificaciones, cambios o actualizaciones, derivado de nuevas disposiciones legales o administrativas o de otra \u00edndole, Cualquiera que sea el supuesto se dar\u00e1 a conocer a trav\u00e9s de los siguientes medios:<\/p>\r\n    <ul>\r\n        <li>P\u00e1gina web oficial: <a href=\"http:\/\/www.colon.gob.mx\" target=\"_blank\">www.colon.gob.mx<\/a>, (\"Aviso de Privacidad\").<\/li>\r\n        <li>Tableros informativos o medios impresos en oficinas municipales.<\/li>\r\n    <\/ul>\r\n    \r\n    <div class=\"fecha-actualizacion\">\r\n        <p>Este Aviso de Privacidad Integral fue actualizado por \u00faltima vez el d\u00eda 22 de agosto del 2025.<\/p>\r\n    <\/div>\r\n    \r\n    <p>*El contenido del presente aviso de privacidad respecto a la informaci\u00f3n proporcionada respecto al tr\u00e1mite, servicios, requisitos, fines, fundamento legal para la solicitud de los datos personales de las transferencias de los datos personales, es responsabilidad del Municipio de Col\u00f3n Quer\u00e9taro.<\/p>\r\n<\/main>\t\t\t\t<\/div>\n\t\t\t\t<\/div>\n\t\t\t\t<div class=\"elementor-element elementor-element-ce091cd elementor-align-center elementor-widget elementor-widget-button\" data-id=\"ce091cd\" data-element_type=\"widget\" data-e-type=\"widget\" data-widget_type=\"button.default\">\n\t\t\t\t<div class=\"elementor-widget-container\">\n\t\t\t\t\t\t\t\t\t<div class=\"elementor-button-wrapper\">\n\t\t\t\t\t<a class=\"elementor-button elementor-button-link elementor-size-sm\" href=\"https:\/\/colon.gob.mx\/include\/pdf\/informacion%20publica\/Aviso_Privacidad_Integral_Col\u00f3n-2025.pdf\" target=\"_blank\" rel=\"nofollow\">\n\t\t\t\t\t\t<span class=\"elementor-button-content-wrapper\">\n\t\t\t\t\t\t<span class=\"elementor-button-icon\">\n\t\t\t\t<i aria-hidden=\"true\" class=\"fas fa-arrow-alt-circle-down\"><\/i>\t\t\t<\/span>\n\t\t\t\t\t\t\t\t\t<span class=\"elementor-button-text\">Descargar<\/span>\n\t\t\t\t\t<\/span>\n\t\t\t\t\t<\/a>\n\t\t\t\t<\/div>\n\t\t\t\t\t\t\t\t<\/div>\n\t\t\t\t<\/div>\n\t\t\t\t\t<\/div>\n\t\t<\/div>\n\t\t\t\t\t<\/div>\n\t\t<\/section>\n\t\t\t\t<\/div>\n\t\t","protected":false},"excerpt":{"rendered":"<p>AVISO DE PRIVACIDAD INTEGRAL Municipio de Col\u00f3n, Quer\u00e9taro El Municipio de Col\u00f3n, Quer\u00e9taro, con domicilio en H\u00e9roes de la Revoluci\u00f3n, 1, Centro, 76270, Col\u00f3n, Quer\u00e9taro, C.P. 76270 a trav\u00e9s de la Unidad de Transparencia, es responsable del tratamiento de los datos personales que recabe en el ejercicio de sus atribuciones, &hellip;<\/p>\n","protected":false},"author":1,"featured_media":0,"parent":0,"menu_order":0,"comment_status":"closed","ping_status":"open","template":"","meta":{"footnotes":""},"class_list":["post-3","page","type-page","status-publish","hentry"],"_links":{"self":[{"href":"https:\/\/colon.gob.mx\/inicio\/wp-json\/wp\/v2\/pages\/3","targetHints":{"allow":["GET"]}}],"collection":[{"href":"https:\/\/colon.gob.mx\/inicio\/wp-json\/wp\/v2\/pages"}],"about":[{"href":"https:\/\/colon.gob.mx\/inicio\/wp-json\/wp\/v2\/types\/page"}],"author":[{"embeddable":true,"href":"https:\/\/colon.gob.mx\/inicio\/wp-json\/wp\/v2\/users\/1"}],"replies":[{"embeddable":true,"href":"https:\/\/colon.gob.mx\/inicio\/wp-json\/wp\/v2\/comments?post=3"}],"version-history":[{"count":19,"href":"https:\/\/colon.gob.mx\/inicio\/wp-json\/wp\/v2\/pages\/3\/revisions"}],"predecessor-version":[{"id":8966,"href":"https:\/\/colon.gob.mx\/inicio\/wp-json\/wp\/v2\/pages\/3\/revisions\/8966"}],"wp:attachment":[{"href":"https:\/\/colon.gob.mx\/inicio\/wp-json\/wp\/v2\/media?parent=3"}],"curies":[{"name":"wp","href":"https:\/\/api.w.org\/{rel}","templated":true}]}}