{"id":203,"date":"2019-04-09T16:56:52","date_gmt":"2019-04-09T16:56:52","guid":{"rendered":"https:\/\/colon.gob.mx\/inicio\/?page_id=203"},"modified":"2022-01-21T21:05:04","modified_gmt":"2022-01-21T21:05:04","slug":"contacto","status":"publish","type":"page","link":"https:\/\/colon.gob.mx\/inicio\/contacto\/","title":{"rendered":"Contacto"},"content":{"rendered":"\t\t<div data-elementor-type=\"wp-post\" data-elementor-id=\"203\" class=\"elementor elementor-203\">\n\t\t\t\t\t\t<section class=\"elementor-section elementor-top-section elementor-element elementor-element-7b9406e elementor-section-boxed elementor-section-height-default elementor-section-height-default\" data-id=\"7b9406e\" data-element_type=\"section\" data-e-type=\"section\">\n\t\t\t\t\t\t<div class=\"elementor-container elementor-column-gap-default\">\n\t\t\t\t\t<div class=\"elementor-column elementor-col-100 elementor-top-column elementor-element elementor-element-90acba1\" data-id=\"90acba1\" data-element_type=\"column\" data-e-type=\"column\">\n\t\t\t<div class=\"elementor-widget-wrap elementor-element-populated\">\n\t\t\t\t\t\t<div class=\"elementor-element elementor-element-db2ae86 elementor-widget elementor-widget-shortcode\" data-id=\"db2ae86\" data-element_type=\"widget\" data-e-type=\"widget\" data-widget_type=\"shortcode.default\">\n\t\t\t\t<div class=\"elementor-widget-container\">\n\t\t\t\t\t\t\t<div class=\"elementor-shortcode\"><div class=\"gdfrm-form-container\">\n    <form autocomplete=\"off\" action=\"\" method=\"\" class=\"gdfrm-form\" form-id=\"1\" id=\"gdfrm-1\" enctype='multipart\/form-data'>\n                    <div class=\"gdfrm-form-title\">\n                <span>Buz\u00f3n<\/span>\n            <\/div>\n        \n                <input type=\"hidden\" class=\"required-empty-error\" value=\"This field is required\">\n        <input type=\"hidden\" class=\"email-format-error\" value=\"Wrong Email Format\">\n        <input type=\"hidden\" class=\"upload-size-error\" value=\"Max Upload Size Exceeded\">\n        <input type=\"hidden\" class=\"file-format-error\" value=\"Wrong File Format\">\n\n        <div class=\"form_loading_icon\"><img decoding=\"async\" src=\"https:\/\/colon.gob.mx\/inicio\/wp-content\/plugins\/easy-contact-form-builder\/assets\/images\/loading.gif\"> <\/div>\n    <\/form>\n<\/div>\n\n\n\n\n\n<\/div>\n\t\t\t\t\t\t<\/div>\n\t\t\t\t<\/div>\n\t\t\t\t\t<\/div>\n\t\t<\/div>\n\t\t\t\t\t<\/div>\n\t\t<\/section>\n\t\t\t\t<section class=\"elementor-section elementor-top-section elementor-element elementor-element-673dc76 elementor-section-full_width elementor-section-height-default elementor-section-height-default\" data-id=\"673dc76\" data-element_type=\"section\" data-e-type=\"section\">\n\t\t\t\t\t\t<div class=\"elementor-container elementor-column-gap-no\">\n\t\t\t\t\t<div class=\"elementor-column elementor-col-100 elementor-top-column elementor-element elementor-element-4e1164e9\" data-id=\"4e1164e9\" data-element_type=\"column\" data-e-type=\"column\">\n\t\t\t<div class=\"elementor-widget-wrap elementor-element-populated\">\n\t\t\t\t\t\t<div class=\"elementor-element elementor-element-b1efa39 elementor-widget elementor-widget-google_maps\" data-id=\"b1efa39\" data-element_type=\"widget\" data-e-type=\"widget\" data-widget_type=\"google_maps.default\">\n\t\t\t\t<div class=\"elementor-widget-container\">\n\t\t\t\t\t\t\t<div class=\"elementor-custom-embed\">\n\t\t\t<iframe loading=\"lazy\"\n\t\t\t\t\tsrc=\"https:\/\/maps.google.com\/maps?q=Col%C3%B3n&#038;t=m&#038;z=13&#038;output=embed&#038;iwloc=near\"\n\t\t\t\t\ttitle=\"Col\u00f3n\"\n\t\t\t\t\taria-label=\"Col\u00f3n\"\n\t\t\t><\/iframe>\n\t\t<\/div>\n\t\t\t\t\t\t<\/div>\n\t\t\t\t<\/div>\n\t\t\t\t<section class=\"elementor-section elementor-inner-section elementor-element elementor-element-7c205cf2 elementor-section-content-middle elementor-section-boxed elementor-section-height-default elementor-section-height-default\" data-id=\"7c205cf2\" data-element_type=\"section\" data-e-type=\"section\">\n\t\t\t\t\t\t<div class=\"elementor-container elementor-column-gap-no\">\n\t\t\t\t\t<div class=\"elementor-column elementor-col-33 elementor-inner-column elementor-element elementor-element-132cb22c\" data-id=\"132cb22c\" data-element_type=\"column\" data-e-type=\"column\">\n\t\t\t<div class=\"elementor-widget-wrap elementor-element-populated\">\n\t\t\t\t\t\t<div class=\"elementor-element elementor-element-554dfe8c elementor-widget elementor-widget-heading\" data-id=\"554dfe8c\" data-element_type=\"widget\" data-e-type=\"widget\" data-widget_type=\"heading.default\">\n\t\t\t\t<div class=\"elementor-widget-container\">\n\t\t\t\t\t<h6 class=\"elementor-heading-title elementor-size-default\">Localizaci\u00f3n<\/h6>\t\t\t\t<\/div>\n\t\t\t\t<\/div>\n\t\t\t\t<div class=\"elementor-element elementor-element-5cdd7823 elementor-widget elementor-widget-text-editor\" data-id=\"5cdd7823\" data-element_type=\"widget\" data-e-type=\"widget\" data-widget_type=\"text-editor.default\">\n\t\t\t\t<div class=\"elementor-widget-container\">\n\t\t\t\t\t\t\t\t\t<p>Jard\u00edn H\u00e9roes de la Revoluci\u00f3n No. 1 Col\u00f3n, Quer\u00e9taro<\/p>\t\t\t\t\t\t\t\t<\/div>\n\t\t\t\t<\/div>\n\t\t\t\t\t<\/div>\n\t\t<\/div>\n\t\t\t\t<div class=\"elementor-column elementor-col-33 elementor-inner-column elementor-element elementor-element-3bab6a61\" data-id=\"3bab6a61\" data-element_type=\"column\" data-e-type=\"column\">\n\t\t\t<div class=\"elementor-widget-wrap elementor-element-populated\">\n\t\t\t\t\t\t<div class=\"elementor-element elementor-element-7bc9baab elementor-widget elementor-widget-heading\" data-id=\"7bc9baab\" data-element_type=\"widget\" data-e-type=\"widget\" data-widget_type=\"heading.default\">\n\t\t\t\t<div class=\"elementor-widget-container\">\n\t\t\t\t\t<h6 class=\"elementor-heading-title elementor-size-default\">Horarios<\/h6>\t\t\t\t<\/div>\n\t\t\t\t<\/div>\n\t\t\t\t<div class=\"elementor-element elementor-element-16e91ed6 elementor-widget elementor-widget-text-editor\" data-id=\"16e91ed6\" data-element_type=\"widget\" data-e-type=\"widget\" data-widget_type=\"text-editor.default\">\n\t\t\t\t<div class=\"elementor-widget-container\">\n\t\t\t\t\t\t\t\t\t<p>Lunes<br \/>9:00 AM &#8211; 5:00 PM<\/p><p>Martes a viernes<br \/>9:00 AM &#8211; 4:00 PM<\/p>\t\t\t\t\t\t\t\t<\/div>\n\t\t\t\t<\/div>\n\t\t\t\t\t<\/div>\n\t\t<\/div>\n\t\t\t\t<div class=\"elementor-column elementor-col-33 elementor-inner-column elementor-element elementor-element-3ad07b45\" data-id=\"3ad07b45\" data-element_type=\"column\" data-e-type=\"column\">\n\t\t\t<div class=\"elementor-widget-wrap elementor-element-populated\">\n\t\t\t\t\t\t<div class=\"elementor-element elementor-element-6c8d474c elementor-widget elementor-widget-heading\" data-id=\"6c8d474c\" data-element_type=\"widget\" data-e-type=\"widget\" data-widget_type=\"heading.default\">\n\t\t\t\t<div class=\"elementor-widget-container\">\n\t\t\t\t\t<h6 class=\"elementor-heading-title elementor-size-default\">Contactanos<\/h6>\t\t\t\t<\/div>\n\t\t\t\t<\/div>\n\t\t\t\t<div class=\"elementor-element elementor-element-12c4ee97 elementor-widget elementor-widget-text-editor\" data-id=\"12c4ee97\" data-element_type=\"widget\" data-e-type=\"widget\" data-widget_type=\"text-editor.default\">\n\t\t\t\t<div class=\"elementor-widget-container\">\n\t\t\t\t\t\t\t\t\t<p>Tel\u00e9fono: +52 (1) 419 2343700<br \/>Email: presidencia.colon2124@gmail.com<\/p>\t\t\t\t\t\t\t\t<\/div>\n\t\t\t\t<\/div>\n\t\t\t\t\t<\/div>\n\t\t<\/div>\n\t\t\t\t\t<\/div>\n\t\t<\/section>\n\t\t\t\t<div class=\"elementor-element elementor-element-1a980748 elementor-shape-rounded elementor-grid-0 e-grid-align-center elementor-widget elementor-widget-social-icons\" data-id=\"1a980748\" data-element_type=\"widget\" data-e-type=\"widget\" data-widget_type=\"social-icons.default\">\n\t\t\t\t<div class=\"elementor-widget-container\">\n\t\t\t\t\t\t\t<div class=\"elementor-social-icons-wrapper elementor-grid\">\n\t\t\t\t\t\t\t<span class=\"elementor-grid-item\">\n\t\t\t\t\t<a class=\"elementor-icon elementor-social-icon elementor-social-icon-facebook elementor-animation-grow elementor-repeater-item-9c86cde\" href=\"https:\/\/www.facebook.com\/MunicipioColon\/\" target=\"_blank\">\n\t\t\t\t\t\t<span class=\"elementor-screen-only\">Facebook<\/span>\n\t\t\t\t\t\t\t\t\t\t\t\t\t<i class=\"fa fa-facebook\" aria-hidden=\"true\"><\/i>\n\t\t\t\t\t\t\t\t\t\t\t<\/a>\n\t\t\t\t<\/span>\n\t\t\t\t\t<\/div>\n\t\t\t\t\t\t<\/div>\n\t\t\t\t<\/div>\n\t\t\t\t\t<\/div>\n\t\t<\/div>\n\t\t\t\t\t<\/div>\n\t\t<\/section>\n\t\t\t\t<\/div>\n\t\t","protected":false},"excerpt":{"rendered":"<p>Localizaci\u00f3n Jard\u00edn H\u00e9roes de la Revoluci\u00f3n No. 1 Col\u00f3n, Quer\u00e9taro Horarios Lunes9:00 AM &#8211; 5:00 PM Martes a viernes9:00 AM &#8211; 4:00 PM Contactanos Tel\u00e9fono: +52 (1) 419 2343700Email: presidencia.colon2124@gmail.com Facebook<\/p>\n","protected":false},"author":1,"featured_media":0,"parent":0,"menu_order":0,"comment_status":"closed","ping_status":"closed","template":"","meta":{"footnotes":""},"class_list":["post-203","page","type-page","status-publish","hentry"],"_links":{"self":[{"href":"https:\/\/colon.gob.mx\/inicio\/wp-json\/wp\/v2\/pages\/203","targetHints":{"allow":["GET"]}}],"collection":[{"href":"https:\/\/colon.gob.mx\/inicio\/wp-json\/wp\/v2\/pages"}],"about":[{"href":"https:\/\/colon.gob.mx\/inicio\/wp-json\/wp\/v2\/types\/page"}],"author":[{"embeddable":true,"href":"https:\/\/colon.gob.mx\/inicio\/wp-json\/wp\/v2\/users\/1"}],"replies":[{"embeddable":true,"href":"https:\/\/colon.gob.mx\/inicio\/wp-json\/wp\/v2\/comments?post=203"}],"version-history":[{"count":6,"href":"https:\/\/colon.gob.mx\/inicio\/wp-json\/wp\/v2\/pages\/203\/revisions"}],"predecessor-version":[{"id":3053,"href":"https:\/\/colon.gob.mx\/inicio\/wp-json\/wp\/v2\/pages\/203\/revisions\/3053"}],"wp:attachment":[{"href":"https:\/\/colon.gob.mx\/inicio\/wp-json\/wp\/v2\/media?parent=203"}],"curies":[{"name":"wp","href":"https:\/\/api.w.org\/{rel}","templated":true}]}}