{"id":1850,"date":"2020-11-23T16:18:30","date_gmt":"2020-11-23T16:18:30","guid":{"rendered":"https:\/\/colon.gob.mx\/inicio\/?page_id=1850"},"modified":"2023-04-24T19:57:55","modified_gmt":"2023-04-24T19:57:55","slug":"tsm-secretaria-de-desarrollo-social","status":"publish","type":"page","link":"https:\/\/colon.gob.mx\/inicio\/tsm-secretaria-de-desarrollo-social\/","title":{"rendered":"TSM Secretar\u00eda de Desarrollo Social"},"content":{"rendered":"\t\t<div data-elementor-type=\"wp-page\" data-elementor-id=\"1850\" class=\"elementor elementor-1850\">\n\t\t\t\t\t\t<section class=\"elementor-section elementor-top-section elementor-element elementor-element-2199a743 elementor-section-boxed elementor-section-height-default elementor-section-height-default\" data-id=\"2199a743\" data-element_type=\"section\" data-e-type=\"section\">\n\t\t\t\t\t\t<div class=\"elementor-container elementor-column-gap-default\">\n\t\t\t\t\t<div class=\"elementor-column elementor-col-100 elementor-top-column elementor-element elementor-element-440518f9\" data-id=\"440518f9\" data-element_type=\"column\" data-e-type=\"column\">\n\t\t\t<div class=\"elementor-widget-wrap elementor-element-populated\">\n\t\t\t\t\t\t<div class=\"elementor-element elementor-element-602913b1 elementor-widget elementor-widget-text-editor\" data-id=\"602913b1\" data-element_type=\"widget\" data-e-type=\"widget\" data-widget_type=\"text-editor.default\">\n\t\t\t\t<div class=\"elementor-widget-container\">\n\t\t\t\t\t\t\t\t\t\n<p><style type=\"text\/css\">\n.tftable {font-size:12px;color:#333333;width:100%;border-width: 1px;border-color: #f7f7f7;border-collapse: collapse;}\n.tftable th {font-size:1.5em;background-color:#f7f7f7;border-width: 1px;padding: 1em;border-style: solid;border-color: #dfdfdf;text-align:left; font: 150% sans-serif; font-weight: bold; text-transform: capitalize; }\n.tftable tr {background-color:#ffffff;}\n.tftable td {font-size:1.5em;border-width: 1px;padding: 1em; border-style: solid;border-color: #dfdfdf; font: 150% sans-serif;}\n.tftable tr:hover {background-color:#eeebfb; }\na { color: #007bff;}\n<\/style><\/p>\n<table class=\"tftable\" border=\"1\">\n<tbody>\n<tr>\n<th>C\u00f3digo<\/th>\n<th>Tr\u00e1mite y\/o Servicio<\/th>\n<\/tr>\n<tr>\n<td style=\"width: 20%;\">S-SCS-01<\/td>\n<td><a href=\"https:\/\/www.colon.gob.mx\/TSM2020\/SDS\/S-SCS-01 Apoyo deportivo.pdf\" target=\"_blank\" rel=\"noopener noreferrer\">Apoyo deportivo<\/a><\/td>\n<\/tr>\n<tr>\n<td style=\"width: 20%;\">S-SCS-02<\/td>\n<td><a href=\"https:\/\/www.colon.gob.mx\/TSM2020\/SDS\/S-SDS-02 Materiales para casa habitaci\u00f3n.pdf\" target=\"_blank\" rel=\"noopener noreferrer\">Materiales para casa habitaci\u00f3n<\/a><\/td>\n<\/tr>\n<tr>\n<td style=\"width: 20%;\">S-SCS-03<\/td>\n<td><a href=\"https:\/\/www.colon.gob.mx\/TSM2020\/SDS\/S-SDS-03 Promici\u00f3n deportiva.pdf\" target=\"_blank\" rel=\"noopener noreferrer\">Promici\u00f3n deportiva<\/a><\/td>\n<\/tr>\n<tr>\n<td style=\"width: 20%;\">T-SCS-04<\/td>\n<td><a href=\"https:\/\/www.colon.gob.mx\/TSM2020\/SDS\/T-SDS-04 Convenio del prestamo del centro cultural Benito Juarez.pdf\" target=\"_blank\" rel=\"noopener noreferrer\">Convenio del prestamo del centro cultural Benito Juarez<\/a><\/td>\n<\/tr>\n<tr>\n<td style=\"width: 20%;\">T-SCS-05<\/td>\n<td><a href=\"https:\/\/www.colon.gob.mx\/TSM2020\/SDS\/T-SDS-05 Credenciales para prestamo de libros.pdf\" target=\"_blank\" rel=\"noopener noreferrer\">Credenciales para pr\u00e9stamo de libros<\/a><\/td>\n<\/tr>\n<tr>\n<td style=\"width: 20%;\">T-SCS-06<\/td>\n<td><a href=\"https:\/\/www.colon.gob.mx\/TSM2020\/SDS\/T-SDS-06 Cursos y talleres.pdf\" target=\"_blank\" rel=\"noopener noreferrer\">Cursos y talleres<\/a><\/td>\n<\/tr>\n<\/tbody>\n<\/table>\n\t\t\t\t\t\t\t\t<\/div>\n\t\t\t\t<\/div>\n\t\t\t\t\t<\/div>\n\t\t<\/div>\n\t\t\t\t\t<\/div>\n\t\t<\/section>\n\t\t\t\t<\/div>\n\t\t","protected":false},"excerpt":{"rendered":"<p>C\u00f3digo Tr\u00e1mite y\/o Servicio S-SCS-01 Apoyo deportivo S-SCS-02 Materiales para casa habitaci\u00f3n S-SCS-03 Promici\u00f3n deportiva T-SCS-04 Convenio del prestamo del centro cultural Benito Juarez T-SCS-05 Credenciales para pr\u00e9stamo de libros T-SCS-06 Cursos y talleres<\/p>\n","protected":false},"author":1,"featured_media":0,"parent":0,"menu_order":0,"comment_status":"closed","ping_status":"closed","template":"","meta":{"footnotes":""},"class_list":["post-1850","page","type-page","status-publish","hentry"],"_links":{"self":[{"href":"https:\/\/colon.gob.mx\/inicio\/wp-json\/wp\/v2\/pages\/1850","targetHints":{"allow":["GET"]}}],"collection":[{"href":"https:\/\/colon.gob.mx\/inicio\/wp-json\/wp\/v2\/pages"}],"about":[{"href":"https:\/\/colon.gob.mx\/inicio\/wp-json\/wp\/v2\/types\/page"}],"author":[{"embeddable":true,"href":"https:\/\/colon.gob.mx\/inicio\/wp-json\/wp\/v2\/users\/1"}],"replies":[{"embeddable":true,"href":"https:\/\/colon.gob.mx\/inicio\/wp-json\/wp\/v2\/comments?post=1850"}],"version-history":[{"count":10,"href":"https:\/\/colon.gob.mx\/inicio\/wp-json\/wp\/v2\/pages\/1850\/revisions"}],"predecessor-version":[{"id":4957,"href":"https:\/\/colon.gob.mx\/inicio\/wp-json\/wp\/v2\/pages\/1850\/revisions\/4957"}],"wp:attachment":[{"href":"https:\/\/colon.gob.mx\/inicio\/wp-json\/wp\/v2\/media?parent=1850"}],"curies":[{"name":"wp","href":"https:\/\/api.w.org\/{rel}","templated":true}]}}