{"id":1831,"date":"2020-11-18T20:23:08","date_gmt":"2020-11-18T20:23:08","guid":{"rendered":"https:\/\/colon.gob.mx\/inicio\/?page_id=1831"},"modified":"2023-04-24T22:10:04","modified_gmt":"2023-04-24T22:10:04","slug":"tsm-secretaria-de-desarrollo-sustentable","status":"publish","type":"page","link":"https:\/\/colon.gob.mx\/inicio\/tsm-secretaria-de-desarrollo-sustentable\/","title":{"rendered":"TSM Secretar\u00eda de Desarrollo Sustentable"},"content":{"rendered":"\t\t<div data-elementor-type=\"wp-page\" data-elementor-id=\"1831\" class=\"elementor elementor-1831\">\n\t\t\t\t\t\t<section class=\"elementor-section elementor-top-section elementor-element elementor-element-bfc8be4 elementor-section-boxed elementor-section-height-default elementor-section-height-default\" data-id=\"bfc8be4\" data-element_type=\"section\" data-e-type=\"section\">\n\t\t\t\t\t\t<div class=\"elementor-container elementor-column-gap-default\">\n\t\t\t\t\t<div class=\"elementor-column elementor-col-100 elementor-top-column elementor-element elementor-element-763aaacf\" data-id=\"763aaacf\" data-element_type=\"column\" data-e-type=\"column\">\n\t\t\t<div class=\"elementor-widget-wrap elementor-element-populated\">\n\t\t\t\t\t\t<div class=\"elementor-element elementor-element-6862f516 elementor-widget elementor-widget-text-editor\" data-id=\"6862f516\" data-element_type=\"widget\" data-e-type=\"widget\" data-widget_type=\"text-editor.default\">\n\t\t\t\t<div class=\"elementor-widget-container\">\n\t\t\t\t\t\t\t\t\t\n<p><style type=\"text\/css\">\n.tftable {font-size:12px;color:#333333;width:100%;border-width: 1px;border-color: #f7f7f7;border-collapse: collapse;}\n.tftable th {font-size:1.5em;background-color:#f7f7f7;border-width: 1px;padding: 1em;border-style: solid;border-color: #dfdfdf;text-align:left; font: 150% sans-serif; font-weight: bold; text-transform: capitalize; }\n.tftable tr {background-color:#ffffff;}\n.tftable td {font-size:1.5em;border-width: 1px;padding: 1em; border-style: solid;border-color: #dfdfdf; font: 150% sans-serif;}\n.tftable tr:hover {background-color:#eeebfb; }\na { color: #007bff;}\nth:first-child {\n    width: 25%\n}\n<\/style><\/p>\n<table class=\"tftable\" border=\"1\">\n<tbody>\n<tr>\n<th>C\u00f3digo<\/th>\n<th>Tr\u00e1mite y\/o Servicio<\/th>\n<\/tr>\n<tr>\n<td>S-SEDESU-01<\/td>\n<td><a href=\"https:\/\/www.colon.gob.mx\/TSM2020\/SEDESU\/S-SEDESU-01 Asesor\u00eda , Vinculaci\u00f3n Y Seguimiento A Proyectos Productivos.PDF\" target=\"_blank\" rel=\"noopener noreferrer\">Asesor\u00eda , Vinculaci\u00f3n Y Seguimiento A Proyectos Productivos<\/a><\/td>\n<\/tr>\n<tr>\n<td>S-SEDESU-02<\/td>\n<td><a href=\"https:\/\/www.colon.gob.mx\/TSM2020\/SEDESU\/S-SEDESU-02 Capacitaci\u00f3n Para El Sector Tur\u00edstico.PDF\" target=\"_blank\" rel=\"noopener noreferrer\">Capacitaci\u00f3n Para El Sector Tur\u00edstico<\/a><\/td>\n<\/tr>\n<tr>\n<td>S-SEDESU-03<\/td>\n<td><a href=\"https:\/\/www.colon.gob.mx\/TSM2020\/SEDESU\/S-SEDESU-03 Informaci\u00f3n Tur\u00edstica. .PDF\" target=\"_blank\" rel=\"noopener noreferrer\">Informaci\u00f3n Tur\u00edstica<\/a><\/td>\n<\/tr>\n<tr>\n<td>S-SEDESU-04<\/td>\n<td><a href=\"https:\/\/www.colon.gob.mx\/TSM2020\/SEDESU\/S-SEDESU-04 Publicaci\u00f3n De Vacantes.PDF\" target=\"_blank\" rel=\"noopener noreferrer\">Publicaci\u00f3n De Vacantes<\/a><\/td>\n<\/tr>\n<tr>\n<td>T-SEDESU-05<\/td>\n<td><a href=\"https:\/\/www.colon.gob.mx\/TSM2020\/SEDESU\/T-SEDESU-05 Autorizacion De Lotificacion De Desarrollos Inmobiliarios (Fraccionamientos Y Condominios) 2.PDF\" target=\"_blank\" rel=\"noopener noreferrer\">Autorizacion De Lotificacion De Desarrollos Inmobiliarios (Fraccionamientos Y Condominios) 2<\/a><\/td>\n<\/tr>\n<tr>\n<td>T-SEDESU-06<\/td>\n<td><a href=\"https:\/\/www.colon.gob.mx\/TSM2020\/SEDESU\/T-SEDESU-06 Autorizacion De Lotificacion De Desarrollos Inmobiliarios (Fraccionamientos Y Condominios).PDF\" target=\"_blank\" rel=\"noopener noreferrer\">Autorizacion De Lotificacion De Desarrollos Inmobiliarios (Fraccionamientos Y Condominios)<\/a><\/td>\n<\/tr>\n<tr>\n<td>T-SEDESU-07<\/td>\n<td><a href=\"https:\/\/www.colon.gob.mx\/TSM2020\/SEDESU\/T-SEDESU-07 Autorizaci\u00f3n De Derribe.PDF\" target=\"_blank\" rel=\"noopener noreferrer\">Autorizaci\u00f3n De Derribe<\/a><\/td>\n<\/tr>\n<tr>\n<td>T-SEDESU-08<\/td>\n<td><a href=\"https:\/\/www.colon.gob.mx\/TSM2020\/SEDESU\/T-SEDESU-08 Autorizaci\u00f3n De Limpieza De Terreno.PDF\" target=\"_blank\" rel=\"noopener noreferrer\">Autorizaci\u00f3n De Limpieza De Terreno<\/a><\/td>\n<\/tr>\n<tr>\n<td>T-SEDESU-09<\/td>\n<td><a href=\"https:\/\/www.colon.gob.mx\/TSM2020\/SEDESU\/T-SEDESU-09 Autorizaci\u00f3n De Poda.PDF\" target=\"_blank\" rel=\"noopener noreferrer\">Autorizaci\u00f3n De Poda<\/a><\/td>\n<\/tr>\n<tr>\n<td>T-SEDESU-10<\/td>\n<td><a href=\"https:\/\/www.colon.gob.mx\/TSM2020\/SEDESU\/T-SEDESU-10 Dictamen De Uso De Suelo.PDF\" target=\"_blank\" rel=\"noopener noreferrer\">Dictamen De Uso De Suelo<\/a><\/td>\n<\/tr>\n<tr>\n<td>T-SEDESU-11<\/td>\n<td><a href=\"https:\/\/www.colon.gob.mx\/TSM2020\/SEDESU\/T-SEDESU-11 Dictamen T\u00e9cnico.PDF\" target=\"_blank\" rel=\"noopener noreferrer\">Dictamen T\u00e9cnico<\/a><\/td>\n<\/tr>\n<tr>\n<td>T-SEDESU-12<\/td>\n<td><a href=\"https:\/\/www.colon.gob.mx\/TSM2020\/SEDESU\/T-SEDESU-12 Factibilidad De Giro.PDF\" target=\"_blank\" rel=\"noopener noreferrer\">Factibilidad De Giro<\/a><\/td>\n<\/tr>\n<tr>\n<td>T-SEDESU-13<\/td>\n<td><a href=\"https:\/\/www.colon.gob.mx\/TSM2020\/SEDESU\/T-SEDESU-13 Fusiones O Subdividion De Predios.PDF\" target=\"_blank\" rel=\"noopener noreferrer\">Fusiones O Subdividion De Predios<\/a><\/td>\n<\/tr>\n<tr>\n<td>T-SEDESU-14<\/td>\n<td><a href=\"https:\/\/www.colon.gob.mx\/TSM2020\/SEDESU\/T-SEDESU-14 Licencia De Bardeo.PDF\" target=\"_blank\" rel=\"noopener noreferrer\">Licencia De Bardeo<\/a><\/td>\n<\/tr>\n<tr>\n<td>T-SEDESU-15<\/td>\n<td><a href=\"https:\/\/www.colon.gob.mx\/TSM2020\/SEDESU\/T-SEDESU-15 Licencia De Colocacion De Anuncios Publicitarios 1.pdf\" target=\"_blank\" rel=\"noopener noreferrer\">Licencia De Colocacion De Anuncios Publicitarios 1<\/a><\/td>\n<\/tr>\n<tr>\n<td>T-SEDESU-16<\/td>\n<td><a href=\"https:\/\/www.colon.gob.mx\/TSM2020\/SEDESU\/T-SEDESU-16 Licencia De Colocacion De Anuncios Publicitarios.pdf\" target=\"_blank\" rel=\"noopener noreferrer\">Licencia De Colocaci\u00f3n De Anuncios Publicitarios<\/a><\/td>\n<\/tr>\n<tr>\n<td>T-SEDESU-17<\/td>\n<td><a href=\"https:\/\/www.colon.gob.mx\/TSM2020\/SEDESU\/T-SEDESU-16 Licencia De Construccion (Obra Nueva, Regularizacion, Ampliaci\u00f3n, Modificacion De Proyecto).pdf\" target=\"_blank\" rel=\"noopener noreferrer\">Licencia De Construccion (Obra Nueva, Regularizacion, Ampliaci\u00f3n, Modificacion De Proyecto)<\/a><\/td>\n<\/tr>\n<tr>\n<td>T-SEDESU-18<\/td>\n<td><a href=\"https:\/\/www.colon.gob.mx\/TSM2020\/SEDESU\/T-SEDESU-18 Licencia De Demolicion.pdf\" target=\"_blank\" rel=\"noopener noreferrer\">Licencia De Demolicion<\/a><\/td>\n<\/tr>\n<tr>\n<td>T-SEDESU-19<\/td>\n<td><a href=\"https:\/\/www.colon.gob.mx\/TSM2020\/SEDESU\/T-SEDESU-19 Licencia De Ejecucion De Obras De Urbanizacion.pdf\" target=\"_blank\" rel=\"noopener noreferrer\">Licencia De Ejecucion De Obras De Urbanizacion<\/a><\/td>\n<\/tr>\n<tr>\n<td>T-SEDESU-20<\/td>\n<td><a href=\"https:\/\/www.colon.gob.mx\/TSM2020\/SEDESU\/T-SEDESU-20 Numero Oficial Y Alineamiento.pdf\" target=\"_blank\" rel=\"noopener noreferrer\">N\u00famero Oficial Y Alineamiento<\/a><\/td>\n<\/tr>\n<tr>\n<td>T-SEDESU-21<\/td>\n<td><a href=\"https:\/\/www.colon.gob.mx\/TSM2020\/SEDESU\/T-SEDESU-21 Opini\u00f3n T\u00e9cnica Ecol\u00f3gica Informativa.pdf\" target=\"_blank\" rel=\"noopener noreferrer\">Opini\u00f3n T\u00e9cnica Ecol\u00f3gica Informativa<\/a><\/td>\n<\/tr>\n<tr>\n<td>T-SEDESU-22<\/td>\n<td><a href=\"https:\/\/www.colon.gob.mx\/TSM2020\/SEDESU\/T-SEDESU-22 Permisos Provisionales .pdf\" target=\"_blank\" rel=\"noopener noreferrer\">Permisos Provisionales<\/a><\/td>\n<\/tr>\n<tr>\n<td>T-SEDESU-23<\/td>\n<td><a href=\"https:\/\/www.colon.gob.mx\/TSM2020\/SEDESU\/T-SEDESU-23 Refrendo Licencia Tipo A.pdf\" target=\"_blank\" rel=\"noopener noreferrer\">Refrendo Licencia Tipo A<\/a><\/td>\n<\/tr>\n<tr>\n<td>T-SEDESU-24<\/td>\n<td><a href=\"https:\/\/www.colon.gob.mx\/TSM2020\/SEDESU\/T-SEDESU-24 Refrendo Licencia Tipo B.pdf\" target=\"_blank\" rel=\"noopener noreferrer\">Refrendo Licencia Tipo B<\/a><\/td>\n<\/tr>\n<tr>\n<td>T-SEDESU-25<\/td>\n<td><a href=\"https:\/\/www.colon.gob.mx\/TSM2020\/SEDESU\/T-SEDESU-25 Refrendo Licencia Tipo C .pdf\" target=\"_blank\" rel=\"noopener noreferrer\">Refrendo Licencia Tipo C <\/a><\/td>\n<\/tr>\n<tr>\n<td>T-SEDESU-26<\/td>\n<td><a href=\"https:\/\/www.colon.gob.mx\/TSM2020\/SEDESU\/T-SEDESU-26 Refrendo Licencia Tipo D.pdf\" target=\"_blank\" rel=\"noopener noreferrer\">Refrendo Licencia Tipo D<\/a><\/td>\n<\/tr>\n<tr>\n<td>T-SEDESU-27<\/td>\n<td><a href=\"https:\/\/www.colon.gob.mx\/TSM2020\/SEDESU\/T-SEDESU-27 Refrendo Licencia Tipo E.pdf\" target=\"_blank\" rel=\"noopener noreferrer\">Refrendo Licencia Tipo E<\/a><\/td>\n<\/tr>\n<tr>\n<td>T-SEDESU-28<\/td>\n<td><a href=\"https:\/\/www.colon.gob.mx\/TSM2020\/SEDESU\/T-SEDESU-28 Refrendo Licencia Tipo F.pdf\" target=\"_blank\" rel=\"noopener noreferrer\">Refrendo Licencia Tipo F<\/a><\/td>\n<\/tr>\n<tr>\n<td>T-SEDESU-29<\/td>\n<td><a href=\"https:\/\/www.colon.gob.mx\/TSM2020\/SEDESU\/T-SEDESU-29 Revision De Proyecto.pdf\" target=\"_blank\" rel=\"noopener noreferrer\">Revision De Proyecto<\/a><\/td>\n<\/tr>\n<tr>\n<td>T-SEDESU-30<\/td>\n<td><a href=\"https:\/\/www.colon.gob.mx\/TSM2020\/SEDESU\/T-SEDESU-30 Ruptura Y Reparacion De Pavimento.pdf\" target=\"_blank\" rel=\"noopener noreferrer\">Ruptura Y Reparacion De Pavimento<\/a><\/td>\n<\/tr>\n<tr>\n<td>T-SEDESU-31<\/td>\n<td><a href=\"https:\/\/www.colon.gob.mx\/TSM2020\/SEDESU\/T-SEDESU-31 Terminacion De Obra.pdf\" target=\"_blank\" rel=\"noopener noreferrer\">Terminacion De Obra<\/a><\/td>\n<\/tr>\n<tr>\n<td>T-SEDESU-32<\/td>\n<td><a href=\"https:\/\/www.colon.gob.mx\/TSM2020\/SEDESU\/T-SEDESU-32 Uso De Suelo.pdf\" target=\"_blank\" rel=\"noopener noreferrer\">Uso De Suelo<\/a><\/td>\n<\/tr>\n<tr>\n<td>T-SEDESU-33<\/td>\n<td><a href=\"https:\/\/www.colon.gob.mx\/TSM2020\/SEDESU\/T-SEDESU-33 Visto Bueno De Impacto Vial Y Urbano.pdf\" target=\"_blank\" rel=\"noopener noreferrer\">Visto Bueno De Impacto Vial Y Urbano<\/a><\/td>\n<\/tr>\n<tr>\n<td>T-SEDESU-34<\/td>\n<td><a href=\"https:\/\/www.colon.gob.mx\/TSM2020\/SEDESU\/T-SEDESU-34 Visto Bueno Ecol\u00f3gico.pdf\" target=\"_blank\" rel=\"noopener noreferrer\">Visto Bueno Ecol\u00f3gico<\/a><\/td>\n<\/tr>\n<tr>\n<td>T-SEDESU-35<\/td>\n<td><a href=\"https:\/\/www.colon.gob.mx\/TSM2020\/SEDESU\/T-SEDESU-35 Apertura De Licencia E.PDF\" target=\"_blank\" rel=\"noopener noreferrer\">Apertura De Licencia E<\/a><\/td>\n<\/tr>\n<tr>\n<td>T-SEDESU-36<\/td>\n<td><a href=\"https:\/\/www.colon.gob.mx\/TSM2020\/SEDESU\/T-SEDESU-36 Apertura De Licencia Tipo C.PDF\" target=\"_blank\" rel=\"noopener noreferrer\">Apertura De Licencia Tipo C<\/a><\/td>\n<\/tr>\n<tr>\n<td>T-SEDESU-37<\/td>\n<td><a href=\"https:\/\/www.colon.gob.mx\/TSM2020\/SEDESU\/T-SEDESU-37 Apertura De Licencia Tipo D.PDF\" target=\"_blank\" rel=\"noopener noreferrer\">Apertura De Licencia Tipo D<\/a><\/td>\n<\/tr>\n<tr>\n<td>T-SEDESU-38<\/td>\n<td><a href=\"https:\/\/www.colon.gob.mx\/TSM2020\/SEDESU\/T-SEDESU-38 Apertura De Licencia Tipo F.PDF\" target=\"_blank\" rel=\"noopener noreferrer\">Apertura De Licencia Tipo F<\/a><\/td>\n<\/tr>\n<tr>\n<td>T-SEDESU-39<\/td>\n<td><a href=\"https:\/\/www.colon.gob.mx\/TSM2020\/SEDESU\/T-SEDESU-39 Apertura Licencia Tipo A.PDF\" target=\"_blank\" rel=\"noopener noreferrer\">Apertura Licencia Tipo A<\/a><\/td>\n<\/tr>\n<tr>\n<td>T-SEDESU-40<\/td>\n<td><a href=\"https:\/\/www.colon.gob.mx\/TSM2020\/SEDESU\/T-SEDESU-40 Apertura Licencia Tipo B.PDF\" target=\"_blank\" rel=\"noopener noreferrer\">Apertura Licencia Tipo B<\/a><\/td>\n<\/tr>\n<\/tbody>\n<\/table>\n\t\t\t\t\t\t\t\t<\/div>\n\t\t\t\t<\/div>\n\t\t\t\t\t<\/div>\n\t\t<\/div>\n\t\t\t\t\t<\/div>\n\t\t<\/section>\n\t\t\t\t<\/div>\n\t\t","protected":false},"excerpt":{"rendered":"<p>C\u00f3digo Tr\u00e1mite y\/o Servicio S-SEDESU-01 Asesor\u00eda , Vinculaci\u00f3n Y Seguimiento A Proyectos Productivos S-SEDESU-02 Capacitaci\u00f3n Para El Sector Tur\u00edstico S-SEDESU-03 Informaci\u00f3n Tur\u00edstica S-SEDESU-04 Publicaci\u00f3n De Vacantes T-SEDESU-05 Autorizacion De Lotificacion De Desarrollos Inmobiliarios (Fraccionamientos Y Condominios) 2 T-SEDESU-06 Autorizacion De Lotificacion De Desarrollos Inmobiliarios (Fraccionamientos Y Condominios) T-SEDESU-07 Autorizaci\u00f3n De &hellip;<\/p>\n","protected":false},"author":1,"featured_media":0,"parent":0,"menu_order":0,"comment_status":"closed","ping_status":"closed","template":"","meta":{"footnotes":""},"class_list":["post-1831","page","type-page","status-publish","hentry"],"_links":{"self":[{"href":"https:\/\/colon.gob.mx\/inicio\/wp-json\/wp\/v2\/pages\/1831","targetHints":{"allow":["GET"]}}],"collection":[{"href":"https:\/\/colon.gob.mx\/inicio\/wp-json\/wp\/v2\/pages"}],"about":[{"href":"https:\/\/colon.gob.mx\/inicio\/wp-json\/wp\/v2\/types\/page"}],"author":[{"embeddable":true,"href":"https:\/\/colon.gob.mx\/inicio\/wp-json\/wp\/v2\/users\/1"}],"replies":[{"embeddable":true,"href":"https:\/\/colon.gob.mx\/inicio\/wp-json\/wp\/v2\/comments?post=1831"}],"version-history":[{"count":41,"href":"https:\/\/colon.gob.mx\/inicio\/wp-json\/wp\/v2\/pages\/1831\/revisions"}],"predecessor-version":[{"id":4989,"href":"https:\/\/colon.gob.mx\/inicio\/wp-json\/wp\/v2\/pages\/1831\/revisions\/4989"}],"wp:attachment":[{"href":"https:\/\/colon.gob.mx\/inicio\/wp-json\/wp\/v2\/media?parent=1831"}],"curies":[{"name":"wp","href":"https:\/\/api.w.org\/{rel}","templated":true}]}}