{"id":1817,"date":"2020-11-18T19:48:51","date_gmt":"2020-11-18T19:48:51","guid":{"rendered":"https:\/\/colon.gob.mx\/inicio\/?page_id=1817"},"modified":"2024-12-10T20:55:22","modified_gmt":"2024-12-10T20:55:22","slug":"tsm-secretaria-de-desarrollo-urbano-y-ecologia","status":"publish","type":"page","link":"https:\/\/colon.gob.mx\/inicio\/tsm-secretaria-de-desarrollo-urbano-y-ecologia\/","title":{"rendered":"Secretar\u00eda de Desarrollo Urbano y Ecolog\u00eda"},"content":{"rendered":"\t\t<div data-elementor-type=\"wp-page\" data-elementor-id=\"1817\" class=\"elementor elementor-1817\">\n\t\t\t\t\t\t<section class=\"elementor-section elementor-top-section elementor-element elementor-element-6d948626 elementor-section-boxed elementor-section-height-default elementor-section-height-default\" data-id=\"6d948626\" data-element_type=\"section\" data-e-type=\"section\">\n\t\t\t\t\t\t<div class=\"elementor-container elementor-column-gap-default\">\n\t\t\t\t\t<div class=\"elementor-column elementor-col-100 elementor-top-column elementor-element elementor-element-7bc9b213\" data-id=\"7bc9b213\" data-element_type=\"column\" data-e-type=\"column\">\n\t\t\t<div class=\"elementor-widget-wrap elementor-element-populated\">\n\t\t\t\t\t\t<div class=\"elementor-element elementor-element-13e6e8bd elementor-widget elementor-widget-text-editor\" data-id=\"13e6e8bd\" data-element_type=\"widget\" data-e-type=\"widget\" data-widget_type=\"text-editor.default\">\n\t\t\t\t<div class=\"elementor-widget-container\">\n\t\t\t\t\t\t\t\t\t\n<p><style type=\"text\/css\">\n.tftable {font-size:12px;color:#333333;width:100%;border-width: 1px;border-color: #f7f7f7;border-collapse: collapse;}\n.tftable th {font-size:1.5em;background-color:#f7f7f7;border-width: 1px;padding: 1em;border-style: solid;border-color: #dfdfdf;text-align:left; font: 150% sans-serif; font-weight: bold; text-transform: capitalize; }\n.tftable tr {background-color:#ffffff;}\n.tftable td {font-size:1.5em;border-width: 1px;padding: 1em; border-style: solid;border-color: #dfdfdf; font: 150% sans-serif;}\n.tftable tr:hover {background-color:#eeebfb; }\na { color: #007bff;}\ntable a { color: #470a68; font-size: 1rem;}\n<\/style><\/p>\n<table class=\"tftable\" border=\"1\">\n<tbody>\n<tr>\n<th>C\u00f3digo<\/th>\n<th>Tr\u00e1mite y\/o Servicio<\/th>\n<\/tr>\n<tr>\n<td style=\"width: 20%;\">\u00a0<\/td>\n<td><a href=\"http:\/\/www.colon.gob.mx\/include\/pdf\/informacion%20publica\/XIX\/SECRETARIA%20DE%20DESARROLLO%20URBANO%20Y%20ECOLOGIA\/Formato de queja en Materia Ambiental.pdf\" target=\"_blank\" rel=\"noopener noreferrer\">Formato de queja en Materia Ambiental<\/a><\/td>\n<\/tr>\n<tr>\n<td style=\"width: 20%;\">\u00a0<\/td>\n<td><a href=\"http:\/\/www.colon.gob.mx\/include\/pdf\/informacion%20publica\/XIX\/SECRETARIA%20DE%20DESARROLLO%20URBANO%20Y%20ECOLOGIA\/Formato m\u00faltiple de solicitud Desarrollo Urbano.pdf\" target=\"_blank\" rel=\"noopener noreferrer\">Formato m\u00faltiple de solicitud Desarrollo Urbano<\/a><\/td>\n<\/tr>\n<tr>\n<td style=\"width: 20%;\">\u00a0<\/td>\n<td><a href=\"http:\/\/www.colon.gob.mx\/include\/pdf\/informacion%20publica\/XIX\/SECRETARIA%20DE%20DESARROLLO%20URBANO%20Y%20ECOLOGIA\/Formato \u00fanico de solicitud Subdirecci\u00f3n de Ecolog\u00eda.pdf\" target=\"_blank\" rel=\"noopener noreferrer\">Formato \u00fanico de solicitud Subdirecci\u00f3n de Ecolog\u00eda<\/a><\/td>\n<\/tr>\n<tr>\n<td style=\"width: 20%;\">\u00a0<\/td>\n<td><a href=\"https:\/\/www.colon.gob.mx\/TSM2020\/SDUE\/formato unico de solicitud VALE DE SALIDA DE ARBOLES SUBDIRECCION DE ECOLOGIA.pdf\" target=\"_blank\" rel=\"noopener noreferrer\">Formato unico de solicitud vale de salida de \u00e1rboles Subdirecci\u00f3n de Ecolog\u00eda<\/a><\/td>\n<\/tr>\n<tr>\n<td style=\"width: 20%;\">TR-SDUE-01<\/td>\n<td><a href=\"https:\/\/www.colon.gob.mx\/TSM2020\/SDUE\/TR-SDUE-01.pdf\" target=\"_blank\" rel=\"noopener noreferrer\">Alineamiento Vial<\/a><\/td>\n<\/tr>\n<tr>\n<td style=\"width: 20%;\">TR-SDUE-02<\/td>\n<td><a href=\"https:\/\/www.colon.gob.mx\/TSM2020\/SDUE\/TR-SDUE-02.pdf\" target=\"_blank\" rel=\"noopener noreferrer\">Apertura de puerta<\/a><\/td>\n<\/tr>\n<tr>\n<td style=\"width: 20%;\">TR-SDUE-03<\/td>\n<td><a href=\"https:\/\/www.colon.gob.mx\/TSM2020\/SDUE\/TR-SDUE-03.pdf\" target=\"_blank\" rel=\"noopener noreferrer\">Constancia de Terminaci\u00f3n de Obra, Autorizaci\u00f3n de Uso y Ocupaci\u00f3n<\/a><\/td>\n<\/tr>\n<tr>\n<td style=\"width: 20%;\">TR-SDUE-04<\/td>\n<td><a href=\"https:\/\/www.colon.gob.mx\/TSM2020\/SDUE\/TR-SDUE-04.pdf\" target=\"_blank\" rel=\"noopener noreferrer\">Colocaci\u00f3n de Cripta<\/a><\/td>\n<\/tr>\n<tr>\n<td style=\"width: 20%;\">TR-SDUE-05<\/td>\n<td><a href=\"https:\/\/www.colon.gob.mx\/TSM2020\/SDUE\/TR-SDUE-05.pdf\" target=\"_blank\" rel=\"noopener noreferrer\">Dictamen de Uso de Suelo <\/a><\/td>\n<\/tr>\n<tr>\n<td style=\"width: 20%;\">TR-SDUE-06<\/td>\n<td><a href=\"https:\/\/www.colon.gob.mx\/TSM2020\/SDUE\/TR-SDUE-06.pdf\" target=\"_blank\" rel=\"noopener noreferrer\">Factibilidad de Giro<\/a><\/td>\n<\/tr>\n<tr>\n<td style=\"width: 20%;\">TR-SDUE-07<\/td>\n<td><a href=\"https:\/\/www.colon.gob.mx\/TSM2020\/SDUE\/TR-SDUE-07.pdf\" target=\"_blank\" rel=\"noopener noreferrer\">Fusi\u00f3n de Predios<\/a><\/td>\n<\/tr>\n<tr>\n<td style=\"width: 20%;\">TR-SDUE-08<\/td>\n<td><a href=\"https:\/\/www.colon.gob.mx\/TSM2020\/SDUE\/TR-SDUE-08.pdf\" target=\"_blank\" rel=\"noopener noreferrer\">Informe de uso de suelo<\/a><\/td>\n<\/tr>\n<tr>\n<td style=\"width: 20%;\">TR-SDUE-09<\/td>\n<td><a href=\"https:\/\/www.colon.gob.mx\/TSM2020\/SDUE\/TR-SDUE-09.pdf\" target=\"_blank\" rel=\"noopener noreferrer\">Licencia de Colocaci\u00f3n de Anuncio Publicitario<\/a><\/td>\n<\/tr>\n<tr>\n<td style=\"width: 20%;\">TR-SDUE-10<\/td>\n<td><a href=\"https:\/\/www.colon.gob.mx\/TSM2020\/SDUE\/TR-SDUE-10.pdf\" target=\"_blank\" rel=\"noopener noreferrer\">Licencia de Bardeo<\/a><\/td>\n<\/tr>\n<tr>\n<td style=\"width: 20%;\">TR-SDUE-11<\/td>\n<td><a href=\"https:\/\/www.colon.gob.mx\/TSM2020\/SDUE\/TR-SDUE-11.pdf\" target=\"_blank\" rel=\"noopener noreferrer\">Licencia de Construcci\u00f3n (Ampliaci\u00f3n, Modificaci\u00f3n y Remodelaci\u00f3n)<\/a><\/td>\n<\/tr>\n<tr>\n<td style=\"width: 20%;\">TR-SDUE-12<\/td>\n<td><a href=\"https:\/\/www.colon.gob.mx\/TSM2020\/SDUE\/TR-SDUE-12.pdf\" target=\"_blank\" rel=\"noopener noreferrer\">Licencia de Construcci\u00f3n (Obra nueva)<\/a><\/td>\n<\/tr>\n<tr>\n<td style=\"width: 20%;\">TR-SDUE-13<\/td>\n<td><a href=\"https:\/\/www.colon.gob.mx\/TSM2020\/SDUE\/TR-SDUE-13.pdf\" target=\"_blank\" rel=\"noopener noreferrer\">Licencia de Construcci\u00f3n (Regularizaci\u00f3n)<\/a><\/td>\n<\/tr>\n<tr>\n<td style=\"width: 20%;\">TR-SDUE-14<\/td>\n<td><a href=\"https:\/\/www.colon.gob.mx\/TSM2020\/SDUE\/TR-SDUE-14.pdf\" target=\"_blank\" rel=\"noopener noreferrer\">Licencia de Demolici\u00f3n<\/a><\/td>\n<\/tr>\n<tr>\n<td style=\"width: 20%;\">TR-SDUE-15<\/td>\n<td><a href=\"https:\/\/www.colon.gob.mx\/TSM2020\/SDUE\/TR-SDUE-15.pdf\" target=\"_blank\" rel=\"noopener noreferrer\">Licencia de Ejecuci\u00f3n de Obras de Urbanizaci\u00f3n<\/a><\/td>\n<\/tr>\n<tr>\n<td style=\"width: 20%;\">TR-SDUE-16<\/td>\n<td><a href=\"https:\/\/www.colon.gob.mx\/TSM2020\/SDUE\/TR-SDUE-16.pdf\" target=\"_blank\" rel=\"noopener noreferrer\">Opini\u00f3n T\u00e9cnica Ecol\u00f3gica<\/a><\/td>\n<\/tr>\n<tr>\n<td style=\"width: 20%;\">TR-SDUE-17<\/td>\n<td><a href=\"https:\/\/www.colon.gob.mx\/TSM2020\/SDUE\/TR-SDUE-17.pdf\" target=\"_blank\" rel=\"noopener noreferrer\">N\u00famero Oficial<\/a><\/td>\n<\/tr>\n<tr>\n<td style=\"width: 20%;\">TR-SDUE-18<\/td>\n<td><a href=\"https:\/\/www.colon.gob.mx\/TSM2020\/SDUE\/TR-SDUE-18.pdf\" target=\"_blank\" rel=\"noopener noreferrer\">R\u00e9gimen de Propiedad en Condominio<\/a><\/td>\n<\/tr>\n<tr>\n<td style=\"width: 20%;\">TR-SDUE-19<\/td>\n<td><a href=\"https:\/\/www.colon.gob.mx\/TSM2020\/SDUE\/TR-SDUE-19.pdf\" target=\"_blank\" rel=\"noopener noreferrer\">Licencia de Ruptura de Pavimento para Conexi\u00f3n a Drenaje o Agua Potable<\/a><\/td>\n<\/tr>\n<tr>\n<td style=\"width: 20%;\">TR-SDUE-20<\/td>\n<td><a href=\"https:\/\/www.colon.gob.mx\/TSM2020\/SDUE\/TR-SDUE-20.pdf\" target=\"_blank\" rel=\"noopener noreferrer\">Subdivisi\u00f3n de Predios<\/a><\/td>\n<\/tr>\n<tr>\n<td style=\"width: 20%;\">TR-SDUE-21<\/td>\n<td><a href=\"https:\/\/www.colon.gob.mx\/TSM2020\/SDUE\/TR-SDUE-21.pdf\" target=\"_blank\" rel=\"noopener noreferrer\">Visto Bueno\/ Dictamen de Impacto Urbano<\/a><\/td>\n<\/tr>\n<tr>\n<td style=\"width: 20%;\">TR-SDUE-22<\/td>\n<td><a href=\"https:\/\/www.colon.gob.mx\/TSM2020\/SDUE\/TR-SDUE-22.pdf\" target=\"_blank\" rel=\"noopener noreferrer\">Visto Bueno\/ Dictamen de Impacto Vial<\/a><\/td>\n<\/tr>\n<tr>\n<td style=\"width: 20%;\">TR-SDUE-23<\/td>\n<td><a href=\"https:\/\/www.colon.gob.mx\/TSM2020\/SDUE\/TR-SDUE-23.pdf\" target=\"_blank\" rel=\"noopener noreferrer\">Visto Bueno de Lotificaci\u00f3n\/ Condominio<\/a><\/td>\n<\/tr>\n<tr>\n<td style=\"width: 20%;\">TR-SDUE-24<\/td>\n<td><a href=\"https:\/\/www.colon.gob.mx\/TSM2020\/SDUE\/TR-SDUE-24.pdf\" target=\"_blank\" rel=\"noopener noreferrer\">Dictamen de Avance de Obra de Urbanizaci\u00f3n<\/a><\/td>\n<\/tr>\n<tr>\n<td style=\"width: 20%;\">TR-SDUE-25<\/td>\n<td><a href=\"https:\/\/www.colon.gob.mx\/TSM2020\/SDUE\/TR-SDUE-25.pdf\" target=\"_blank\" rel=\"noopener noreferrer\">Constancia de Conclusi\u00f3n de Obras de Urbanizaci\u00f3n<\/a><\/td>\n<\/tr>\n<tr>\n<td style=\"width: 20%;\">TR-SDUE-26<\/td>\n<td><a href=\"https:\/\/www.colon.gob.mx\/TSM2020\/SDUE\/TR-SDUE-26.pdf\" target=\"_blank\" rel=\"noopener noreferrer\">Acta Circunstanciada de Inspecci\u00f3n General de Obras de Urbanizaci\u00f3n<\/a><\/td>\n<\/tr>\n<tr>\n<td style=\"width: 20%;\">TR-SDUE-27<\/td>\n<td><a href=\"https:\/\/www.colon.gob.mx\/TSM2020\/SDUE\/TR-SDUE-27.pdf\" target=\"_blank\" rel=\"noopener noreferrer\">Modificaci\u00f3n en R\u00e9gimen de Propiedad en Condominio<\/a><\/td>\n<\/tr>\n<tr>\n<td style=\"width: 20%;\">TR-SDUE-28<\/td>\n<td><a href=\"https:\/\/www.colon.gob.mx\/TSM2020\/SDUE\/TR-SDUE-28.pdf\" target=\"_blank\" rel=\"noopener noreferrer\">Notificaci\u00f3n de Cambio de Propietario y\/o de DRO<\/a><\/td>\n<\/tr>\n<tr>\n<td style=\"width: 20%;\">TR-SDUE-29<\/td>\n<td><a href=\"https:\/\/www.colon.gob.mx\/TSM2020\/SDUE\/TR-SDUE-29.pdf\" target=\"_blank\" rel=\"noopener noreferrer\">Factibilidad de Derribe y Poda de Vegetales<\/a><\/td>\n<\/tr>\n<tr>\n<td style=\"width: 20%;\">TR-SDUE-30<\/td>\n<td><a href=\"https:\/\/www.colon.gob.mx\/TSM2020\/SDUE\/TR-SDUE-30.pdf\" target=\"_blank\" rel=\"noopener noreferrer\">Plan de Manejo de Residuos S\u00f3lidos Urbanos<\/a><\/td>\n<\/tr>\n<tr>\n<td style=\"width: 20%;\">TR-SDUE-31<\/td>\n<td><a href=\"https:\/\/www.colon.gob.mx\/TSM2020\/SDUE\/TR-SDUE-31.pdf\" target=\"_blank\" rel=\"noopener noreferrer\">Denuncia Ambiental Ciudadana<\/a><\/td>\n<\/tr>\n<tr>\n<td style=\"width: 20%;\">TR-SDUE-32<\/td>\n<td><a href=\"https:\/\/www.colon.gob.mx\/TSM2020\/SDUE\/TR-SDUE-32.pdf\" target=\"_blank\" rel=\"noopener noreferrer\">Autorizaci\u00f3n para quemas al aire libre<\/a><\/td>\n<\/tr>\n<tr>\n<td style=\"width: 20%;\">TR-SDUE-33<\/td>\n<td><a href=\"https:\/\/www.colon.gob.mx\/TSM2020\/SDUE\/TR-SDUE-33.pdf\" target=\"_blank\" rel=\"noopener noreferrer\">Visto Bueno de Ecolog\u00eda<\/a><\/td>\n<\/tr>\n<\/tbody>\n<\/table>\n\t\t\t\t\t\t\t\t<\/div>\n\t\t\t\t<\/div>\n\t\t\t\t\t<\/div>\n\t\t<\/div>\n\t\t\t\t\t<\/div>\n\t\t<\/section>\n\t\t\t\t<\/div>\n\t\t","protected":false},"excerpt":{"rendered":"<p>C\u00f3digo Tr\u00e1mite y\/o Servicio \u00a0 Formato de queja en Materia Ambiental \u00a0 Formato m\u00faltiple de solicitud Desarrollo Urbano \u00a0 Formato \u00fanico de solicitud Subdirecci\u00f3n de Ecolog\u00eda \u00a0 Formato unico de solicitud vale de salida de \u00e1rboles Subdirecci\u00f3n de Ecolog\u00eda TR-SDUE-01 Alineamiento Vial TR-SDUE-02 Apertura de puerta TR-SDUE-03 Constancia de Terminaci\u00f3n &hellip;<\/p>\n","protected":false},"author":1,"featured_media":0,"parent":0,"menu_order":0,"comment_status":"closed","ping_status":"closed","template":"","meta":{"footnotes":""},"class_list":["post-1817","page","type-page","status-publish","hentry"],"_links":{"self":[{"href":"https:\/\/colon.gob.mx\/inicio\/wp-json\/wp\/v2\/pages\/1817","targetHints":{"allow":["GET"]}}],"collection":[{"href":"https:\/\/colon.gob.mx\/inicio\/wp-json\/wp\/v2\/pages"}],"about":[{"href":"https:\/\/colon.gob.mx\/inicio\/wp-json\/wp\/v2\/types\/page"}],"author":[{"embeddable":true,"href":"https:\/\/colon.gob.mx\/inicio\/wp-json\/wp\/v2\/users\/1"}],"replies":[{"embeddable":true,"href":"https:\/\/colon.gob.mx\/inicio\/wp-json\/wp\/v2\/comments?post=1817"}],"version-history":[{"count":20,"href":"https:\/\/colon.gob.mx\/inicio\/wp-json\/wp\/v2\/pages\/1817\/revisions"}],"predecessor-version":[{"id":6636,"href":"https:\/\/colon.gob.mx\/inicio\/wp-json\/wp\/v2\/pages\/1817\/revisions\/6636"}],"wp:attachment":[{"href":"https:\/\/colon.gob.mx\/inicio\/wp-json\/wp\/v2\/media?parent=1817"}],"curies":[{"name":"wp","href":"https:\/\/api.w.org\/{rel}","templated":true}]}}