{"id":10589,"date":"2025-12-19T19:20:48","date_gmt":"2025-12-19T19:20:48","guid":{"rendered":"https:\/\/colon.gob.mx\/inicio\/?page_id=10589"},"modified":"2025-12-19T19:21:38","modified_gmt":"2025-12-19T19:21:38","slug":"tabuladores-de-remuneraciones","status":"publish","type":"page","link":"https:\/\/colon.gob.mx\/inicio\/tabuladores-de-remuneraciones\/","title":{"rendered":"Tabuladores de remuneraciones"},"content":{"rendered":"\t\t<div data-elementor-type=\"wp-page\" data-elementor-id=\"10589\" class=\"elementor elementor-10589\">\n\t\t\t\t\t\t<section class=\"elementor-section elementor-top-section elementor-element elementor-element-61ca4ff elementor-section-boxed elementor-section-height-default elementor-section-height-default\" data-id=\"61ca4ff\" data-element_type=\"section\" data-e-type=\"section\">\n\t\t\t\t\t\t<div class=\"elementor-container elementor-column-gap-default\">\n\t\t\t\t\t<div class=\"elementor-column elementor-col-100 elementor-top-column elementor-element elementor-element-02ce961\" data-id=\"02ce961\" data-element_type=\"column\" data-e-type=\"column\">\n\t\t\t<div class=\"elementor-widget-wrap elementor-element-populated\">\n\t\t\t\t\t\t<div class=\"elementor-element elementor-element-ac26035 elementor-widget elementor-widget-html\" data-id=\"ac26035\" data-element_type=\"widget\" data-e-type=\"widget\" data-widget_type=\"html.default\">\n\t\t\t\t<div class=\"elementor-widget-container\">\n\t\t\t\t\t<!-- ====================================================== -->\r\n<!-- ==================== INTRO TABULADORES ==================== -->\r\n<style>\r\n  .gtabulador-intro {\r\n    background: #fff;\r\n    border-left: 6px solid #470a68;\r\n    padding: 2.5rem;\r\n    margin: 0 auto 2rem auto;\r\n    border-radius: 0 .75rem .75rem .75rem;\r\n    box-shadow: 0 4px 14px rgba(71, 10, 104, .12);\r\n  }\r\n  .gtabulador-intro__inner {\r\n    max-width: 900px;\r\n    margin: 0 auto;\r\n    text-align: left;\r\n  }\r\n  .gtabulador-intro__icon {\r\n    text-align: center;\r\n    margin-bottom: 1.2rem;\r\n  }\r\n  .gtabulador-icon {\r\n    font-size: 3.2rem;\r\n    color: #470a68;\r\n    opacity: 0.95;\r\n  }\r\n  .gtabulador-intro__title {\r\n    font-size: 2.3rem;\r\n    font-weight: 700;\r\n    color: #470a68;\r\n    margin: 0 0 1.4rem;\r\n    text-align: center;\r\n    position: relative;\r\n  }\r\n  .gtabulador-intro__title::after {\r\n    content: '';\r\n    display: block;\r\n    width: 80px;\r\n    height: 4px;\r\n    background: #ff7f41;\r\n    margin: .9rem auto 0;\r\n    border-radius: 2px;\r\n  }\r\n  .gtabulador-intro__subtitle {\r\n    text-align: center;\r\n    font-size: 1.35rem;\r\n    color: #470a68;\r\n    margin-bottom: 1.6rem;\r\n    font-weight: 600;\r\n  }\r\n  .gtabulador-intro__desc {\r\n    font-size: 1.05rem;\r\n    line-height: 1.7;\r\n    color: #333;\r\n    margin-bottom: 1.4rem;\r\n  }\r\n  .gtabulador-intro__desc p {\r\n    margin: 0 0 1.1rem;\r\n  }\r\n  .gtabulador-intro__desc strong {\r\n    color: #470a68;\r\n    font-weight: 600;\r\n  }\r\n  .gtabulador-intro__desc em {\r\n    font-style: italic;\r\n    color: #555;\r\n  }\r\n  .gtabulador-intro__note {\r\n    display: flex;\r\n    align-items: center;\r\n    gap: .75rem;\r\n    background: #f5e6ff;\r\n    padding: 1rem 1.3rem;\r\n    border-radius: .6rem;\r\n    font-size: .98rem;\r\n    color: #470a68;\r\n    border: 1px solid #d8b3e8;\r\n    font-weight: 500;\r\n  }\r\n  .gtabulador-intro__note i {\r\n    font-size: 1.2rem;\r\n    color: #470a68;\r\n  }\r\n  \/* Responsive *\/\r\n  @media (max-width: 768px) {\r\n    .gtabulador-intro {\r\n      padding: 1.8rem;\r\n      margin: 1.5rem auto;\r\n    }\r\n    .gtabulador-intro__title {\r\n      font-size: 2rem;\r\n    }\r\n    .gtabulador-icon {\r\n      font-size: 2.8rem;\r\n    }\r\n    .gtabulador-intro__subtitle {\r\n      font-size: 1.2rem;\r\n    }\r\n  }\r\n  @media (max-width: 480px) {\r\n    .gtabulador-intro__note {\r\n      flex-direction: column;\r\n      text-align: center;\r\n      font-size: .92rem;\r\n    }\r\n    .gtabulador-intro__title::after {\r\n      width: 60px;\r\n    }\r\n  }\r\n<\/style>\r\n\r\n<section class=\"gtabulador-intro\">\r\n  <div class=\"gtabulador-intro__inner\">\r\n    <!-- Icono institucional -->\r\n    <div class=\"gtabulador-intro__icon\">\r\n      <i class=\"fa-solid fa-table-list gtabulador-icon\"><\/i>\r\n    <\/div>\r\n    <!-- T\u00edtulo principal -->\r\n    <h2 class=\"gtabulador-intro__title\">\r\n      Tabuladores\r\n    <\/h2>\r\n    <!-- Subt\u00edtulo -->\r\n    <div class=\"gtabulador-intro__subtitle\">\r\n      <strong>Tabuladores de Sueldos y Salarios<\/strong>\r\n    <\/div>\r\n    <!-- Descripci\u00f3n completa -->\r\n    <div class=\"gtabulador-intro__desc\">\r\n      <p>\r\n        Los <strong>tabuladores de sueldos y salarios<\/strong> del Municipio de Col\u00f3n contienen la informaci\u00f3n detallada sobre las remuneraciones, percepciones y prestaciones de los servidores p\u00fablicos, en cumplimiento a la <em>Ley de Transparencia y Acceso a la Informaci\u00f3n P\u00fablica<\/em> y la <em>Ley General de Remuneraciones de los Servidores P\u00fablicos<\/em>.\r\n      <\/p>\r\n      <p>\r\n        Se publica de manera peri\u00f3dica y actualizada la estructura salarial por puesto, nivel y categor\u00eda, promoviendo la transparencia en el uso de los recursos p\u00fablicos y el derecho de acceso a la informaci\u00f3n de la ciudadan\u00eda.\r\n      <\/p>\r\n      <p>\r\n        Aqu\u00ed podr\u00e1s consultar los tabuladores vigentes y hist\u00f3ricos correspondientes a cada ejercicio fiscal.\r\n      <\/p>\r\n    <\/div>\r\n    <!-- Nota de acceso -->\r\n    <div class=\"gtabulador-intro__note\">\r\n      <i class=\"fa-solid fa-circle-info\"><\/i>\r\n      <span>Informaci\u00f3n vigente y actualizada | Periodo 2024-2027<\/span>\r\n    <\/div>\r\n  <\/div>\r\n<\/section>\r\n<!-- ============================================================ -->\t\t\t\t<\/div>\n\t\t\t\t<\/div>\n\t\t\t\t<div class=\"elementor-element elementor-element-0b0a268 elementor-widget elementor-widget-html\" data-id=\"0b0a268\" data-element_type=\"widget\" data-e-type=\"widget\" data-widget_type=\"html.default\">\n\t\t\t\t<div class=\"elementor-widget-container\">\n\t\t\t\t\t<table class=\"gaccordion-table\">\r\n  <colgroup>\r\n    <col class=\"gaccordion-numeration\" \/>\r\n    <col class=\"gaccordion-title\" \/>\r\n    <col class=\"gaccordion-download\" \/>\r\n  <\/colgroup>\r\n  <thead>\r\n    <tr>\r\n      <th class=\"gaccordion-numeration\">#<\/th>\r\n      <th class=\"gaccordion-title\">TABULADOR<\/th>\r\n      <th class=\"gaccordion-download\">Descargar<\/th>\r\n    <\/tr>\r\n  <\/thead>\r\n  <tbody>\r\n    <tr>\r\n      <td class=\"gaccordion-numeration\"><\/td>\r\n      <td class=\"gaccordion-title\">Remuneraci\u00f3n bruta y neta<\/td>\r\n      <td class=\"gaccordion-download\">\r\n        <a href=\"https:\/\/colon.gob.mx\/include\/pdf\/informacion publica\/VII\/LTAIPEQArt66FraccVIIA 1er Trimestre 2025.xlsx\"\r\n           target=\"_blank\" rel=\"noopener noreferrer\" class=\"gaccordion-excel\"\r\n           aria-label=\"Descargar Excel\"><i class=\"fa-solid fa-file-excel\"><\/i><\/a>\r\n      <\/td>\r\n    <\/tr>\r\n    <tr>\r\n      <td class=\"gaccordion-numeration\"><\/td>\r\n      <td class=\"gaccordion-title\">Tabuladores de sueldos<\/td>\r\n      <td class=\"gaccordion-download\">\r\n        <a href=\"https:\/\/colon.gob.mx\/include\/pdf\/informacion publica\/VII\/TABULADOR 2024.pdf\"\r\n           target=\"_blank\" rel=\"noopener noreferrer\" class=\"gaccordion-pdf\"\r\n           aria-label=\"Descargar PDF\"><i class=\"fa-solid fa-file-pdf\"><\/i><\/a>\r\n      <\/td>\r\n    <\/tr>\r\n  <\/tbody>\r\n<\/table>\r\n\r\n<script>\r\n  \/\/ Numeraci\u00f3n autom\u00e1tica de filas\r\n  document.addEventListener('DOMContentLoaded', function() {\r\n    const rows = document.querySelectorAll('.gaccordion-table tbody tr');\r\n    rows.forEach((row, index) => {\r\n      const numCell = row.querySelector('.gaccordion-numeration');\r\n      if (numCell) {\r\n        numCell.textContent = index + 1;\r\n      }\r\n    });\r\n  });\r\n<\/script>\t\t\t\t<\/div>\n\t\t\t\t<\/div>\n\t\t\t\t<div class=\"elementor-element elementor-element-239620e elementor-widget elementor-widget-html\" data-id=\"239620e\" data-element_type=\"widget\" data-e-type=\"widget\" data-widget_type=\"html.default\">\n\t\t\t\t<div class=\"elementor-widget-container\">\n\t\t\t\t\t<!-- ==================== FOOTER PROGRAMA ANUAL DE EVALUACI\u00d3N ==================== -->\n<footer class=\"gcuenta-footer-simple\">\n  <div class=\"gcuenta-footer-simple__inner\">\n    <p class=\"gcuenta-footer-simple__update\">\n      \u00daltima actualizaci\u00f3n: <strong>27 de noviembre de 2025<\/strong>\n    <\/p>\n    <p class=\"gcuenta-footer-simple__note\">\n      Informaci\u00f3n sujeta a evaluaci\u00f3n y verificaci\u00f3n por las <em>autoridades competentes<\/em>.\n    <\/p>\n    <p class=\"gcuenta-footer-simple__credit\">\n      H. Ayuntamiento de Col\u00f3n, Quer\u00e9taro | 2024 \u2013 2027\n    <\/p>\n  <\/div>\n<\/footer>\n\n<style>\n  .gcuenta-footer-simple {\n    background: #f8f9fa;\n    border-top: 1px solid #e9ecef;\n    padding: 1.5rem 1rem;\n    margin: 2rem 0;\n    font-size: .875rem;\n    color: #555;\n    text-align: center;\n  }\n  .gcuenta-footer-simple__inner {\n    max-width: 900px;\n    margin: 0 auto;\n  }\n  .gcuenta-footer-simple__update,\n  .gcuenta-footer-simple__note,\n  .gcuenta-footer-simple__credit {\n    margin: 0 0 .75rem;\n    line-height: 1.5;\n  }\n  .gcuenta-footer-simple__update strong {\n    color: #333;\n    font-weight: 600;\n  }\n  .gcuenta-footer-simple__note em {\n    font-style: italic;\n    color: #444;\n  }\n  .gcuenta-footer-simple__credit {\n    font-size: .8rem;\n    color: #777;\n    margin-bottom: 0;\n  }\n  @media (max-width: 480px) {\n    .gcuenta-footer-simple {\n      padding: 1.25rem .75rem;\n      font-size: .8rem;\n    }\n  }\n<\/style>\t\t\t\t<\/div>\n\t\t\t\t<\/div>\n\t\t\t\t\t<\/div>\n\t\t<\/div>\n\t\t\t\t\t<\/div>\n\t\t<\/section>\n\t\t\t\t<\/div>\n\t\t","protected":false},"excerpt":{"rendered":"<p>Tabuladores Tabuladores de Sueldos y Salarios Los tabuladores de sueldos y salarios del Municipio de Col\u00f3n contienen la informaci\u00f3n detallada sobre las remuneraciones, percepciones y prestaciones de los servidores p\u00fablicos, en cumplimiento a la Ley de Transparencia y Acceso a la Informaci\u00f3n P\u00fablica y la Ley General de Remuneraciones de &hellip;<\/p>\n","protected":false},"author":1,"featured_media":0,"parent":0,"menu_order":0,"comment_status":"closed","ping_status":"closed","template":"","meta":{"footnotes":""},"class_list":["post-10589","page","type-page","status-publish","hentry"],"_links":{"self":[{"href":"https:\/\/colon.gob.mx\/inicio\/wp-json\/wp\/v2\/pages\/10589","targetHints":{"allow":["GET"]}}],"collection":[{"href":"https:\/\/colon.gob.mx\/inicio\/wp-json\/wp\/v2\/pages"}],"about":[{"href":"https:\/\/colon.gob.mx\/inicio\/wp-json\/wp\/v2\/types\/page"}],"author":[{"embeddable":true,"href":"https:\/\/colon.gob.mx\/inicio\/wp-json\/wp\/v2\/users\/1"}],"replies":[{"embeddable":true,"href":"https:\/\/colon.gob.mx\/inicio\/wp-json\/wp\/v2\/comments?post=10589"}],"version-history":[{"count":4,"href":"https:\/\/colon.gob.mx\/inicio\/wp-json\/wp\/v2\/pages\/10589\/revisions"}],"predecessor-version":[{"id":10593,"href":"https:\/\/colon.gob.mx\/inicio\/wp-json\/wp\/v2\/pages\/10589\/revisions\/10593"}],"wp:attachment":[{"href":"https:\/\/colon.gob.mx\/inicio\/wp-json\/wp\/v2\/media?parent=10589"}],"curies":[{"name":"wp","href":"https:\/\/api.w.org\/{rel}","templated":true}]}}