{"id":10452,"date":"2025-12-16T16:00:53","date_gmt":"2025-12-16T16:00:53","guid":{"rendered":"https:\/\/colon.gob.mx\/inicio\/?page_id=10452"},"modified":"2025-12-16T16:39:18","modified_gmt":"2025-12-16T16:39:18","slug":"presupuesto-asignado-anual-ejercicio-de-los-egresos-presupuestarios-y-cuenta-publica","status":"publish","type":"page","link":"https:\/\/colon.gob.mx\/inicio\/presupuesto-asignado-anual-ejercicio-de-los-egresos-presupuestarios-y-cuenta-publica\/","title":{"rendered":"Presupuesto Asignado Anual, Ejercicio de los Egresos Presupuestarios y\u00a0Cuenta\u00a0Publica"},"content":{"rendered":"\t\t<div data-elementor-type=\"wp-page\" data-elementor-id=\"10452\" class=\"elementor elementor-10452\">\n\t\t\t\t\t\t<section class=\"elementor-section elementor-top-section elementor-element elementor-element-b01c5a5 elementor-section-boxed elementor-section-height-default elementor-section-height-default\" data-id=\"b01c5a5\" data-element_type=\"section\" data-e-type=\"section\">\n\t\t\t\t\t\t<div class=\"elementor-container elementor-column-gap-default\">\n\t\t\t\t\t<div class=\"elementor-column elementor-col-100 elementor-top-column elementor-element elementor-element-a8933ad\" data-id=\"a8933ad\" data-element_type=\"column\" data-e-type=\"column\">\n\t\t\t<div class=\"elementor-widget-wrap elementor-element-populated\">\n\t\t\t\t\t\t<div class=\"elementor-element elementor-element-1e69c87 elementor-widget elementor-widget-html\" data-id=\"1e69c87\" data-element_type=\"widget\" data-e-type=\"widget\" data-widget_type=\"html.default\">\n\t\t\t\t<div class=\"elementor-widget-container\">\n\t\t\t\t\t<style>\r\n  .gcuenta-presupuesto {\r\n    background: #fff;\r\n    border-left: 6px solid #470a68;\r\n    padding: 2rem;\r\n    margin: 0 0 2.5rem;\r\n    border-radius: 0 .75rem .75rem .75rem;\r\n    box-shadow: 0 4px 14px rgba(71, 10, 104, .1);\r\n    max-width: 100%;\r\n  }\r\n  .gcuenta-presupuesto__inner {\r\n    margin: 0 auto;\r\n    text-align: left;\r\n  }\r\n  .gcuenta-presupuesto__icon {\r\n    text-align: center;\r\n    margin-bottom: 1rem;\r\n  }\r\n  .gcuenta-presupuesto-icon {\r\n    font-size: 3rem;\r\n    color: #470a68;\r\n    opacity: .95;\r\n  }\r\n  .gcuenta-presupuesto__title {\r\n    font-size: 2.1rem;\r\n    font-weight: 700;\r\n    color: #470a68;\r\n    margin: 0 0 .5rem;\r\n    text-align: center;\r\n    position: relative;\r\n  }\r\n  .gcuenta-presupuesto__title::after {\r\n    content: '';\r\n    display: block;\r\n    width: 70px;\r\n    height: 4px;\r\n    background: #fd6125;\r\n    margin: .75rem auto 0;\r\n    border-radius: 2px;\r\n  }\r\n  .gcuenta-presupuesto__subtitle {\r\n    text-align: center;\r\n    font-size: 1.25rem;\r\n    color: #470a68;\r\n    margin-bottom: 1.5rem;\r\n    font-weight: 600;\r\n  }\r\n  .gcuenta-presupuesto__desc {\r\n    font-size: 1.05rem;\r\n    line-height: 1.7;\r\n    color: #333;\r\n    margin-bottom: 1.2rem;\r\n  }\r\n  .gcuenta-presupuesto__desc p {\r\n    margin: 0 0 1rem;\r\n  }\r\n  .gcuenta-presupuesto__desc strong {\r\n    color: #470a68;\r\n    font-weight: 600;\r\n  }\r\n  .gcuenta-presupuesto__desc em {\r\n    font-style: italic;\r\n    color: #555;\r\n  }\r\n  .gcuenta-presupuesto__note {\r\n    display: flex;\r\n    align-items: center;\r\n    gap: .75rem;\r\n    background: #e8f5f0;\r\n    padding: .9rem 1.2rem;\r\n    border-radius: .5rem;\r\n    font-size: .95rem;\r\n    color: #68bd9d;\r\n    border: 1px solid #a8e6cf;\r\n    font-weight: 500;\r\n  }\r\n  .gcuenta-presupuesto__note i {\r\n    font-size: 1.1rem;\r\n    color: #68bd9d;\r\n  }\r\n  \/* Responsive *\/\r\n  @media (max-width: 768px) {\r\n    .gcuenta-presupuesto {\r\n      padding: 1.5rem;\r\n    }\r\n    .gcuenta-presupuesto__title {\r\n      font-size: 1.8rem;\r\n    }\r\n    .gcuenta-presupuesto-icon {\r\n      font-size: 2.5rem;\r\n    }\r\n    .gcuenta-presupuesto__subtitle {\r\n      font-size: 1.15rem;\r\n    }\r\n    .gcuenta-presupuesto__desc {\r\n      font-size: 1rem;\r\n    }\r\n  }\r\n  @media (max-width: 480px) {\r\n    .gcuenta-presupuesto__note {\r\n      flex-direction: column;\r\n      text-align: center;\r\n      font-size: .9rem;\r\n    }\r\n    .gcuenta-presupuesto__title {\r\n      font-size: 1.6rem;\r\n    }\r\n  }\r\n<\/style>\r\n<section class=\"gcuenta-presupuesto\">\r\n  <div class=\"gcuenta-presupuesto__inner\">\r\n    <!-- Icono institucional -->\r\n    <div class=\"gcuenta-presupuesto__icon\">\r\n      <i class=\"fa-solid fa-chart-pie gcuenta-presupuesto-icon\"><\/i>\r\n    <\/div>\r\n    <!-- T\u00edtulo principal -->\r\n    <h2 class=\"gcuenta-presupuesto__title\">\r\n      Presupuesto Asignado Anual, Ejercicio de los Egresos Presupuestarios y Cuenta P\u00fablica\r\n    <\/h2>\r\n    <!-- Subt\u00edtulo -->\r\n    <div class=\"gcuenta-presupuesto__subtitle\">\r\n      <strong>Informaci\u00f3n financiera y fiscal del H. Ayuntamiento de Col\u00f3n<\/strong>\r\n    <\/div>\r\n    <!-- Descripci\u00f3n -->\r\n    <div class=\"gcuenta-presupuesto__desc\">\r\n      <p>\r\n        En esta secci\u00f3n se publica el <strong>presupuesto asignado anual, el ejercicio de los egresos presupuestarios<\/strong>\r\n        y la <strong>cuenta p\u00fablica<\/strong> del Municipio de Col\u00f3n, conforme a las obligaciones de transparencia\r\n        establecidas en la legislaci\u00f3n vigente.\r\n      <\/p>\r\n      <p>\r\n        El acceso a esta informaci\u00f3n permite a la ciudadan\u00eda conocer el origen, destino y aplicaci\u00f3n de los recursos p\u00fablicos,\r\n        promoviendo la <em>fiscalizaci\u00f3n, rendici\u00f3n de cuentas y participaci\u00f3n ciudadana<\/em> en la gesti\u00f3n municipal.\r\n      <\/p>\r\n    <\/div>\r\n    <!-- Nota -->\r\n    <div class=\"gcuenta-presupuesto__note\">\r\n      <i class=\"fa-solid fa-circle-info\"><\/i>\r\n      <span>Informaci\u00f3n oficial actualizada | Sujeta a las disposiciones en materia de transparencia y acceso a la informaci\u00f3n p\u00fablica<\/span>\r\n    <\/div>\r\n  <\/div>\t\t\t\t<\/div>\n\t\t\t\t<\/div>\n\t\t\t\t<div class=\"elementor-element elementor-element-579fccb elementor-widget elementor-widget-html\" data-id=\"579fccb\" data-element_type=\"widget\" data-e-type=\"widget\" data-widget_type=\"html.default\">\n\t\t\t\t<div class=\"elementor-widget-container\">\n\t\t\t\t\t<div class=\"gaccordion-container\">\r\n  <div class=\"gaccordion\">\r\n    <h2 style=\"margin: 1.5rem !important;\">2025<\/h2>\r\n\r\n\r\n    <!-- ==== 3er Trimestre ==== -->\r\n    <div class=\"gaccordion-item\">\r\n      <button class=\"gaccordion-button\" onclick=\"toggleAccordion(this)\" aria-expanded=\"false\" aria-controls=\"panel-3trimestre\">\r\n        <span>3er Trimestre<\/span>\r\n        <i class=\"fas fa-chevron-down\"><\/i>\r\n      <\/button>\r\n      <div class=\"gaccordion-panel\" id=\"panel-3trimestre\">\r\n        <table class=\"gaccordion-table\">\r\n          <colgroup>\r\n            <col class=\"gaccordion-numeration\" \/>\r\n            <col class=\"gaccordion-title\" \/>\r\n            <col class=\"gaccordion-download\" \/>\r\n          <\/colgroup>\r\n          <thead>\r\n            <tr>\r\n              <th class=\"gaccordion-numeration\">#<\/th>\r\n              <th class=\"gaccordion-title\">ARCHIVO<\/th>\r\n              <th class=\"gaccordion-download\">Descargar<\/th>\r\n            <\/tr>\r\n          <\/thead>\r\n          <tbody>\r\n            <tr>\r\n              <td class=\"gaccordion-numeration\"><\/td>\r\n              <td class=\"gaccordion-title\">LTAIPEQArt66FraccXXA-F.xlsx<\/td>\r\n              <td class=\"gaccordion-download\">\r\n                <a href=\"https:\/\/colon.gob.mx\/include\/pdf\/informacion publica\/XX\/PRESUPUESTO-ASIGNADO-ANUAL\/2025\/3ER TRIMESTRE\/LTAIPEQArt66FraccXXA-F.xlsx\" target=\"_blank\" rel=\"noopener noreferrer\" class=\"gaccordion-excel\" aria-label=\"Descargar XLSX\"><i class=\"fa-solid fa-file-excel\"><\/i><\/a>\r\n              <\/td>\r\n            <\/tr>\r\n            <tr>\r\n              <td class=\"gaccordion-numeration\"><\/td>\r\n              <td class=\"gaccordion-title\">LTAIPEQArt66FraccXXB F..xlsx<\/td>\r\n              <td class=\"gaccordion-download\">\r\n                <a href=\"https:\/\/colon.gob.mx\/include\/pdf\/informacion publica\/XX\/PRESUPUESTO-ASIGNADO-ANUAL\/2025\/3ER TRIMESTRE\/LTAIPEQArt66FraccXXB F..xlsx\" target=\"_blank\" rel=\"noopener noreferrer\" class=\"gaccordion-excel\" aria-label=\"Descargar XLSX\"><i class=\"fa-solid fa-file-excel\"><\/i><\/a>\r\n              <\/td>\r\n            <\/tr>\r\n            <tr>\r\n              <td class=\"gaccordion-numeration\"><\/td>\r\n              <td class=\"gaccordion-title\">LTAIPEQArt66FraccXXC-F.xlsx<\/td>\r\n              <td class=\"gaccordion-download\">\r\n                <a href=\"https:\/\/colon.gob.mx\/include\/pdf\/informacion publica\/XX\/PRESUPUESTO-ASIGNADO-ANUAL\/2025\/3ER TRIMESTRE\/LTAIPEQArt66FraccXXC-F.xlsx\" target=\"_blank\" rel=\"noopener noreferrer\" class=\"gaccordion-excel\" aria-label=\"Descargar XLSX\"><i class=\"fa-solid fa-file-excel\"><\/i><\/a>\r\n              <\/td>\r\n            <\/tr>\r\n          <\/tbody>\r\n        <\/table>\r\n      <\/div>\r\n    <\/div>\r\n\r\n    <!-- ==== 2do Trimestre ==== -->\r\n    <div class=\"gaccordion-item\">\r\n      <button class=\"gaccordion-button\" onclick=\"toggleAccordion(this)\" aria-expanded=\"false\" aria-controls=\"panel-2trimestre\">\r\n        <span>2do Trimestre<\/span>\r\n        <i class=\"fas fa-chevron-down\"><\/i>\r\n      <\/button>\r\n      <div class=\"gaccordion-panel\" id=\"panel-2trimestre\">\r\n        <table class=\"gaccordion-table\">\r\n          <colgroup>\r\n            <col class=\"gaccordion-numeration\" \/>\r\n            <col class=\"gaccordion-title\" \/>\r\n            <col class=\"gaccordion-download\" \/>\r\n          <\/colgroup>\r\n          <thead>\r\n            <tr>\r\n              <th class=\"gaccordion-numeration\">#<\/th>\r\n              <th class=\"gaccordion-title\">ARCHIVO<\/th>\r\n              <th class=\"gaccordion-download\">Descargar<\/th>\r\n            <\/tr>\r\n          <\/thead>\r\n          <tbody>\r\n            <tr>\r\n              <td class=\"gaccordion-numeration\"><\/td>\r\n              <td class=\"gaccordion-title\">LTAIPEQArt66FraccXXA N.xlsx<\/td>\r\n              <td class=\"gaccordion-download\">\r\n                <a href=\"https:\/\/colon.gob.mx\/include\/pdf\/informacion publica\/XX\/PRESUPUESTO-ASIGNADO-ANUAL\/2025\/2DO TRIMESTRE\/LTAIPEQArt66FraccXXA N.xlsx\" target=\"_blank\" rel=\"noopener noreferrer\" class=\"gaccordion-excel\" aria-label=\"Descargar XLSX\"><i class=\"fa-solid fa-file-excel\"><\/i><\/a>\r\n              <\/td>\r\n            <\/tr>\r\n            <tr>\r\n              <td class=\"gaccordion-numeration\"><\/td>\r\n              <td class=\"gaccordion-title\">LTAIPEQArt66FraccXXB N..xlsx<\/td>\r\n              <td class=\"gaccordion-download\">\r\n                <a href=\"https:\/\/colon.gob.mx\/include\/pdf\/informacion publica\/XX\/PRESUPUESTO-ASIGNADO-ANUAL\/2025\/2DO TRIMESTRE\/LTAIPEQArt66FraccXXB N..xlsx\" target=\"_blank\" rel=\"noopener noreferrer\" class=\"gaccordion-excel\" aria-label=\"Descargar XLSX\"><i class=\"fa-solid fa-file-excel\"><\/i><\/a>\r\n              <\/td>\r\n            <\/tr>\r\n            <tr>\r\n              <td class=\"gaccordion-numeration\"><\/td>\r\n              <td class=\"gaccordion-title\">LTAIPEQArt66FraccXXC N.xlsx<\/td>\r\n              <td class=\"gaccordion-download\">\r\n                <a href=\"https:\/\/colon.gob.mx\/include\/pdf\/informacion publica\/XX\/PRESUPUESTO-ASIGNADO-ANUAL\/2025\/2DO TRIMESTRE\/LTAIPEQArt66FraccXXC N.xlsx\" target=\"_blank\" rel=\"noopener noreferrer\" class=\"gaccordion-excel\" aria-label=\"Descargar XLSX\"><i class=\"fa-solid fa-file-excel\"><\/i><\/a>\r\n              <\/td>\r\n            <\/tr>\r\n          <\/tbody>\r\n        <\/table>\r\n      <\/div>\r\n    <\/div>\r\n\r\n    <!-- ==== 1er Trimestre ==== -->\r\n    <div class=\"gaccordion-item\">\r\n      <button class=\"gaccordion-button\" onclick=\"toggleAccordion(this)\" aria-expanded=\"false\" aria-controls=\"panel-1trimestre\">\r\n        <span>1er Trimestre<\/span>\r\n        <i class=\"fas fa-chevron-down\"><\/i>\r\n      <\/button>\r\n      <div class=\"gaccordion-panel\" id=\"panel-1trimestre\">\r\n        <table class=\"gaccordion-table\">\r\n          <colgroup>\r\n            <col class=\"gaccordion-numeration\" \/>\r\n            <col class=\"gaccordion-title\" \/>\r\n            <col class=\"gaccordion-download\" \/>\r\n          <\/colgroup>\r\n          <thead>\r\n            <tr>\r\n              <th class=\"gaccordion-numeration\">#<\/th>\r\n              <th class=\"gaccordion-title\">ARCHIVO<\/th>\r\n              <th class=\"gaccordion-download\">Descargar<\/th>\r\n            <\/tr>\r\n          <\/thead>\r\n          <tbody>\r\n            <tr>\r\n              <td class=\"gaccordion-numeration\"><\/td>\r\n              <td class=\"gaccordion-title\">LTAIPEQArt66FraccXXA..xlsx<\/td>\r\n              <td class=\"gaccordion-download\">\r\n                <a href=\"https:\/\/colon.gob.mx\/include\/pdf\/informacion publica\/XX\/PRESUPUESTO-ASIGNADO-ANUAL\/2025\/1ER TRIMESTRE\/LTAIPEQArt66FraccXXA..xlsx\" target=\"_blank\" rel=\"noopener noreferrer\" class=\"gaccordion-excel\" aria-label=\"Descargar XLSX\"><i class=\"fa-solid fa-file-excel\"><\/i><\/a>\r\n              <\/td>\r\n            <\/tr>\r\n            <tr>\r\n              <td class=\"gaccordion-numeration\"><\/td>\r\n              <td class=\"gaccordion-title\">LTAIPEQArt66FraccXXB..xlsx<\/td>\r\n              <td class=\"gaccordion-download\">\r\n                <a href=\"https:\/\/colon.gob.mx\/include\/pdf\/informacion publica\/XX\/PRESUPUESTO-ASIGNADO-ANUAL\/2025\/1ER TRIMESTRE\/LTAIPEQArt66FraccXXB..xlsx\" target=\"_blank\" rel=\"noopener noreferrer\" class=\"gaccordion-excel\" aria-label=\"Descargar XLSX\"><i class=\"fa-solid fa-file-excel\"><\/i><\/a>\r\n              <\/td>\r\n            <\/tr>\r\n            <tr>\r\n              <td class=\"gaccordion-numeration\"><\/td>\r\n              <td class=\"gaccordion-title\">LTAIPEQArt66FraccXXC..xlsx<\/td>\r\n              <td class=\"gaccordion-download\">\r\n                <a href=\"https:\/\/colon.gob.mx\/include\/pdf\/informacion publica\/XX\/PRESUPUESTO-ASIGNADO-ANUAL\/2025\/1ER TRIMESTRE\/LTAIPEQArt66FraccXXC..xlsx\" target=\"_blank\" rel=\"noopener noreferrer\" class=\"gaccordion-excel\" aria-label=\"Descargar XLSX\"><i class=\"fa-solid fa-file-excel\"><\/i><\/a>\r\n              <\/td>\r\n            <\/tr>\r\n          <\/tbody>\r\n        <\/table>\r\n      <\/div>\r\n    <\/div>\r\n\r\n  <\/div>\r\n<\/div>\r\n\r\n<script>\r\n  \/* ==== Acorde\u00f3n ==== *\/\r\n  function toggleAccordion(button) {\r\n    const panel = button.nextElementSibling;\r\n    const isActive = button.classList.contains('active');\r\n    \/\/ cerrar todos los paneles\r\n    document.querySelectorAll('.gaccordion-button').forEach(b => {\r\n      b.classList.remove('active');\r\n      b.setAttribute('aria-expanded', 'false');\r\n      b.nextElementSibling.classList.remove('show');\r\n    });\r\n    \/\/ abrir el actual si no estaba activo\r\n    if (!isActive) {\r\n      button.classList.add('active');\r\n      button.setAttribute('aria-expanded', 'true');\r\n      panel.classList.add('show');\r\n    }\r\n  }\r\n  \/* ==== Enumeraci\u00f3n autom\u00e1tica ==== *\/\r\n  document.querySelectorAll('.gaccordion-table tbody').forEach(tbody => {\r\n    const rows = tbody.querySelectorAll('tr');\r\n    rows.forEach((row, idx) => {\r\n      const numCell = row.querySelector('.gaccordion-numeration');\r\n      if (numCell) numCell.textContent = idx + 1;\r\n    });\r\n  });\r\n  \/* ==== Efecto clic en enlaces de descarga ==== *\/\r\n  document.querySelectorAll('.gaccordion-download a').forEach(link => {\r\n    link.addEventListener('click', e => {\r\n      e.preventDefault();\r\n      link.style.opacity = '0.5';\r\n      setTimeout(() => {\r\n        link.style.opacity = '1';\r\n        window.open(link.href, '_blank');\r\n      }, 200);\r\n    });\r\n  });\r\n<\/script>\t\t\t\t<\/div>\n\t\t\t\t<\/div>\n\t\t\t\t<div class=\"elementor-element elementor-element-4d72869 elementor-widget elementor-widget-html\" data-id=\"4d72869\" data-element_type=\"widget\" data-e-type=\"widget\" data-widget_type=\"html.default\">\n\t\t\t\t<div class=\"elementor-widget-container\">\n\t\t\t\t\t<!-- ==================== FOOTER PROGRAMA ANUAL DE EVALUACI\u00d3N ==================== -->\r\n<footer class=\"gcuenta-footer-simple\">\r\n  <div class=\"gcuenta-footer-simple__inner\">\r\n    <p class=\"gcuenta-footer-simple__update\">\r\n      \u00daltima actualizaci\u00f3n: <strong>diciembre de 2025<\/strong>\r\n    <\/p>\r\n    <p class=\"gcuenta-footer-simple__note\">\r\n      Informaci\u00f3n sujeta a evaluaci\u00f3n y verificaci\u00f3n por las <em>autoridades competentes<\/em>.\r\n    <\/p>\r\n    <p class=\"gcuenta-footer-simple__credit\">\r\n      H. Ayuntamiento de Col\u00f3n, Quer\u00e9taro | 2024 \u2013 2027\r\n    <\/p>\r\n  <\/div>\r\n<\/footer>\r\n\r\n<style>\r\n  .gcuenta-footer-simple {\r\n    background: #f8f9fa;\r\n    border-top: 1px solid #e9ecef;\r\n    padding: 1.5rem 1rem;\r\n    margin: 2rem 0;\r\n    font-size: .875rem;\r\n    color: #555;\r\n    text-align: center;\r\n  }\r\n  .gcuenta-footer-simple__inner {\r\n    max-width: 900px;\r\n    margin: 0 auto;\r\n  }\r\n  .gcuenta-footer-simple__update,\r\n  .gcuenta-footer-simple__note,\r\n  .gcuenta-footer-simple__credit {\r\n    margin: 0 0 .75rem;\r\n    line-height: 1.5;\r\n  }\r\n  .gcuenta-footer-simple__update strong {\r\n    color: #333;\r\n    font-weight: 600;\r\n  }\r\n  .gcuenta-footer-simple__note em {\r\n    font-style: italic;\r\n    color: #444;\r\n  }\r\n  .gcuenta-footer-simple__credit {\r\n    font-size: .8rem;\r\n    color: #777;\r\n    margin-bottom: 0;\r\n  }\r\n  @media (max-width: 480px) {\r\n    .gcuenta-footer-simple {\r\n      padding: 1.25rem .75rem;\r\n      font-size: .8rem;\r\n    }\r\n  }\r\n<\/style>\t\t\t\t<\/div>\n\t\t\t\t<\/div>\n\t\t\t\t\t<\/div>\n\t\t<\/div>\n\t\t\t\t\t<\/div>\n\t\t<\/section>\n\t\t\t\t<\/div>\n\t\t","protected":false},"excerpt":{"rendered":"<p>Presupuesto Asignado Anual, Ejercicio de los Egresos Presupuestarios y Cuenta P\u00fablica Informaci\u00f3n financiera y fiscal del H. Ayuntamiento de Col\u00f3n En esta secci\u00f3n se publica el presupuesto asignado anual, el ejercicio de los egresos presupuestarios y la cuenta p\u00fablica del Municipio de Col\u00f3n, conforme a las obligaciones de transparencia establecidas &hellip;<\/p>\n","protected":false},"author":1,"featured_media":0,"parent":0,"menu_order":0,"comment_status":"closed","ping_status":"closed","template":"","meta":{"footnotes":""},"class_list":["post-10452","page","type-page","status-publish","hentry"],"_links":{"self":[{"href":"https:\/\/colon.gob.mx\/inicio\/wp-json\/wp\/v2\/pages\/10452","targetHints":{"allow":["GET"]}}],"collection":[{"href":"https:\/\/colon.gob.mx\/inicio\/wp-json\/wp\/v2\/pages"}],"about":[{"href":"https:\/\/colon.gob.mx\/inicio\/wp-json\/wp\/v2\/types\/page"}],"author":[{"embeddable":true,"href":"https:\/\/colon.gob.mx\/inicio\/wp-json\/wp\/v2\/users\/1"}],"replies":[{"embeddable":true,"href":"https:\/\/colon.gob.mx\/inicio\/wp-json\/wp\/v2\/comments?post=10452"}],"version-history":[{"count":10,"href":"https:\/\/colon.gob.mx\/inicio\/wp-json\/wp\/v2\/pages\/10452\/revisions"}],"predecessor-version":[{"id":10463,"href":"https:\/\/colon.gob.mx\/inicio\/wp-json\/wp\/v2\/pages\/10452\/revisions\/10463"}],"wp:attachment":[{"href":"https:\/\/colon.gob.mx\/inicio\/wp-json\/wp\/v2\/media?parent=10452"}],"curies":[{"name":"wp","href":"https:\/\/api.w.org\/{rel}","templated":true}]}}