{"id":407,"date":"2022-12-02T16:53:00","date_gmt":"2022-12-02T16:53:00","guid":{"rendered":"https:\/\/colon.gob.mx\/SMDIF\/?page_id=407"},"modified":"2026-03-31T21:20:19","modified_gmt":"2026-03-31T21:20:19","slug":"indicadores","status":"publish","type":"page","link":"https:\/\/colon.gob.mx\/SMDIF\/indicadores\/","title":{"rendered":"Indicadores"},"content":{"rendered":"\t\t<div data-elementor-type=\"wp-page\" data-elementor-id=\"407\" class=\"elementor elementor-407\">\n\t\t\t\t\t\t<section class=\"elementor-section elementor-top-section elementor-element elementor-element-9fc7833 elementor-section-boxed elementor-section-height-default elementor-section-height-default\" data-id=\"9fc7833\" data-element_type=\"section\" data-e-type=\"section\">\n\t\t\t\t\t\t<div class=\"elementor-container elementor-column-gap-default\">\n\t\t\t\t\t<div class=\"elementor-column elementor-col-100 elementor-top-column elementor-element elementor-element-56663e6b\" data-id=\"56663e6b\" data-element_type=\"column\" data-e-type=\"column\">\n\t\t\t<div class=\"elementor-widget-wrap elementor-element-populated\">\n\t\t\t\t\t\t<div class=\"elementor-element elementor-element-835a824 elementor-widget elementor-widget-accordion\" data-id=\"835a824\" data-element_type=\"widget\" data-e-type=\"widget\" data-widget_type=\"accordion.default\">\n\t\t\t\t<div class=\"elementor-widget-container\">\n\t\t\t\t\t\t\t<div class=\"elementor-accordion\">\n\t\t\t\t\t\t\t<div class=\"elementor-accordion-item\">\n\t\t\t\t\t<h3 id=\"elementor-tab-title-1371\" class=\"elementor-tab-title\" data-tab=\"1\" role=\"button\" aria-controls=\"elementor-tab-content-1371\" aria-expanded=\"false\">\n\t\t\t\t\t\t\t\t\t\t\t\t\t<span class=\"elementor-accordion-icon elementor-accordion-icon-left\" aria-hidden=\"true\">\n\t\t\t\t\t\t\t\t\t\t\t\t\t\t\t<span class=\"elementor-accordion-icon-closed\"><i class=\"fas fa-plus\"><\/i><\/span>\n\t\t\t\t\t\t\t\t<span class=\"elementor-accordion-icon-opened\"><i class=\"fas fa-minus\"><\/i><\/span>\n\t\t\t\t\t\t\t\t\t\t\t\t\t\t<\/span>\n\t\t\t\t\t\t\t\t\t\t\t\t<a class=\"elementor-accordion-title\" tabindex=\"0\">2025<\/a>\n\t\t\t\t\t<\/h3>\n\t\t\t\t\t<div id=\"elementor-tab-content-1371\" class=\"elementor-tab-content elementor-clearfix\" data-tab=\"1\" role=\"region\" aria-labelledby=\"elementor-tab-title-1371\"><table>\n\n<tr>\n<th>Secci\u00f3n<\/th>\n<th>Visualizar<\/th>\n<\/tr>\n<\/thead>\n<tbody>\n<tr>\n<td>FRACCION 5 INDICADORES DE RESULTADOS<\/td>\n<td><a href=\"https:\/\/www.colon.gob.mx\/dif\/include\/pdf\/informacionpublica\/V\/2025\/FRACCION 5 INDICADORES DE RESULTADOS.pdf\" target=\"_blank\" rel=\"noopener\"><img decoding=\"async\" src=\"..\/..\/..\/images\/pdf.png\" \/><\/a><\/td>\n<\/tr>\n<\/tbody>\n<\/table><\/div>\n\t\t\t\t<\/div>\n\t\t\t\t\t\t\t<div class=\"elementor-accordion-item\">\n\t\t\t\t\t<h3 id=\"elementor-tab-title-1372\" class=\"elementor-tab-title\" data-tab=\"2\" role=\"button\" aria-controls=\"elementor-tab-content-1372\" aria-expanded=\"false\">\n\t\t\t\t\t\t\t\t\t\t\t\t\t<span class=\"elementor-accordion-icon elementor-accordion-icon-left\" aria-hidden=\"true\">\n\t\t\t\t\t\t\t\t\t\t\t\t\t\t\t<span class=\"elementor-accordion-icon-closed\"><i class=\"fas fa-plus\"><\/i><\/span>\n\t\t\t\t\t\t\t\t<span class=\"elementor-accordion-icon-opened\"><i class=\"fas fa-minus\"><\/i><\/span>\n\t\t\t\t\t\t\t\t\t\t\t\t\t\t<\/span>\n\t\t\t\t\t\t\t\t\t\t\t\t<a class=\"elementor-accordion-title\" tabindex=\"0\">2024<\/a>\n\t\t\t\t\t<\/h3>\n\t\t\t\t\t<div id=\"elementor-tab-content-1372\" class=\"elementor-tab-content elementor-clearfix\" data-tab=\"2\" role=\"region\" aria-labelledby=\"elementor-tab-title-1372\"><table>\n<thead>\n<tr>\n<th colspan=\"2\">TERCER TRIMESTRE<\/th>\n<\/tr>\n<\/thead>\n<tr>\n<th>Secci\u00f3n<\/th>\n<th>Visualizar<\/th>\n<\/tr>\n<tbody>\n<tr>\n<td>5 FRACCI\u00d3N &#8211; Indicadores 3er Trimestre 2024<\/td>\n<td><a href=\"https:\/\/www.colon.gob.mx\/dif\/include\/pdf\/informacionpublica\/V\/2024\/3-TRIMESTRE\/5 FRACCI\u00d3N - Indicadores 3er Trimestre 2024.pdf\" target=\"_blank\" rel=\"noopener\"><img decoding=\"async\" src=\"..\/..\/..\/images\/pdf.png\" \/><\/a><\/td>\n<\/tr>\n<tr>\n<th colspan=\"2\">SEGUNDO TRIMESTRE<\/th>\n<\/tr>\n<tr>\n<th>Secci\u00f3n<\/th>\n<th>Visualizar<\/th>\n<\/tr>\n<\/thead>\n<tbody>\n<tr>\n<td>MATRIZ DE INDICADORES 2o trim 2024 DIF<\/td>\n<td><a href=\"https:\/\/www.colon.gob.mx\/dif\/include\/pdf\/informacionpublica\/V\/2024\/2-TRIMESTRE\/MATRIZ DE INDICADORES 2o trim 2024 DIF.pdf\" target=\"_blank\" rel=\"noopener\"><img decoding=\"async\" src=\"..\/..\/..\/images\/pdf.png\" \/><\/a><\/td>\n<\/tr>\n<tr>\n<td>INDICADORES DE RESULTADOS ENERO- JUNIO 2024<\/td>\n<td><a href=\"https:\/\/www.colon.gob.mx\/dif\/include\/pdf\/informacionpublica\/V\/2024\/1-TRIMESTRE\/INDICADORES DE RESULTADOS ENERO- JUNIO 2024.pdf\" target=\"_blank\" rel=\"noopener\"><img decoding=\"async\" src=\"..\/..\/..\/images\/pdf.png\" \/><\/a><\/td>\n<\/tr>\n<\/tbody>\n<\/table>\n<table>\n<thead>\n<tr>\n<th colspan=\"2\">PRIMER TRIMESTRE<\/th>\n<\/tr>\n<tr>\n<th>Secci\u00f3n<\/th>\n<th>Visualizar<\/th>\n<\/tr>\n<\/thead>\n<tbody>\n<tr>\n<td>INDICADORES PRIMER TRIMESTRE 2024<\/td>\n<td><a href=\"https:\/\/www.colon.gob.mx\/dif\/include\/pdf\/informacionpublica\/V\/2024\/1-TRIMESTRE\/INDICADORES PRIMER TRIMESTRE 2024.pdf\" target=\"_blank\" rel=\"noopener\"><img decoding=\"async\" src=\"..\/..\/..\/images\/pdf.png\" \/><\/a><\/td>\n<\/tr>\n<\/tbody>\n<\/table><\/div>\n\t\t\t\t<\/div>\n\t\t\t\t\t\t\t<div class=\"elementor-accordion-item\">\n\t\t\t\t\t<h3 id=\"elementor-tab-title-1373\" class=\"elementor-tab-title\" data-tab=\"3\" role=\"button\" aria-controls=\"elementor-tab-content-1373\" aria-expanded=\"false\">\n\t\t\t\t\t\t\t\t\t\t\t\t\t<span class=\"elementor-accordion-icon elementor-accordion-icon-left\" aria-hidden=\"true\">\n\t\t\t\t\t\t\t\t\t\t\t\t\t\t\t<span class=\"elementor-accordion-icon-closed\"><i class=\"fas fa-plus\"><\/i><\/span>\n\t\t\t\t\t\t\t\t<span class=\"elementor-accordion-icon-opened\"><i class=\"fas fa-minus\"><\/i><\/span>\n\t\t\t\t\t\t\t\t\t\t\t\t\t\t<\/span>\n\t\t\t\t\t\t\t\t\t\t\t\t<a class=\"elementor-accordion-title\" tabindex=\"0\">2023<\/a>\n\t\t\t\t\t<\/h3>\n\t\t\t\t\t<div id=\"elementor-tab-content-1373\" class=\"elementor-tab-content elementor-clearfix\" data-tab=\"3\" role=\"region\" aria-labelledby=\"elementor-tab-title-1373\"><table>\n<thead>\n<tr>\n<th colspan=\"2\">CUARTO TRIMESTRE<\/th>\n<\/tr>\n<tr>\n<th>Secci\u00f3n<\/th>\n<th>Visualizar<\/th>\n<\/tr>\n<\/thead>\n<tbody>\n<tr>\n<td>INDICADORES 4to Organo Interno de Control<\/td>\n<td><a href=\"https:\/\/www.colon.gob.mx\/dif\/include\/pdf\/informacionpublica\/V\/2023\/CUARTO-TRIMESTRE\/INDICADORES 4to Organo Interno de Control.pdf\" target=\"_blank\" rel=\"noopener\"><img decoding=\"async\" src=\"..\/..\/..\/images\/pdf.png\" \/><\/a><\/td>\n<\/tr>\n<tr>\n<td>INDICADORES 4to Programas Alimentarios<\/td>\n<td><a href=\"https:\/\/www.colon.gob.mx\/dif\/include\/pdf\/informacionpublica\/V\/2023\/CUARTO-TRIMESTRE\/INDICADORES 4to Programas Alimentarios.pdf\" target=\"_blank\" rel=\"noopener\"><img decoding=\"async\" src=\"..\/..\/..\/images\/pdf.png\" \/><\/a><\/td>\n<\/tr>\n<tr>\n<td>INDICADORES 4to Procuraduria de Proteccion de Ni\u00f1as Ni\u00f1os y Adolescentes<\/td>\n<td><a href=\"https:\/\/www.colon.gob.mx\/dif\/include\/pdf\/informacionpublica\/V\/2023\/CUARTO-TRIMESTRE\/INDICADORES 4to Procuraduria de Proteccion de Ni\u00f1as Ni\u00f1os y Adolescentes.pdf\" target=\"_blank\" rel=\"noopener\"><img decoding=\"async\" src=\"..\/..\/..\/images\/pdf.png\" \/><\/a><\/td>\n<\/tr>\n<tr>\n<td>INDICADORES 4to Unidad Basica de Rehabilitacion<\/td>\n<td><a href=\"https:\/\/www.colon.gob.mx\/dif\/include\/pdf\/informacionpublica\/V\/2023\/CUARTO-TRIMESTRE\/INDICADORES 4to  Unidad Basica de Rehabilitacion.pdf\" target=\"_blank\" rel=\"noopener\"><img decoding=\"async\" src=\"..\/..\/..\/images\/pdf.png\" \/><\/a><\/td>\n<\/tr>\n<tr>\n<td>INDICADORES 4to Coodinacion de proteccion de Adultos Mayores y Grupos Vulnerables<\/td>\n<td><a href=\"https:\/\/www.colon.gob.mx\/dif\/include\/pdf\/informacionpublica\/V\/2023\/CUARTO-TRIMESTRE\/INDICADORES 4to Coodinacion de proteccion de Adultos Mayores y Grupos Vulnerables.pdf\" target=\"_blank\" rel=\"noopener\"><img decoding=\"async\" src=\"..\/..\/..\/images\/pdf.png\" \/><\/a><\/td>\n<\/tr>\n<tr>\n<td>INDICADORES 4to Coordinacion de Centro de D\u00eda<\/td>\n<td><a href=\"https:\/\/www.colon.gob.mx\/dif\/include\/pdf\/informacionpublica\/V\/2023\/CUARTO-TRIMESTRE\/INDICADORES 4to Coordinacion de Centro de D\u00eda.pdf\" target=\"_blank\" rel=\"noopener\"><img decoding=\"async\" src=\"..\/..\/..\/images\/pdf.png\" \/><\/a><\/td>\n<\/tr>\n<tr>\n<td>INDICADORES 4to Programas Sociales y Desarrollo Comunitario<\/td>\n<td><a href=\"https:\/\/www.colon.gob.mx\/dif\/include\/pdf\/informacionpublica\/V\/2023\/CUARTO-TRIMESTRE\/INDICADORES 4to Programas Sociales y Desarrollo Comunitario.pdf\" target=\"_blank\" rel=\"noopener\"><img decoding=\"async\" src=\"..\/..\/..\/images\/pdf.png\" \/><\/a><\/td>\n<\/tr>\n<\/tbody>\n<\/table>\n<p>&lt;! &#8212; &#8212;&#8212;&#8212;&#8212;&#8212;&#8212;&#8212;&#8212;&#8212;&#8212;&#8212;&#8212;&#8212;&#8212;&#8212; &#8211;&gt; <\/p>\n<table>\n<thead>\n<tr>\n<th colspan=\"2\">TERCER TRIMESTRE<\/th>\n<\/tr>\n<tr>\n<th>Secci\u00f3n<\/th>\n<th>Visualizar<\/th>\n<\/tr>\n<\/thead>\n<tbody>\n<tr>\n<td>INDICADORES 3ER TRIM CENTRO DE DIA<\/td>\n<td><a href=\"https:\/\/www.colon.gob.mx\/dif\/include\/pdf\/informacionpublica\/V\/2023\/TERCER-TRIMESTRE\/INDICADORES 3ER TRIM CENTRO DE DIA.pdf\" target=\"_blank\" rel=\"noopener\"><img decoding=\"async\" src=\"..\/..\/..\/images\/pdf.png\" \/><\/a><\/td>\n<\/tr>\n<tr>\n<td>INIDICADORES 3ER TRIM PROCURADURIA DE PROTECC. NI\u00d1OS NI\u00d1AS Y ADOLESCENTES<\/td>\n<td><a href=\"https:\/\/www.colon.gob.mx\/dif\/include\/pdf\/informacionpublica\/V\/2023\/TERCER-TRIMESTRE\/INIDICADORES 3ER TRIM PROCURADURIA DE PROTECC. NI\u00d1OS NI\u00d1AS Y ADOLESCENTES.pdf\" target=\"_blank\" rel=\"noopener\"><img decoding=\"async\" src=\"..\/..\/..\/images\/pdf.png\" \/><\/a><\/td>\n<\/tr>\n<tr>\n<td>INICADORES 3ER TRIM PROGR. SOCIALES Y DESARROLLO COM<\/td>\n<td><a href=\"https:\/\/www.colon.gob.mx\/dif\/include\/pdf\/informacionpublica\/V\/2023\/TERCER-TRIMESTRE\/INICADORES 3ER TRIM PROGR. SOCIALES Y DESARROLLO COM.pdf\" target=\"_blank\" rel=\"noopener\"><img decoding=\"async\" src=\"..\/..\/..\/images\/pdf.png\" \/><\/a><\/td>\n<\/tr>\n<tr>\n<td>INDICADORES 3ER TRIM UNIDAD BASICA DE REHABILITACION<\/td>\n<td><a href=\"https:\/\/www.colon.gob.mx\/dif\/include\/pdf\/informacionpublica\/V\/2023\/TERCER-TRIMESTRE\/INDICADORES 3ER TRIM UNIDAD BASICA DE REHABILITACION.pdf\" target=\"_blank\" rel=\"noopener\"><img decoding=\"async\" src=\"..\/..\/..\/images\/pdf.png\" \/><\/a><\/td>\n<\/tr>\n<tr>\n<td>INDICADORES 3ER TRIM ORGANO INTERNO DE CONTROL<\/td>\n<td><a href=\"https:\/\/www.colon.gob.mx\/dif\/include\/pdf\/informacionpublica\/V\/2023\/TERCER-TRIMESTRE\/INDICADORES 3ER TRIM ORGANO INTERNO DE CONTROL.pdf\" target=\"_blank\" rel=\"noopener\"><img decoding=\"async\" src=\"..\/..\/..\/images\/pdf.png\" \/><\/a><\/td>\n<\/tr>\n<tr>\n<td>INDICADORES 3ER TRIM COORD. PROGRAMAS ALIMENTARIOS<\/td>\n<td><a href=\"https:\/\/www.colon.gob.mx\/dif\/include\/pdf\/informacionpublica\/V\/2023\/TERCER-TRIMESTRE\/INDICADORES 3ER TRIM COORD. PROGRAMAS ALIMENTARIOS.pdf\" target=\"_blank\" rel=\"noopener\"><img decoding=\"async\" src=\"..\/..\/..\/images\/pdf.png\" \/><\/a><\/td>\n<\/tr>\n<tr>\n<td>INDICADORES 3ER TRIM COOR. PROTECCION DE ADULTOS MAYORES Y GV<\/td>\n<td><a href=\"https:\/\/www.colon.gob.mx\/dif\/include\/pdf\/informacionpublica\/V\/2023\/TERCER-TRIMESTRE\/INDICADORES 3ER TRIM COOR. PROTECCION DE ADULTOS MAYORES Y GV.pdf\" target=\"_blank\" rel=\"noopener\"><img decoding=\"async\" src=\"..\/..\/..\/images\/pdf.png\" \/><\/a><\/td>\n<\/tr>\n<\/tbody>\n<\/table>\n<p>&lt;! &#8212; &#8212;&#8212;&#8212;&#8212;&#8212;&#8212;&#8212;&#8212;&#8212;&#8212;&#8212;&#8212;&#8212;&#8212;&#8212; &#8211;&gt; <\/p>\n<table>\n<thead>\n<tr>\n<th colspan=\"2\">SEGUNDO TRIMESTRE<\/th>\n<\/tr>\n<tr>\n<th>Secci\u00f3n<\/th>\n<th>Visualizar<\/th>\n<\/tr>\n<\/thead>\n<tbody>\n<tr>\n<td>INDICADORES COORD DE CENTRO DE DIA<\/td>\n<td><a href=\"https:\/\/www.colon.gob.mx\/dif\/include\/pdf\/informacionpublica\/V\/2023\/SEGUNDO-TRIMESTRE\/INDICADORES COORD DE CENTRO DE DIA.pdf\" target=\"_blank\" rel=\"noopener\"><img decoding=\"async\" src=\"..\/..\/..\/images\/pdf.png\" \/><\/a><\/td>\n<\/tr>\n<tr>\n<td>INDICADORES COORD DE PROGR ALIMENTARIOS<\/td>\n<td><a href=\"https:\/\/www.colon.gob.mx\/dif\/include\/pdf\/informacionpublica\/V\/2023\/SEGUNDO-TRIMESTRE\/INDICADORES COORD DE PROGR ALIMENTARIOS.pdf\" target=\"_blank\" rel=\"noopener\"><img decoding=\"async\" src=\"..\/..\/..\/images\/pdf.png\" \/><\/a><\/td>\n<\/tr>\n<tr>\n<td>INDICADORES COORD DE PROGRAMAS SOCIALES Y DESARROLLO COMUNITARIO<\/td>\n<td><a href=\"https:\/\/www.colon.gob.mx\/dif\/include\/pdf\/informacionpublica\/V\/2023\/SEGUNDO-TRIMESTRE\/INDICADORES COORD DE PROGRAMAS SOCIALES Y DESARROLLO COMUNITARIO.pdf\" target=\"_blank\" rel=\"noopener\"><img decoding=\"async\" src=\"..\/..\/..\/images\/pdf.png\" \/><\/a><\/td>\n<\/tr>\n<tr>\n<td>INDICADORES COORD DE PROTECCION DE ADULTOS MAYORES Y GV<\/td>\n<td><a href=\"https:\/\/www.colon.gob.mx\/dif\/include\/pdf\/informacionpublica\/V\/2023\/SEGUNDO-TRIMESTRE\/INDICADORES COORD DE PROTECCION DE ADULTOS MAYORES Y GV.pdf\" target=\"_blank\" rel=\"noopener\"><img decoding=\"async\" src=\"..\/..\/..\/images\/pdf.png\" \/><\/a><\/td>\n<\/tr>\n<tr>\n<td>INDICADORES ORGANO INTERNO DE CONTROL<\/td>\n<td><a href=\"https:\/\/www.colon.gob.mx\/dif\/include\/pdf\/informacionpublica\/V\/2023\/SEGUNDO-TRIMESTRE\/INDICADORES ORGANO INTERNO DE CONTROL.pdf\" target=\"_blank\" rel=\"noopener\"><img decoding=\"async\" src=\"..\/..\/..\/images\/pdf.png\" \/><\/a><\/td>\n<\/tr>\n<tr>\n<td>INDICADORES PROCURADURIA DE PROTECCION DE NI\u00d1AS NI\u00d1OS Y ADOLESCENTES<\/td>\n<td><a href=\"https:\/\/www.colon.gob.mx\/dif\/include\/pdf\/informacionpublica\/V\/2023\/SEGUNDO-TRIMESTRE\/INDICADORES PROCURADURIA DE PROTECCION DE NI\u00d1AS NI\u00d1OS Y ADOLESCENTES.pdf\" target=\"_blank\" rel=\"noopener\"><img decoding=\"async\" src=\"..\/..\/..\/images\/pdf.png\" \/><\/a><\/td>\n<\/tr>\n<tr>\n<td>INDICADORES UNIDAD B\u00c1SICA DE REHABILITACION<\/td>\n<td><a href=\"https:\/\/www.colon.gob.mx\/dif\/include\/pdf\/informacionpublica\/V\/2023\/SEGUNDO-TRIMESTRE\/INDICADORES UNIDAD B\u00c1SICA DE REHABILITACION.pdf\" target=\"_blank\" rel=\"noopener\"><img decoding=\"async\" src=\"..\/..\/..\/images\/pdf.png\" \/><\/a><\/td>\n<\/tr>\n<\/tbody>\n<\/table>\n<p>&lt;! &#8212; &#8212;&#8212;&#8212;&#8212;&#8212;&#8212;&#8212;&#8212;&#8212;&#8212;&#8212;&#8212;&#8212;&#8212;&#8212; &#8211;&gt; <\/p>\n<table>\n<thead>\n<tr>\n<th colspan=\"2\">PRIMER TRIMESTRE<\/th>\n<\/tr>\n<tr>\n<th>Secci\u00f3n<\/th>\n<th>Visualizar<\/th>\n<\/tr>\n<\/thead>\n<tbody>\n<tr>\n<td>Coordinacion de Centro de Dia<\/td>\n<td><a href=\"https:\/\/www.colon.gob.mx\/dif\/include\/pdf\/informacionpublica\/V\/2023\/Coordinacion de Centro de Dia.pdf\" target=\"_blank\" rel=\"noopener\"><img decoding=\"async\" src=\"..\/..\/..\/images\/pdf.png\" \/><\/a><\/td>\n<\/tr>\n<tr>\n<td>Coordinacion de Programas Alimentarios<\/td>\n<td><a href=\"https:\/\/www.colon.gob.mx\/dif\/include\/pdf\/informacionpublica\/V\/2023\/Coordinacion de Programas Alimentarios.pdf\" target=\"_blank\" rel=\"noopener\"><img decoding=\"async\" src=\"..\/..\/..\/images\/pdf.png\" \/><\/a><\/td>\n<\/tr>\n<tr>\n<td>Coordinacion de Programas Sociales y Desarrollo Comunitario<\/td>\n<td><a href=\"https:\/\/www.colon.gob.mx\/dif\/include\/pdf\/informacionpublica\/V\/2023\/Coordinacion de Programas Sociales y Desarrollo Comunitario.pdf\" target=\"_blank\" rel=\"noopener\"><img decoding=\"async\" src=\"..\/..\/..\/images\/pdf.png\" \/><\/a><\/td>\n<\/tr>\n<tr>\n<td>Coordinacion de Proteccion de Adultos Mayores y GV<\/td>\n<td><a href=\"https:\/\/www.colon.gob.mx\/dif\/include\/pdf\/informacionpublica\/V\/2023\/Coordinacion de Proteccion de Adultos Mayores y GV.pdf\" target=\"_blank\" rel=\"noopener\"><img decoding=\"async\" src=\"..\/..\/..\/images\/pdf.png\" \/><\/a><\/td>\n<\/tr>\n<tr>\n<td>Organo Interno de Control<\/td>\n<td><a href=\"https:\/\/www.colon.gob.mx\/dif\/include\/pdf\/informacionpublica\/V\/2023\/Organo Interno de Control.pdf\" target=\"_blank\" rel=\"noopener\"><img decoding=\"async\" src=\"..\/..\/..\/images\/pdf.png\" \/><\/a><\/td>\n<\/tr>\n<tr>\n<td>Procuraduria de Proteccion de Ni\u00f1as Ni\u00f1os y Adolescentes<\/td>\n<td><a href=\"https:\/\/www.colon.gob.mx\/dif\/include\/pdf\/informacionpublica\/V\/2023\/Procuraduria de Proteccion de Ni\u00f1as Ni\u00f1os y Adolescentes.pdf\" target=\"_blank\" rel=\"noopener\"><img decoding=\"async\" src=\"..\/..\/..\/images\/pdf.png\" \/><\/a><\/td>\n<\/tr>\n<tr>\n<td>Unidad Basica de Rehabilitaci\u00f3n<\/td>\n<td><a href=\"https:\/\/www.colon.gob.mx\/dif\/include\/pdf\/informacionpublica\/V\/2023\/Unidad Basica de Rehabilitacion.pdf\" target=\"_blank\" rel=\"noopener\"><img decoding=\"async\" src=\"..\/..\/..\/images\/pdf.png\" \/><\/a><\/td>\n<\/tr>\n<\/tbody>\n<\/table><\/div>\n\t\t\t\t<\/div>\n\t\t\t\t\t\t\t<div class=\"elementor-accordion-item\">\n\t\t\t\t\t<h3 id=\"elementor-tab-title-1374\" class=\"elementor-tab-title\" data-tab=\"4\" role=\"button\" aria-controls=\"elementor-tab-content-1374\" aria-expanded=\"false\">\n\t\t\t\t\t\t\t\t\t\t\t\t\t<span class=\"elementor-accordion-icon elementor-accordion-icon-left\" aria-hidden=\"true\">\n\t\t\t\t\t\t\t\t\t\t\t\t\t\t\t<span class=\"elementor-accordion-icon-closed\"><i class=\"fas fa-plus\"><\/i><\/span>\n\t\t\t\t\t\t\t\t<span class=\"elementor-accordion-icon-opened\"><i class=\"fas fa-minus\"><\/i><\/span>\n\t\t\t\t\t\t\t\t\t\t\t\t\t\t<\/span>\n\t\t\t\t\t\t\t\t\t\t\t\t<a class=\"elementor-accordion-title\" tabindex=\"0\">2022<\/a>\n\t\t\t\t\t<\/h3>\n\t\t\t\t\t<div id=\"elementor-tab-content-1374\" class=\"elementor-tab-content elementor-clearfix\" data-tab=\"4\" role=\"region\" aria-labelledby=\"elementor-tab-title-1374\"><p><a href=\"https:\/\/www.colon.gob.mx\/dif\/include\/pdf\/informacionpublica\/V\/Indicadores.pdf\" target=\"_blank\" rel=\"noreferrer noopener\">Indicadores SMDIF<\/a><\/p>\n<!-- \/wp:paragraph --><!-- wp:paragraph -->\n<p><a href=\"https:\/\/www.colon.gob.mx\/dif\/include\/pdf\/informacionpublica\/V\/CONTRALORIA.xlsx\" target=\"_blank\" rel=\"noreferrer noopener\">Contralor\u00eda<\/a><\/p>\n<!-- \/wp:paragraph --><!-- wp:paragraph -->\n<p><a href=\"https:\/\/www.colon.gob.mx\/dif\/include\/pdf\/informacionpublica\/V\/COORDINACION DE CENTRO DE DIA.xlsx\" target=\"_blank\" rel=\"noreferrer noopener\" data-type=\"URL\" data-id=\"https:\/\/www.colon.gob.mx\/dif\/include\/pdf\/informacionpublica\/V\/COORDINACION DE CENTRO DE DIA.xlsx\">Coordinaci\u00f3n de Centro de D\u00eda<\/a><\/p>\n<!-- \/wp:paragraph --><!-- wp:paragraph -->\n<p><a href=\"https:\/\/www.colon.gob.mx\/dif\/include\/pdf\/informacionpublica\/V\/COORDINACION DE PROGRAMAS ALIMENTARIOS.xlsx\" target=\"_blank\" rel=\"noreferrer noopener\" data-type=\"URL\" data-id=\"https:\/\/www.colon.gob.mx\/dif\/include\/pdf\/informacionpublica\/V\/COORDINACION DE PROGRAMAS ALIMENTARIOS.xlsx\">Coordinaci\u00f3n de Programas Alimentarios<\/a><\/p>\n<!-- \/wp:paragraph --><!-- wp:paragraph -->\n<p><a href=\"https:\/\/www.colon.gob.mx\/dif\/include\/pdf\/informacionpublica\/V\/COORDINACION DE PROGRAMAS SOCIALES Y DESARROLLO COMUNITARIO.xlsx\" target=\"_blank\" rel=\"noreferrer noopener\" data-type=\"URL\" data-id=\"https:\/\/www.colon.gob.mx\/dif\/include\/pdf\/informacionpublica\/V\/COORDINACION DE PROGRAMAS SOCIALES Y DESARROLLO COMUNITARIO.xlsx\">Coordinaci\u00f3n de Programas Sociales y Desarrollo Comunitario<\/a><\/p>\n<!-- \/wp:paragraph --><!-- wp:paragraph -->\n<p><a href=\"https:\/\/www.colon.gob.mx\/dif\/include\/pdf\/informacionpublica\/V\/PROCURADURIA DE PROTECCION DE NINAS NINOS Y ADOLESCENTES.xlsx\" target=\"_blank\" rel=\"noreferrer noopener\" data-type=\"URL\" data-id=\"https:\/\/www.colon.gob.mx\/dif\/include\/pdf\/informacionpublica\/V\/PROCURADURIA DE PROTECCION DE NINAS NINOS Y ADOLESCENTES.xlsx\">Procurador\u00eda de protecci\u00f3n de Ni\u00f1as, Ni\u00f1os y Adolescentes<\/a><\/p>\n<!-- \/wp:paragraph --><!-- wp:paragraph -->\n<p><a href=\"https:\/\/www.colon.gob.mx\/dif\/include\/pdf\/informacionpublica\/V\/UNIDAD BASICA DE REHABILITACION.xlsx\" target=\"_blank\" rel=\"noreferrer noopener\" data-type=\"URL\" data-id=\"https:\/\/www.colon.gob.mx\/dif\/include\/pdf\/informacionpublica\/V\/UNIDAD BASICA DE REHABILITACION.xlsx\">Unidad B\u00e1sica de Rehabilitaci\u00f3n<\/a><\/p>\n<!-- \/wp:paragraph --><\/div>\n\t\t\t\t<\/div>\n\t\t\t\t\t\t\t<div class=\"elementor-accordion-item\">\n\t\t\t\t\t<h3 id=\"elementor-tab-title-1375\" class=\"elementor-tab-title\" data-tab=\"5\" role=\"button\" aria-controls=\"elementor-tab-content-1375\" aria-expanded=\"false\">\n\t\t\t\t\t\t\t\t\t\t\t\t\t<span class=\"elementor-accordion-icon elementor-accordion-icon-left\" aria-hidden=\"true\">\n\t\t\t\t\t\t\t\t\t\t\t\t\t\t\t<span class=\"elementor-accordion-icon-closed\"><i class=\"fas fa-plus\"><\/i><\/span>\n\t\t\t\t\t\t\t\t<span class=\"elementor-accordion-icon-opened\"><i class=\"fas fa-minus\"><\/i><\/span>\n\t\t\t\t\t\t\t\t\t\t\t\t\t\t<\/span>\n\t\t\t\t\t\t\t\t\t\t\t\t<a class=\"elementor-accordion-title\" tabindex=\"0\">2021<\/a>\n\t\t\t\t\t<\/h3>\n\t\t\t\t\t<div id=\"elementor-tab-content-1375\" class=\"elementor-tab-content elementor-clearfix\" data-tab=\"5\" role=\"region\" aria-labelledby=\"elementor-tab-title-1375\"><p><a href=\"https:\/\/www.colon.gob.mx\/dif\/include\/pdf\/informacionpublica\/V\/2021\/Contraloria Interna DIF.pdf\" target=\"_blank\" rel=\"noreferrer noopener\">Contraloria Interna DIF<\/a><\/p>\n<!-- \/wp:paragraph -->\n<p><a href=\"https:\/\/www.colon.gob.mx\/dif\/include\/pdf\/informacionpublica\/V\/2021\/Coordinacion Centro de Dia.pdf\" target=\"_blank\" rel=\"noreferrer noopener\">Coordinacion Centro de Dia<\/a><\/p>\n<!-- \/wp:paragraph -->\n<p><a href=\"https:\/\/www.colon.gob.mx\/dif\/include\/pdf\/informacionpublica\/V\/2021\/Coordinacion de Programas Sociales y Desarrollo C.pdf\" target=\"_blank\" rel=\"noreferrer noopener\">Coordinacion de Programas Sociales y Desarrollo C<\/a><\/p>\n<!-- \/wp:paragraph -->\n<p><a href=\"https:\/\/www.colon.gob.mx\/dif\/include\/pdf\/informacionpublica\/V\/2021\/Procuraduria de la Defensa del Menor y la Familia Col\u00f3n.pdf\" target=\"_blank\" rel=\"noreferrer noopener\">Procuraduria de la Defensa del Menor y la Familia Col\u00f3n<\/a><\/p>\n<!-- \/wp:paragraph -->\n<p><a href=\"https:\/\/www.colon.gob.mx\/dif\/include\/pdf\/informacionpublica\/V\/2021\/Unidad Basica de Rehabilitacion DIF.pdf\" target=\"_blank\" rel=\"noreferrer noopener\">Unidad Basica de Rehabilitacion DIF<\/a><\/p>\n<!-- \/wp:paragraph -->\n<p><a href=\"https:\/\/www.colon.gob.mx\/dif\/include\/pdf\/informacionpublica\/V\/2021\/Coordinacion  de Programas Alimentarios.pdf\" target=\"_blank\" rel=\"noreferrer noopener\">Coordinacion de Programas Alimentarios<\/a><\/p>\n<!-- \/wp:paragraph --><\/div>\n\t\t\t\t<\/div>\n\t\t\t\t\t\t\t\t<\/div>\n\t\t\t\t\t\t<\/div>\n\t\t\t\t<\/div>\n\t\t\t\t\t<\/div>\n\t\t<\/div>\n\t\t\t\t\t<\/div>\n\t\t<\/section>\n\t\t\t\t<\/div>\n\t\t","protected":false},"excerpt":{"rendered":"<p>2025 Secci\u00f3n Visualizar FRACCION 5 INDICADORES DE RESULTADOS 2024 TERCER TRIMESTRE Secci\u00f3n Visualizar 5 FRACCI\u00d3N &#8211; Indicadores 3er Trimestre 2024 SEGUNDO TRIMESTRE Secci\u00f3n Visualizar MATRIZ DE INDICADORES 2o trim 2024 DIF INDICADORES DE RESULTADOS ENERO- JUNIO 2024 PRIMER TRIMESTRE Secci\u00f3n Visualizar INDICADORES PRIMER TRIMESTRE 2024 2023 CUARTO TRIMESTRE Secci\u00f3n Visualizar INDICADORES 4to Organo Interno de [&hellip;]<\/p>\n","protected":false},"author":1,"featured_media":0,"parent":0,"menu_order":0,"comment_status":"closed","ping_status":"closed","template":"","meta":{"footnotes":""},"class_list":["post-407","page","type-page","status-publish","hentry"],"_links":{"self":[{"href":"https:\/\/colon.gob.mx\/SMDIF\/wp-json\/wp\/v2\/pages\/407","targetHints":{"allow":["GET"]}}],"collection":[{"href":"https:\/\/colon.gob.mx\/SMDIF\/wp-json\/wp\/v2\/pages"}],"about":[{"href":"https:\/\/colon.gob.mx\/SMDIF\/wp-json\/wp\/v2\/types\/page"}],"author":[{"embeddable":true,"href":"https:\/\/colon.gob.mx\/SMDIF\/wp-json\/wp\/v2\/users\/1"}],"replies":[{"embeddable":true,"href":"https:\/\/colon.gob.mx\/SMDIF\/wp-json\/wp\/v2\/comments?post=407"}],"version-history":[{"count":108,"href":"https:\/\/colon.gob.mx\/SMDIF\/wp-json\/wp\/v2\/pages\/407\/revisions"}],"predecessor-version":[{"id":1254,"href":"https:\/\/colon.gob.mx\/SMDIF\/wp-json\/wp\/v2\/pages\/407\/revisions\/1254"}],"wp:attachment":[{"href":"https:\/\/colon.gob.mx\/SMDIF\/wp-json\/wp\/v2\/media?parent=407"}],"curies":[{"name":"wp","href":"https:\/\/api.w.org\/{rel}","templated":true}]}}