{"id":387,"date":"2022-09-29T19:18:39","date_gmt":"2022-09-29T19:18:39","guid":{"rendered":"https:\/\/colon.gob.mx\/SMDIF\/?page_id=387"},"modified":"2024-03-08T19:01:52","modified_gmt":"2024-03-08T19:01:52","slug":"deuda-publica","status":"publish","type":"page","link":"https:\/\/colon.gob.mx\/SMDIF\/deuda-publica\/","title":{"rendered":"Deuda P\u00fablica"},"content":{"rendered":"\t\t<div data-elementor-type=\"wp-page\" data-elementor-id=\"387\" class=\"elementor elementor-387\">\n\t\t\t\t\t\t<section class=\"elementor-section elementor-top-section elementor-element elementor-element-52fe905b elementor-section-boxed elementor-section-height-default elementor-section-height-default\" data-id=\"52fe905b\" data-element_type=\"section\" data-e-type=\"section\">\n\t\t\t\t\t\t<div class=\"elementor-container elementor-column-gap-default\">\n\t\t\t\t\t<div class=\"elementor-column elementor-col-100 elementor-top-column elementor-element elementor-element-3612076e\" data-id=\"3612076e\" data-element_type=\"column\" data-e-type=\"column\">\n\t\t\t<div class=\"elementor-widget-wrap elementor-element-populated\">\n\t\t\t\t\t\t<div class=\"elementor-element elementor-element-538a3ea9 elementor-widget elementor-widget-text-editor\" data-id=\"538a3ea9\" data-element_type=\"widget\" data-e-type=\"widget\" data-widget_type=\"text-editor.default\">\n\t\t\t\t<div class=\"elementor-widget-container\">\n\t\t\t\t\t\t\t\t\t\n<p><strong>2023<\/strong><\/p>\n\n\n\n<p><a href=\"https:\/\/www.colon.gob.mx\/dif\/include\/pdf\/informacionpublica\/XXI\/ESTADO ANALITICO DE LA DEUDA PUBLICA.pdf\" target=\"_blank\" rel=\"noreferrer noopener\" data-type=\"URL\" data-id=\"https:\/\/www.colon.gob.mx\/dif\/include\/pdf\/informacionpublica\/XXI\/Enejun2022.pdf\">ESTADO ANALITICO DE LA DEUDA PUBLICA<\/a><\/p>\n\n\n\n<p><strong>2022<\/strong><\/p>\n\n\n\n<p><a href=\"https:\/\/www.colon.gob.mx\/dif\/include\/pdf\/informacionpublica\/XXI\/Enejun2022.pdf\" target=\"_blank\" rel=\"noreferrer noopener\" data-type=\"URL\" data-id=\"https:\/\/www.colon.gob.mx\/dif\/include\/pdf\/informacionpublica\/XXI\/Enejun2022.pdf\">Informe anal\u00edtico de la deuda p\u00fablica y otros pasivos enero a junio 2022<\/a><\/p>\n\n\n\n<p><strong>2018<\/strong><\/p>\n\n\n\n<p><a href=\"https:\/\/www.colon.gob.mx\/dif\/include\/pdf\/informacionpublica\/XXI\/Deuda%20publica.pdf\" target=\"_blank\" rel=\"noreferrer noopener\" data-type=\"URL\" data-id=\"https:\/\/www.colon.gob.mx\/dif\/include\/pdf\/informacionpublica\/XXI\/Deuda%20publica.pdf\">Informe anal\u00edtico de la deuda p\u00fablica y otros pasivos enero a diciembre 2018<\/a><\/p>\n\t\t\t\t\t\t\t\t<\/div>\n\t\t\t\t<\/div>\n\t\t\t\t\t<\/div>\n\t\t<\/div>\n\t\t\t\t\t<\/div>\n\t\t<\/section>\n\t\t\t\t<\/div>\n\t\t","protected":false},"excerpt":{"rendered":"<p>2023 ESTADO ANALITICO DE LA DEUDA PUBLICA 2022 Informe anal\u00edtico de la deuda p\u00fablica y otros pasivos enero a junio 2022 2018 Informe anal\u00edtico de la deuda p\u00fablica y otros pasivos enero a diciembre 2018<\/p>\n","protected":false},"author":1,"featured_media":0,"parent":0,"menu_order":0,"comment_status":"closed","ping_status":"closed","template":"","meta":{"footnotes":""},"class_list":["post-387","page","type-page","status-publish","hentry"],"_links":{"self":[{"href":"https:\/\/colon.gob.mx\/SMDIF\/wp-json\/wp\/v2\/pages\/387","targetHints":{"allow":["GET"]}}],"collection":[{"href":"https:\/\/colon.gob.mx\/SMDIF\/wp-json\/wp\/v2\/pages"}],"about":[{"href":"https:\/\/colon.gob.mx\/SMDIF\/wp-json\/wp\/v2\/types\/page"}],"author":[{"embeddable":true,"href":"https:\/\/colon.gob.mx\/SMDIF\/wp-json\/wp\/v2\/users\/1"}],"replies":[{"embeddable":true,"href":"https:\/\/colon.gob.mx\/SMDIF\/wp-json\/wp\/v2\/comments?post=387"}],"version-history":[{"count":7,"href":"https:\/\/colon.gob.mx\/SMDIF\/wp-json\/wp\/v2\/pages\/387\/revisions"}],"predecessor-version":[{"id":733,"href":"https:\/\/colon.gob.mx\/SMDIF\/wp-json\/wp\/v2\/pages\/387\/revisions\/733"}],"wp:attachment":[{"href":"https:\/\/colon.gob.mx\/SMDIF\/wp-json\/wp\/v2\/media?parent=387"}],"curies":[{"name":"wp","href":"https:\/\/api.w.org\/{rel}","templated":true}]}}