{"id":338,"date":"2022-09-12T21:54:00","date_gmt":"2022-09-12T21:54:00","guid":{"rendered":"https:\/\/colon.gob.mx\/SMDIF\/?page_id=338"},"modified":"2026-03-31T21:22:47","modified_gmt":"2026-03-31T21:22:47","slug":"declaraciones-patrimoniales","status":"publish","type":"page","link":"https:\/\/colon.gob.mx\/SMDIF\/declaraciones-patrimoniales\/","title":{"rendered":"Declaraciones patrimoniales"},"content":{"rendered":"\t\t<div data-elementor-type=\"wp-page\" data-elementor-id=\"338\" class=\"elementor elementor-338\">\n\t\t\t\t\t\t<section class=\"elementor-section elementor-top-section elementor-element elementor-element-354f952 elementor-section-boxed elementor-section-height-default elementor-section-height-default\" data-id=\"354f952\" data-element_type=\"section\" data-e-type=\"section\">\n\t\t\t\t\t\t<div class=\"elementor-container elementor-column-gap-default\">\n\t\t\t\t\t<div class=\"elementor-column elementor-col-100 elementor-top-column elementor-element elementor-element-55d68ee\" data-id=\"55d68ee\" data-element_type=\"column\" data-e-type=\"column\">\n\t\t\t<div class=\"elementor-widget-wrap elementor-element-populated\">\n\t\t\t\t\t\t<div class=\"elementor-element elementor-element-528bddc elementor-widget elementor-widget-text-editor\" data-id=\"528bddc\" data-element_type=\"widget\" data-e-type=\"widget\" data-widget_type=\"text-editor.default\">\n\t\t\t\t<div class=\"elementor-widget-container\">\n\t\t\t\t\t\t\t\t\t<p>La informaci\u00f3n en Versi\u00f3n Publica de las declaraciones patrimoniales de los servidores p\u00fablicos que as\u00ed lo determinen, en los sistemas habilitados para ello.<\/p>\t\t\t\t\t\t\t\t<\/div>\n\t\t\t\t<\/div>\n\t\t\t\t<div class=\"elementor-element elementor-element-0df8eb3 elementor-widget elementor-widget-toggle\" data-id=\"0df8eb3\" data-element_type=\"widget\" data-e-type=\"widget\" data-widget_type=\"toggle.default\">\n\t\t\t\t<div class=\"elementor-widget-container\">\n\t\t\t\t\t\t\t<div class=\"elementor-toggle\">\n\t\t\t\t\t\t\t<div class=\"elementor-toggle-item\">\n\t\t\t\t\t<h3 id=\"elementor-tab-title-1461\" class=\"elementor-tab-title\" data-tab=\"1\" role=\"button\" aria-controls=\"elementor-tab-content-1461\" aria-expanded=\"false\">\n\t\t\t\t\t\t\t\t\t\t\t\t<span class=\"elementor-toggle-icon elementor-toggle-icon-left\" aria-hidden=\"true\">\n\t\t\t\t\t\t\t\t\t\t\t\t\t\t\t<span class=\"elementor-toggle-icon-closed\"><i class=\"fas fa-caret-right\"><\/i><\/span>\n\t\t\t\t\t\t\t\t<span class=\"elementor-toggle-icon-opened\"><i class=\"elementor-toggle-icon-opened fas fa-caret-up\"><\/i><\/span>\n\t\t\t\t\t\t\t\t\t\t\t\t\t<\/span>\n\t\t\t\t\t\t\t\t\t\t\t\t<a class=\"elementor-toggle-title\" tabindex=\"0\">2025<\/a>\n\t\t\t\t\t<\/h3>\n\n\t\t\t\t\t<div id=\"elementor-tab-content-1461\" class=\"elementor-tab-content elementor-clearfix\" data-tab=\"1\" role=\"region\" aria-labelledby=\"elementor-tab-title-1461\">\n<p><a href=\"https:\/\/www.colon.gob.mx\/dif\/include\/pdf\/informacionpublica\/XI\/2025\/FRACCI\u00d3N 11 DECLARACIONES PATRIMONIALES.pdf\" target=\"_blank\" rel=\"noreferrer noopener\">Primer trimestre<\/a><\/p>\n<\/div>\n\t\t\t\t<\/div>\n\t\t\t\t\t\t\t<div class=\"elementor-toggle-item\">\n\t\t\t\t\t<h3 id=\"elementor-tab-title-1462\" class=\"elementor-tab-title\" data-tab=\"2\" role=\"button\" aria-controls=\"elementor-tab-content-1462\" aria-expanded=\"false\">\n\t\t\t\t\t\t\t\t\t\t\t\t<span class=\"elementor-toggle-icon elementor-toggle-icon-left\" aria-hidden=\"true\">\n\t\t\t\t\t\t\t\t\t\t\t\t\t\t\t<span class=\"elementor-toggle-icon-closed\"><i class=\"fas fa-caret-right\"><\/i><\/span>\n\t\t\t\t\t\t\t\t<span class=\"elementor-toggle-icon-opened\"><i class=\"elementor-toggle-icon-opened fas fa-caret-up\"><\/i><\/span>\n\t\t\t\t\t\t\t\t\t\t\t\t\t<\/span>\n\t\t\t\t\t\t\t\t\t\t\t\t<a class=\"elementor-toggle-title\" tabindex=\"0\">2024<\/a>\n\t\t\t\t\t<\/h3>\n\n\t\t\t\t\t<div id=\"elementor-tab-content-1462\" class=\"elementor-tab-content elementor-clearfix\" data-tab=\"2\" role=\"region\" aria-labelledby=\"elementor-tab-title-1462\">\n<p><a href=\"https:\/\/www.colon.gob.mx\/dif\/include\/pdf\/informacionpublica\/XI\/2024\/LTAIPEQArt66FraccXI1erTrimestre 2024.xlsx\" target=\"_blank\" rel=\"noreferrer noopener\">Primer trimestre<\/a><\/p>\n<\/div>\n\t\t\t\t<\/div>\n\t\t\t\t\t\t\t<div class=\"elementor-toggle-item\">\n\t\t\t\t\t<h3 id=\"elementor-tab-title-1463\" class=\"elementor-tab-title\" data-tab=\"3\" role=\"button\" aria-controls=\"elementor-tab-content-1463\" aria-expanded=\"false\">\n\t\t\t\t\t\t\t\t\t\t\t\t<span class=\"elementor-toggle-icon elementor-toggle-icon-left\" aria-hidden=\"true\">\n\t\t\t\t\t\t\t\t\t\t\t\t\t\t\t<span class=\"elementor-toggle-icon-closed\"><i class=\"fas fa-caret-right\"><\/i><\/span>\n\t\t\t\t\t\t\t\t<span class=\"elementor-toggle-icon-opened\"><i class=\"elementor-toggle-icon-opened fas fa-caret-up\"><\/i><\/span>\n\t\t\t\t\t\t\t\t\t\t\t\t\t<\/span>\n\t\t\t\t\t\t\t\t\t\t\t\t<a class=\"elementor-toggle-title\" tabindex=\"0\">2023<\/a>\n\t\t\t\t\t<\/h3>\n\n\t\t\t\t\t<div id=\"elementor-tab-content-1463\" class=\"elementor-tab-content elementor-clearfix\" data-tab=\"3\" role=\"region\" aria-labelledby=\"elementor-tab-title-1463\">\n<p><a href=\"https:\/\/www.colon.gob.mx\/dif\/include\/pdf\/informacionpublica\/XI\/2023\/LTAIPEQArt66FraccXI4oTRIM2023.xlsx\" target=\"_blank\" rel=\"noreferrer noopener\">Cuarto trimestre<\/a><\/p>\n<p><a href=\"https:\/\/www.colon.gob.mx\/dif\/include\/pdf\/informacionpublica\/XI\/2023\/LTAIPEQArt66FraccXI3erTRIM2023.xlsx\" target=\"_blank\" rel=\"noreferrer noopener\">Tercer trimestre<\/a><\/p>\n<p><a href=\"https:\/\/www.colon.gob.mx\/dif\/include\/pdf\/informacionpublica\/XI\/2023\/LTAIPEQArt66FraccXI2otrimestre2023.xlsx\" target=\"_blank\" rel=\"noreferrer noopener\">Segundo trimestre<\/a><\/p>\n<p><a href=\"https:\/\/www.colon.gob.mx\/dif\/include\/pdf\/informacionpublica\/XI\/2023\/01-1ER-TRIMESTRE_2023.xlsx\" target=\"_blank\" rel=\"noreferrer noopener\">Primer trimestre<\/a><\/p>\n<\/div>\n\t\t\t\t<\/div>\n\t\t\t\t\t\t\t<div class=\"elementor-toggle-item\">\n\t\t\t\t\t<h3 id=\"elementor-tab-title-1464\" class=\"elementor-tab-title\" data-tab=\"4\" role=\"button\" aria-controls=\"elementor-tab-content-1464\" aria-expanded=\"false\">\n\t\t\t\t\t\t\t\t\t\t\t\t<span class=\"elementor-toggle-icon elementor-toggle-icon-left\" aria-hidden=\"true\">\n\t\t\t\t\t\t\t\t\t\t\t\t\t\t\t<span class=\"elementor-toggle-icon-closed\"><i class=\"fas fa-caret-right\"><\/i><\/span>\n\t\t\t\t\t\t\t\t<span class=\"elementor-toggle-icon-opened\"><i class=\"elementor-toggle-icon-opened fas fa-caret-up\"><\/i><\/span>\n\t\t\t\t\t\t\t\t\t\t\t\t\t<\/span>\n\t\t\t\t\t\t\t\t\t\t\t\t<a class=\"elementor-toggle-title\" tabindex=\"0\">2022<\/a>\n\t\t\t\t\t<\/h3>\n\n\t\t\t\t\t<div id=\"elementor-tab-content-1464\" class=\"elementor-tab-content elementor-clearfix\" data-tab=\"4\" role=\"region\" aria-labelledby=\"elementor-tab-title-1464\">\n<p><a href=\"https:\/\/www.colon.gob.mx\/dif\/include\/pdf\/informacionpublica\/XI\/2022\/LTAIPEQArt66FraccXI3ertrimestre2022.xlsx\" target=\"_blank\" rel=\"noreferrer noopener\">Tercer trimestre<\/a><\/p>\n\n<p><a href=\"https:\/\/www.colon.gob.mx\/dif\/include\/pdf\/informacionpublica\/XI\/2022\/LTAIPEQArt66FraccXI1ertrimestre2022.xlsx\" target=\"_blank\" rel=\"noreferrer noopener\">Segundo trimestre<\/a><\/p>\n\n<p><a href=\"https:\/\/www.colon.gob.mx\/dif\/include\/pdf\/informacionpublica\/XI\/2022\/LTAIPEQArt66FraccXI2otrimestre2022.xlsx\" target=\"_blank\" rel=\"noreferrer noopener\">Primer trimestre<\/a><\/p>\n<\/div>\n\t\t\t\t<\/div>\n\t\t\t\t\t\t\t<div class=\"elementor-toggle-item\">\n\t\t\t\t\t<h3 id=\"elementor-tab-title-1465\" class=\"elementor-tab-title\" data-tab=\"5\" role=\"button\" aria-controls=\"elementor-tab-content-1465\" aria-expanded=\"false\">\n\t\t\t\t\t\t\t\t\t\t\t\t<span class=\"elementor-toggle-icon elementor-toggle-icon-left\" aria-hidden=\"true\">\n\t\t\t\t\t\t\t\t\t\t\t\t\t\t\t<span class=\"elementor-toggle-icon-closed\"><i class=\"fas fa-caret-right\"><\/i><\/span>\n\t\t\t\t\t\t\t\t<span class=\"elementor-toggle-icon-opened\"><i class=\"elementor-toggle-icon-opened fas fa-caret-up\"><\/i><\/span>\n\t\t\t\t\t\t\t\t\t\t\t\t\t<\/span>\n\t\t\t\t\t\t\t\t\t\t\t\t<a class=\"elementor-toggle-title\" tabindex=\"0\">2021<\/a>\n\t\t\t\t\t<\/h3>\n\n\t\t\t\t\t<div id=\"elementor-tab-content-1465\" class=\"elementor-tab-content elementor-clearfix\" data-tab=\"5\" role=\"region\" aria-labelledby=\"elementor-tab-title-1465\">\n<p><a href=\"https:\/\/www.colon.gob.mx\/dif\/include\/pdf\/informacionpublica\/XI\/2022\/LTAIPEQArt66FraccXI4otrimestre2021.xlsx\" target=\"_blank\" rel=\"noreferrer noopener\">Cuarto trimestre<\/a><\/p>\n<\/div>\n\t\t\t\t<\/div>\n\t\t\t\t\t\t\t\t<\/div>\n\t\t\t\t\t\t<\/div>\n\t\t\t\t<\/div>\n\t\t\t\t\t<\/div>\n\t\t<\/div>\n\t\t\t\t\t<\/div>\n\t\t<\/section>\n\t\t\t\t<\/div>\n\t\t","protected":false},"excerpt":{"rendered":"<p>La informaci\u00f3n en Versi\u00f3n Publica de las declaraciones patrimoniales de los servidores p\u00fablicos que as\u00ed lo determinen, en los sistemas habilitados para ello. 2025 Primer trimestre 2024 Primer trimestre 2023 Cuarto trimestre Tercer trimestre Segundo trimestre Primer trimestre 2022 Tercer trimestre Segundo trimestre Primer trimestre 2021 Cuarto trimestre<\/p>\n","protected":false},"author":1,"featured_media":0,"parent":0,"menu_order":0,"comment_status":"closed","ping_status":"closed","template":"elementor_header_footer","meta":{"footnotes":""},"class_list":["post-338","page","type-page","status-publish","hentry"],"_links":{"self":[{"href":"https:\/\/colon.gob.mx\/SMDIF\/wp-json\/wp\/v2\/pages\/338","targetHints":{"allow":["GET"]}}],"collection":[{"href":"https:\/\/colon.gob.mx\/SMDIF\/wp-json\/wp\/v2\/pages"}],"about":[{"href":"https:\/\/colon.gob.mx\/SMDIF\/wp-json\/wp\/v2\/types\/page"}],"author":[{"embeddable":true,"href":"https:\/\/colon.gob.mx\/SMDIF\/wp-json\/wp\/v2\/users\/1"}],"replies":[{"embeddable":true,"href":"https:\/\/colon.gob.mx\/SMDIF\/wp-json\/wp\/v2\/comments?post=338"}],"version-history":[{"count":37,"href":"https:\/\/colon.gob.mx\/SMDIF\/wp-json\/wp\/v2\/pages\/338\/revisions"}],"predecessor-version":[{"id":1257,"href":"https:\/\/colon.gob.mx\/SMDIF\/wp-json\/wp\/v2\/pages\/338\/revisions\/1257"}],"wp:attachment":[{"href":"https:\/\/colon.gob.mx\/SMDIF\/wp-json\/wp\/v2\/media?parent=338"}],"curies":[{"name":"wp","href":"https:\/\/api.w.org\/{rel}","templated":true}]}}