{"id":1751,"date":"2025-12-01T16:49:30","date_gmt":"2025-12-01T16:49:30","guid":{"rendered":"https:\/\/colon.gob.mx\/IMM\/?page_id=1751"},"modified":"2025-12-01T16:56:24","modified_gmt":"2025-12-01T16:56:24","slug":"marco-normativo","status":"publish","type":"page","link":"https:\/\/colon.gob.mx\/IMM\/marco-normativo\/","title":{"rendered":"Marco Normativo"},"content":{"rendered":"\t\t<div data-elementor-type=\"wp-page\" data-elementor-id=\"1751\" class=\"elementor elementor-1751\">\n\t\t\t\t\t\t<section class=\"elementor-section elementor-top-section elementor-element elementor-element-e21a87f elementor-section-boxed elementor-section-height-default elementor-section-height-default\" data-id=\"e21a87f\" data-element_type=\"section\" data-e-type=\"section\">\n\t\t\t\t\t\t<div class=\"elementor-container elementor-column-gap-default\">\n\t\t\t\t\t<div class=\"elementor-column elementor-col-100 elementor-top-column elementor-element elementor-element-3261ab4\" data-id=\"3261ab4\" data-element_type=\"column\" data-e-type=\"column\">\n\t\t\t<div class=\"elementor-widget-wrap elementor-element-populated\">\n\t\t\t\t\t\t<div class=\"elementor-element elementor-element-448d8d5 elementor-widget elementor-widget-html\" data-id=\"448d8d5\" data-element_type=\"widget\" data-e-type=\"widget\" data-widget_type=\"html.default\">\n\t\t\t\t<div class=\"elementor-widget-container\">\n\t\t\t\t\t<!-- ==================== HEADER MARCO NORMATIVO - INSTITUTO MUNICIPAL DE LAS MUJERES ==================== -->\r\n<section class=\"imm-marco-intro\">\r\n  <div class=\"imm-marco-intro__inner\">\r\n    <!-- Icono institucional -->\r\n    <div class=\"imm-marco-intro__icon\">\r\n      <i class=\"fa-solid fa-scale-balanced imm-marco-icon\"><\/i>\r\n    <\/div>\r\n\r\n    <!-- T\u00edtulo principal -->\r\n    <h2 class=\"imm-marco-intro__title\">\r\n      Marco Normativo\r\n    <\/h2>\r\n\r\n    <!-- Subt\u00edtulo -->\r\n    <div class=\"imm-marco-intro__subtitle\">\r\n      <strong>Fundamento Legal del Instituto Municipal de las Mujeres de Col\u00f3n, Quer\u00e9taro<\/strong>\r\n    <\/div>\r\n\r\n    <!-- Descripci\u00f3n -->\r\n    <div class=\"imm-marco-intro__desc\">\r\n      <p>\r\n        El <strong>Instituto Municipal de las Mujeres (IMM)<\/strong> de Col\u00f3n, Quer\u00e9taro, opera bajo un s\u00f3lido <strong>marco normativo<\/strong> que garantiza su legitimidad, transparencia y alineaci\u00f3n con los principios de equidad de g\u00e9nero, derechos humanos y desarrollo integral de las mujeres.\r\n      <\/p>\r\n      <p>\r\n        Esta secci\u00f3n consolida la base legal que rige la creaci\u00f3n, organizaci\u00f3n, funciones y responsabilidades del IMM, integrando desde disposiciones constitucionales hasta normativas municipales espec\u00edficas que orientan su quehacer institucional en favor de las mujeres colonenses.\r\n      <\/p>\r\n    <\/div>\r\n\r\n    <!-- Nota informativa -->\r\n    <div class=\"imm-marco-intro__note\">\r\n      <i class=\"fa-solid fa-gavel\"><\/i>\r\n      <span>Consulta la normativa aplicable al Instituto Municipal de las Mujeres de Col\u00f3n, Quer\u00e9taro<\/span>\r\n    <\/div>\r\n  <\/div>\r\n<\/section>\r\n\r\n<style>\r\n  \/* ==================== HEADER MARCO NORMATIVO IMM ==================== *\/\r\n  .imm-marco-intro {\r\n    background: #fff;\r\n    border-left: 7px solid #2a6e8a;\r\n    padding: 2.5rem 2rem;\r\n    margin: 0rem;\r\n    border-radius: 0 .85rem .85rem .85rem;\r\n    box-shadow: 0 6px 20px rgba(42, 110, 138, 0.15);\r\n    max-width: 100%;\r\n  }\r\n\r\n  .imm-marco-intro__inner { \r\n    margin: 0 auto; \r\n    text-align: left; \r\n  }\r\n\r\n  .imm-marco-intro__icon {\r\n    text-align: center;\r\n    margin-bottom: 1.2rem;\r\n  }\r\n\r\n  .imm-marco-icon {\r\n    font-size: 3.4rem;\r\n    color: #2a6e8a;\r\n    opacity: 0.98;\r\n  }\r\n\r\n  .imm-marco-intro__title {\r\n    font-size: 2.4rem;\r\n    font-weight: 800;\r\n    color: #2a6e8a;\r\n    margin: 0 0 .6rem;\r\n    text-align: center;\r\n    position: relative;\r\n  }\r\n\r\n  .imm-marco-intro__title::after {\r\n    content: '';\r\n    display: block;\r\n    width: 90px;\r\n    height: 5px;\r\n    background: #f98628;\r\n    margin: .9rem auto 0;\r\n    border-radius: 3px;\r\n  }\r\n\r\n  .imm-marco-intro__subtitle {\r\n    text-align: center;\r\n    font-size: 1.35rem;\r\n    color: #2a6e8a;\r\n    margin-bottom: 1.8rem;\r\n    font-weight: 600;\r\n  }\r\n\r\n  .imm-marco-intro__desc {\r\n    font-size: 1.08rem;\r\n    line-height: 1.75;\r\n    color: #333;\r\n    margin-bottom: 1.5rem;\r\n  }\r\n\r\n  .imm-marco-intro__desc p { \r\n    margin: 0 0 1.1rem; \r\n  }\r\n\r\n  .imm-marco-intro__desc strong { \r\n    color: #2a6e8a; \r\n    font-weight: 700; \r\n  }\r\n\r\n  .imm-marco-intro__desc em { \r\n    font-style: italic; \r\n    color: #e01692; \r\n  }\r\n\r\n  .imm-marco-intro__note {\r\n    display: flex;\r\n    align-items: center;\r\n    gap: .9rem;\r\n    background: rgba(249, 134, 40, 0.12);\r\n    padding: 1rem 1.4rem;\r\n    border-radius: .6rem;\r\n    font-size: 1rem;\r\n    color: #f98628;\r\n    border: 1.5px solid #f98628;\r\n    font-weight: 600;\r\n  }\r\n\r\n  .imm-marco-intro__note i {\r\n    font-size: 1.3rem;\r\n    color: #2a6e8a;\r\n  }\r\n\r\n  \/* ==================== RESPONSIVE ==================== *\/\r\n  @media (max-width: 768px) {\r\n    .imm-marco-intro { \r\n      padding: 2rem 1.5rem; \r\n      margin: 0 0 2.5rem; \r\n    }\r\n    .imm-marco-intro__title { \r\n      font-size: 2.1rem; \r\n    }\r\n    .imm-marco-icon { \r\n      font-size: 2.8rem; \r\n    }\r\n    .imm-marco-intro__subtitle { \r\n      font-size: 1.2rem; \r\n    }\r\n  }\r\n\r\n  @media (max-width: 480px) {\r\n    .imm-marco-intro { \r\n      padding: 1.8rem 1.2rem; \r\n    }\r\n    .imm-marco-intro__title { \r\n      font-size: 1.9rem; \r\n    }\r\n    .imm-marco-intro__note {\r\n      flex-direction: column;\r\n      text-align: center;\r\n      font-size: .95rem;\r\n      padding: .9rem;\r\n    }\r\n  }\r\n<\/style>\t\t\t\t<\/div>\n\t\t\t\t<\/div>\n\t\t\t\t<div class=\"elementor-element elementor-element-7feca85 elementor-widget elementor-widget-html\" data-id=\"7feca85\" data-element_type=\"widget\" data-e-type=\"widget\" data-widget_type=\"html.default\">\n\t\t\t\t<div class=\"elementor-widget-container\">\n\t\t\t\t\t<div class=\"imm-iframe-container\">\r\n  <div class=\"imm-iframe-wrapper\">\r\n    <iframe \r\n      src=\"https:\/\/colon.gob.mx\/imm\/Normatividad.php\" \r\n      title=\"Normatividad del Instituto Municipal de las Mujeres\"\r\n      class=\"imm-normatividad-iframe\">\r\n    <\/iframe>\r\n  <\/div>\r\n<\/div>\r\n\r\n<style>\r\n  .imm-iframe-container {\r\n    margin: 2rem 0;\r\n    border-radius: .85rem;\r\n    overflow: hidden;\r\n    box-shadow: 0 8px 25px rgba(0, 0, 0, 0.1);\r\n  }\r\n  \r\n  .imm-iframe-wrapper {\r\n    width: 100%;\r\n    height: 900px;\r\n    background: #f5f7fa;\r\n  }\r\n  \r\n  .imm-normatividad-iframe {\r\n    width: 100%;\r\n    height: 100%;\r\n    border: none;\r\n    display: block;\r\n  }\r\n  \r\n  @media (max-width: 992px) {\r\n    .imm-iframe-wrapper {\r\n      height: 700px;\r\n    }\r\n  }\r\n  \r\n  @media (max-width: 768px) {\r\n    .imm-iframe-wrapper {\r\n      height: 600px;\r\n    }\r\n  }\r\n  \r\n  @media (max-width: 576px) {\r\n    .imm-iframe-wrapper {\r\n      height: 500px;\r\n    }\r\n  }\r\n<\/style>\t\t\t\t<\/div>\n\t\t\t\t<\/div>\n\t\t\t\t\t<\/div>\n\t\t<\/div>\n\t\t\t\t\t<\/div>\n\t\t<\/section>\n\t\t\t\t<\/div>\n\t\t","protected":false},"excerpt":{"rendered":"<p>Marco Normativo Fundamento Legal del Instituto Municipal de las Mujeres de Col\u00f3n, Quer\u00e9taro El Instituto Municipal de las Mujeres (IMM) de Col\u00f3n, Quer\u00e9taro, opera bajo un s\u00f3lido marco normativo que garantiza su legitimidad, transparencia y alineaci\u00f3n con los principios de equidad de g\u00e9nero, derechos humanos y desarrollo integral de las<span class=\"more-link\"><a href=\"https:\/\/colon.gob.mx\/IMM\/marco-normativo\/\">Read More &rarr;<\/a><\/span><\/p>\n","protected":false},"author":1,"featured_media":0,"parent":0,"menu_order":0,"comment_status":"closed","ping_status":"closed","template":"","meta":{"footnotes":""},"class_list":["entry","author-rootimm","post-1751","page","type-page","status-publish"],"_links":{"self":[{"href":"https:\/\/colon.gob.mx\/IMM\/wp-json\/wp\/v2\/pages\/1751","targetHints":{"allow":["GET"]}}],"collection":[{"href":"https:\/\/colon.gob.mx\/IMM\/wp-json\/wp\/v2\/pages"}],"about":[{"href":"https:\/\/colon.gob.mx\/IMM\/wp-json\/wp\/v2\/types\/page"}],"author":[{"embeddable":true,"href":"https:\/\/colon.gob.mx\/IMM\/wp-json\/wp\/v2\/users\/1"}],"replies":[{"embeddable":true,"href":"https:\/\/colon.gob.mx\/IMM\/wp-json\/wp\/v2\/comments?post=1751"}],"version-history":[{"count":4,"href":"https:\/\/colon.gob.mx\/IMM\/wp-json\/wp\/v2\/pages\/1751\/revisions"}],"predecessor-version":[{"id":1756,"href":"https:\/\/colon.gob.mx\/IMM\/wp-json\/wp\/v2\/pages\/1751\/revisions\/1756"}],"wp:attachment":[{"href":"https:\/\/colon.gob.mx\/IMM\/wp-json\/wp\/v2\/media?parent=1751"}],"curies":[{"name":"wp","href":"https:\/\/api.w.org\/{rel}","templated":true}]}}