{"id":1403,"date":"2025-08-02T19:45:49","date_gmt":"2025-08-02T19:45:49","guid":{"rendered":"https:\/\/colon.gob.mx\/IMM\/?page_id=1403"},"modified":"2025-11-03T22:39:00","modified_gmt":"2025-11-03T22:39:00","slug":"aviso-de-privacidad","status":"publish","type":"page","link":"https:\/\/colon.gob.mx\/IMM\/aviso-de-privacidad\/","title":{"rendered":"Aviso de Privacidad"},"content":{"rendered":"\t\t<div data-elementor-type=\"wp-page\" data-elementor-id=\"1403\" class=\"elementor elementor-1403\">\n\t\t\t\t\t\t<section class=\"elementor-section elementor-top-section elementor-element elementor-element-f010882 elementor-section-boxed elementor-section-height-default elementor-section-height-default\" data-id=\"f010882\" data-element_type=\"section\" data-e-type=\"section\">\n\t\t\t\t\t\t<div class=\"elementor-container elementor-column-gap-default\">\n\t\t\t\t\t<div class=\"elementor-column elementor-col-100 elementor-top-column elementor-element elementor-element-14c8637\" data-id=\"14c8637\" data-element_type=\"column\" data-e-type=\"column\">\n\t\t\t<div class=\"elementor-widget-wrap elementor-element-populated\">\n\t\t\t\t\t\t<div class=\"elementor-element elementor-element-1ac4b9a elementor-widget elementor-widget-html\" data-id=\"1ac4b9a\" data-element_type=\"widget\" data-e-type=\"widget\" data-widget_type=\"html.default\">\n\t\t\t\t<div class=\"elementor-widget-container\">\n\t\t\t\t\t<style>\r\n:root{--primary:#470a69;--secondary:#ff7f40;--support:#42ae94;--bg:#ffffff;--text:#111111;--muted:#5b5b5b;--radius:10px;}\r\n.privacy-container{margin:0;background:linear-gradient(180deg,rgba(71,10,105,0.03),rgba(66,174,148,0.02));border:1px solid rgba(71,10,105,0.08);border-radius:var(--radius);padding:10px;box-shadow:0 6px 20px rgba(71,10,105,0.05);font-family:Inter,\"Helvetica Neue\",Arial,sans-serif;color:var(--text);}\r\n.privacy-header{display:flex;gap:12px;align-items:center;margin-bottom:12px;}\r\n.privacy-logo{width:56px;height:56px;min-width:56px;border-radius:8px;background:linear-gradient(135deg,var(--primary),var(--secondary));display:flex;align-items:center;justify-content:center;color:#fff;font-weight:700;font-size:18px;box-shadow:0 4px 12px rgba(71,10,105,0.12);}\r\n.privacy-title{font-size:26px;line-height:1.1;color:var(--primary);text-transform:uppercase;letter-spacing:0.4px;margin:0;}\r\n.privacy-sub{font-size:18px;color:var(--muted);margin:2px 0 0 0;}\r\n.privacy-content{margin-top:14px;background:#fff;border-radius:8px;padding:16px;border:1px solid rgba(71,10,105,0.04);}\r\n.privacy-intro{margin-bottom:20px;padding:16px;background:linear-gradient(135deg,rgba(71,10,105,0.02),rgba(66,174,148,0.01));border-radius:8px;border-left:4px solid var(--support);}\r\n.privacy-intro h3{margin:0 0 8px 0;color:var(--primary);font-size:18px;}\r\n.privacy-intro p{margin:0;font-size:14px;line-height:1.5;color:var(--text);}\r\n.privacy-table{width:100%;border-collapse:collapse;margin-top:16px;}\r\n.privacy-table th{background:linear-gradient(135deg,var(--primary),#5a1a85);color:#fff;font-weight:600;font-size:12px;padding:12px 8px;text-align:left;}\r\n.privacy-table td{padding:12px 8px;border-bottom:1px solid rgba(71,10,105,0.08);font-size:13px;}\r\n.privacy-table tbody tr:nth-child(even){background:rgba(71,10,105,0.02);}\r\n.privacy-table tbody tr:hover{background:rgba(66,174,148,0.05);}\r\n.table-num{width:40px;text-align:center;font-weight:600;color:var(--primary);}\r\n.table-title{padding-left:12px;}\r\n.table-download{width:80px;text-align:center;}\r\n.download-link{color:var(--support);text-decoration:none;font-size:16px;transition:color 0.3s ease;display:inline-flex;align-items:center;justify-content:center;width:36px;height:36px;border-radius:6px;background:rgba(66,174,148,0.1);}\r\n.download-link:hover{color:var(--primary);background:rgba(71,10,105,0.1);}\r\n.privacy-footer{margin-top:20px;padding:12px;background:rgba(71,10,105,0.02);border-radius:6px;font-size:12px;color:var(--muted);text-align:center;}\r\n@media (max-width:640px){.privacy-header{gap:10px;}.privacy-logo{width:48px;height:48px;min-width:48px;font-size:16px;}.privacy-title{font-size:20px;}.privacy-sub{font-size:16px;}.privacy-table td{padding:10px 6px;font-size:12px;}}\r\n<\/style>\r\n\r\n<div class=\"privacy-container\">\r\n    <div class=\"privacy-header\">\r\n        <div class=\"privacy-logo\">\ud83d\udd12<\/div>\r\n        <div>\r\n            <h1 class=\"privacy-title\">Avisos de Privacidad<\/h1>\r\n            <p class=\"privacy-sub\">Protecci\u00f3n y manejo responsable de datos personales<\/p>\r\n        <\/div>\r\n    <\/div>\r\n    <div class=\"privacy-content\">\r\n        <div class=\"privacy-intro\">\r\n            <h3>\u00bfPor qu\u00e9 son importantes estos documentos?<\/h3>\r\n            <p>Los avisos de privacidad son documentos fundamentales que garantizan la protecci\u00f3n de tus datos personales. Establecen c\u00f3mo recabamos, utilizamos y protegemos tu informaci\u00f3n, asegurando el cumplimiento de la Ley Federal de Protecci\u00f3n de Datos Personales en Posesi\u00f3n de los Particulares.<\/p>\r\n        <\/div>\r\n        <table class=\"privacy-table\">\r\n            <thead>\r\n                <tr>\r\n                    <th class=\"table-num\">#<\/th>\r\n                    <th class=\"table-title\">DOCUMENTO<\/th>\r\n                    <th class=\"table-download\">PDF<\/th>\r\n                <\/tr>\r\n            <\/thead>\r\n            <tbody>\r\n                <tr>\r\n                    <td class=\"table-num\"><\/td>\r\n                    <td class=\"table-title\">\r\n                        <strong>AVISO DE PRIVACIDAD SIM - Coordinaci\u00f3n Administrativa Contable<\/strong><br>\r\n                        <small style=\"color:var(--muted);\">Tratamiento de datos personales para fines administrativos, contables y fiscales.<\/small>\r\n                    <\/td>\r\n                    <td class=\"table-download\">\r\n                        <a href=\"https:\/\/colon.gob.mx\/imm\/AVISO-PRIV\/AVISO DE PRIVACIDAD SIM - Coordinaci\u00f3n Administrativa Contable.pdf\" target=\"_blank\" class=\"download-link\">\r\n                            <i class=\"fa-solid fa-file-pdf\"><\/i>\r\n                        <\/a>\r\n                    <\/td>\r\n                <\/tr>\r\n                <tr>\r\n                    <td class=\"table-num\"><\/td>\r\n                    <td class=\"table-title\">\r\n                        <strong>AVISO DE PRIVACIDAD SIM - Coordinaci\u00f3n de la Defensa de la Mujer<\/strong><br>\r\n                        <small style=\"color:var(--muted);\">Uso y protecci\u00f3n de su informaci\u00f3n con perspectiva de g\u00e9nero para garantizar su seguridad y derechos.<\/small>\r\n                    <\/td>\r\n                    <td class=\"table-download\">\r\n                        <a href=\"https:\/\/colon.gob.mx\/imm\/AVISO-PRIV\/AVISO DE PRIVACIDAD SIM - Coordinaci\u00f3n de la Defensa de la Mujer.pdf\" target=\"_blank\" class=\"download-link\">\r\n                            <i class=\"fa-solid fa-file-pdf\"><\/i>\r\n                        <\/a>\r\n                    <\/td>\r\n                <\/tr>\r\n                <tr>\r\n                    <td class=\"table-num\"><\/td>\r\n                    <td class=\"table-title\">\r\n                        <strong>AVISO DE PRIVACIDAD INT - Coordinaci\u00f3n de la Defensa de la Mujer<\/strong><br>\r\n                        <small style=\"color:var(--muted);\">Archivo INTEGRAL - Uso y protecci\u00f3n de su informaci\u00f3n con perspectiva de g\u00e9nero para garantizar su seguridad y derechos.<\/small>\r\n                    <\/td>\r\n                    <td class=\"table-download\">\r\n                        <a href=\"https:\/\/colon.gob.mx\/imm\/AVISO-PRIV\/AVISO DE PRIVACIDAD INT - Coordinaci\u00f3n de la Defensa de la Mujer.pdf\" target=\"_blank\" class=\"download-link\">\r\n                            <i class=\"fa-solid fa-file-pdf\"><\/i>\r\n                        <\/a>\r\n                    <\/td>\r\n                <\/tr>\r\n                <tr>\r\n                    <td class=\"table-num\"><\/td>\r\n                    <td class=\"table-title\">\r\n                        <strong>AVISO DE PRIVACIDAD SIM - Coordinaci\u00f3n Psicolog\u00eda<\/strong><br>\r\n                        <small style=\"color:var(--muted);\">Uso, protecci\u00f3n y confidencialidad de su informaci\u00f3n personal y de salud mental.<\/small>\r\n                    <\/td>\r\n                    <td class=\"table-download\">\r\n                        <a href=\"https:\/\/colon.gob.mx\/imm\/AVISO-PRIV\/AVISO DE PRIVACIDAD SIM - Coordinaci\u00f3n Psicolog\u00eda.pdf\" target=\"_blank\" class=\"download-link\">\r\n                            <i class=\"fa-solid fa-file-pdf\"><\/i>\r\n                        <\/a>\r\n                    <\/td>\r\n                <\/tr>\r\n                <tr>\r\n                    <td class=\"table-num\"><\/td>\r\n                    <td class=\"table-title\">\r\n                        <strong>AVISO DE PRIVACIDAD INT - Coordinaci\u00f3n psicolog\u00edca<\/strong><br>\r\n                        <small style=\"color:var(--muted);\">Archivo INTEGRAL - Uso, protecci\u00f3n y confidencialidad de su informaci\u00f3n personal y de salud mental.<\/small>\r\n                    <\/td>\r\n                    <td class=\"table-download\">\r\n                        <a href=\"https:\/\/colon.gob.mx\/imm\/AVISO-PRIV\/AVISO DE PRIVACIDAD INT - Coordinaci\u00f3n psicolog\u00edca.pdf\" target=\"_blank\" class=\"download-link\">\r\n                            <i class=\"fa-solid fa-file-pdf\"><\/i>\r\n                        <\/a>\r\n                    <\/td>\r\n                <\/tr>\r\n                <tr>\r\n                    <td class=\"table-num\"><\/td>\r\n                    <td class=\"table-title\">\r\n                        <strong>AVISO DE PRIVACIDAD SIM - Unidad de Transparencia<\/strong><br>\r\n                        <small style=\"color:var(--muted);\">Sus derechos y nuestra responsabilidad en el tratamiento de sus datos.<\/small>\r\n                    <\/td>\r\n                    <td class=\"table-download\">\r\n                        <a href=\"https:\/\/colon.gob.mx\/imm\/AVISO-PRIV\/AVISO DE PRIVACIDAD SIM - Unidad de Transparencia.pdf\" target=\"_blank\" class=\"download-link\">\r\n                            <i class=\"fa-solid fa-file-pdf\"><\/i>\r\n                        <\/a>\r\n                    <\/td>\r\n                <\/tr>\r\n                <tr>\r\n                    <td class=\"table-num\"><\/td>\r\n                    <td class=\"table-title\">\r\n                        <strong>FORMATO DE MANIFESTACI\u00d3N NEGATIVA PARA EL TRATAMIENTO DE DATOS PERSONALES IMMC<\/strong><br>\r\n                        <small style=\"color:var(--muted);\">Documento completo que detalla el tratamiento de datos personales<\/small>\r\n                    <\/td>\r\n                    <td class=\"table-download\">\r\n                        <a href=\"https:\/\/colon.gob.mx\/imm\/AVISO-PRIV\/FORMATO DE MANIFESTACI\u00d3N NEGATIVA PARA EL TRATAMIENTO DE DATOS PERSONALES IMMC.pdf\" target=\"_blank\" class=\"download-link\">\r\n                            <i class=\"fa-solid fa-file-pdf\"><\/i>\r\n                        <\/a>\r\n                    <\/td>\r\n                <\/tr>\r\n            <\/tbody>\r\n        <\/table>\r\n        <div class=\"privacy-footer\">\r\n            <p>Para mayor informaci\u00f3n sobre el tratamiento de sus datos personales, puede contactarnos a trav\u00e9s de los medios oficiales.<\/p>\r\n        <\/div>\r\n    <\/div>\r\n<\/div>\r\n\r\n<script>\r\n    function numerarFilas(){\r\n        const celdasNumero=document.querySelectorAll('.privacy-table tbody .table-num');\r\n        celdasNumero.forEach((celda,index)=>{\r\n            celda.textContent=index+1;\r\n        });\r\n    }\r\n    document.addEventListener('DOMContentLoaded',numerarFilas);\r\n    document.querySelectorAll('.download-link').forEach(link=>{\r\n        link.addEventListener('click',function(e){\r\n            this.style.transform='scale(0.9)';\r\n            setTimeout(()=>{\r\n                this.style.transform='scale(1)';\r\n            },150);\r\n        });\r\n    });\r\n<\/script>\t\t\t\t<\/div>\n\t\t\t\t<\/div>\n\t\t\t\t\t<\/div>\n\t\t<\/div>\n\t\t\t\t\t<\/div>\n\t\t<\/section>\n\t\t\t\t<\/div>\n\t\t","protected":false},"excerpt":{"rendered":"<p>\ud83d\udd12 Avisos de Privacidad Protecci\u00f3n y manejo responsable de datos personales \u00bfPor qu\u00e9 son importantes estos documentos? Los avisos de privacidad son documentos fundamentales que garantizan la protecci\u00f3n de tus datos personales. Establecen c\u00f3mo recabamos, utilizamos y protegemos tu informaci\u00f3n, asegurando el cumplimiento de la Ley Federal de Protecci\u00f3n de<span class=\"more-link\"><a href=\"https:\/\/colon.gob.mx\/IMM\/aviso-de-privacidad\/\">Read More &rarr;<\/a><\/span><\/p>\n","protected":false},"author":1,"featured_media":0,"parent":0,"menu_order":0,"comment_status":"closed","ping_status":"closed","template":"","meta":{"footnotes":""},"class_list":["entry","author-rootimm","post-1403","page","type-page","status-publish"],"_links":{"self":[{"href":"https:\/\/colon.gob.mx\/IMM\/wp-json\/wp\/v2\/pages\/1403","targetHints":{"allow":["GET"]}}],"collection":[{"href":"https:\/\/colon.gob.mx\/IMM\/wp-json\/wp\/v2\/pages"}],"about":[{"href":"https:\/\/colon.gob.mx\/IMM\/wp-json\/wp\/v2\/types\/page"}],"author":[{"embeddable":true,"href":"https:\/\/colon.gob.mx\/IMM\/wp-json\/wp\/v2\/users\/1"}],"replies":[{"embeddable":true,"href":"https:\/\/colon.gob.mx\/IMM\/wp-json\/wp\/v2\/comments?post=1403"}],"version-history":[{"count":29,"href":"https:\/\/colon.gob.mx\/IMM\/wp-json\/wp\/v2\/pages\/1403\/revisions"}],"predecessor-version":[{"id":1722,"href":"https:\/\/colon.gob.mx\/IMM\/wp-json\/wp\/v2\/pages\/1403\/revisions\/1722"}],"wp:attachment":[{"href":"https:\/\/colon.gob.mx\/IMM\/wp-json\/wp\/v2\/media?parent=1403"}],"curies":[{"name":"wp","href":"https:\/\/api.w.org\/{rel}","templated":true}]}}